{"id":5276,"date":"2023-08-24T10:01:01","date_gmt":"2023-08-24T09:01:01","guid":{"rendered":"https:\/\/tc-consulting-rh.com\/chasseur-de-tete\/"},"modified":"2024-04-25T08:43:34","modified_gmt":"2024-04-25T07:43:34","slug":"headhunting-e-executive-search","status":"publish","type":"page","link":"https:\/\/tc-consulting-rh.com\/it\/headhunting-e-executive-search\/","title":{"rendered":"HEADHUNTING E EXECUTIVE SEARCH"},"content":{"rendered":"\t\t<div data-elementor-type=\"wp-page\" data-elementor-id=\"5276\" class=\"elementor elementor-5276 elementor-4021\">\n\t\t\t\t\t\t\t\t\t<section class=\"elementor-section elementor-top-section elementor-element elementor-element-4d8b8e9b elementor-section-boxed elementor-section-height-default elementor-section-height-default\" data-id=\"4d8b8e9b\" data-element_type=\"section\" data-settings=\"{&quot;background_background&quot;:&quot;classic&quot;}\">\n\t\t\t\t\t\t<div class=\"elementor-container elementor-column-gap-default\">\n\t\t\t\t\t<div class=\"elementor-column elementor-col-100 elementor-top-column elementor-element elementor-element-7b7f0b29\" data-id=\"7b7f0b29\" data-element_type=\"column\">\n\t\t\t<div class=\"elementor-widget-wrap elementor-element-populated\">\n\t\t\t\t\t\t\t\t<div class=\"elementor-element elementor-element-66ecbaf4 elementor-widget elementor-widget-heading\" data-id=\"66ecbaf4\" data-element_type=\"widget\" data-widget_type=\"heading.default\">\n\t\t\t\t<div class=\"elementor-widget-container\">\n\t\t\t<style>\/*! elementor - v3.6.6 - 08-06-2022 *\/\n.elementor-heading-title{padding:0;margin:0;line-height:1}.elementor-widget-heading .elementor-heading-title[class*=elementor-size-]>a{color:inherit;font-size:inherit;line-height:inherit}.elementor-widget-heading .elementor-heading-title.elementor-size-small{font-size:15px}.elementor-widget-heading .elementor-heading-title.elementor-size-medium{font-size:19px}.elementor-widget-heading .elementor-heading-title.elementor-size-large{font-size:29px}.elementor-widget-heading .elementor-heading-title.elementor-size-xl{font-size:39px}.elementor-widget-heading .elementor-heading-title.elementor-size-xxl{font-size:59px}<\/style><h1 class=\"elementor-heading-title elementor-size-default\">EXECUTIVE SEARCH E HEAD HUNTING INTERNAZIONALE: UN APPROCCIO MIRATO E PRECISO<\/h1>\t\t<\/div>\n\t\t\t\t<\/div>\n\t\t\t\t\t<\/div>\n\t\t<\/div>\n\t\t\t\t\t\t\t<\/div>\n\t\t<\/section>\n\t\t\t\t<section class=\"elementor-section elementor-top-section elementor-element elementor-element-286d9ff elementor-section-boxed elementor-section-height-default elementor-section-height-default\" data-id=\"286d9ff\" data-element_type=\"section\">\n\t\t\t\t\t\t<div class=\"elementor-container elementor-column-gap-default\">\n\t\t\t\t\t<div class=\"elementor-column elementor-col-100 elementor-top-column elementor-element elementor-element-188cbef2\" data-id=\"188cbef2\" data-element_type=\"column\">\n\t\t\t<div class=\"elementor-widget-wrap elementor-element-populated\">\n\t\t\t\t\t\t\t\t<div class=\"elementor-element elementor-element-3078bbf3 elementor-widget elementor-widget-heading\" data-id=\"3078bbf3\" data-element_type=\"widget\" data-widget_type=\"heading.default\">\n\t\t\t\t<div class=\"elementor-widget-container\">\n\t\t\t<h2 class=\"elementor-heading-title elementor-size-default\">Cos\u2019\u00e8 l\u2019approccio diretto o headhunting?<\/h2>\t\t<\/div>\n\t\t\t\t<\/div>\n\t\t\t\t<div class=\"elementor-element elementor-element-2bed5a38 elementor-widget elementor-widget-text-editor\" data-id=\"2bed5a38\" data-element_type=\"widget\" data-widget_type=\"text-editor.default\">\n\t\t\t\t<div class=\"elementor-widget-container\">\n\t\t\t<style>\/*! elementor - v3.6.6 - 08-06-2022 *\/\n.elementor-widget-text-editor.elementor-drop-cap-view-stacked .elementor-drop-cap{background-color:#818a91;color:#fff}.elementor-widget-text-editor.elementor-drop-cap-view-framed .elementor-drop-cap{color:#818a91;border:3px solid;background-color:transparent}.elementor-widget-text-editor:not(.elementor-drop-cap-view-default) .elementor-drop-cap{margin-top:8px}.elementor-widget-text-editor:not(.elementor-drop-cap-view-default) .elementor-drop-cap-letter{width:1em;height:1em}.elementor-widget-text-editor .elementor-drop-cap{float:left;text-align:center;line-height:1;font-size:50px}.elementor-widget-text-editor .elementor-drop-cap-letter{display:inline-block}<\/style>\t\t\t\t<p>L\u2019\u201cheadhunting\u201d \u00e8 anche chiamato \u201cCaccia di talenti\u201d. Consiste nel contattare talenti che non sembrano attivamente alla ricerca ma che potrebbero essere aperti al mercato. Gli strumenti principali di questo approccio sono soprattutto i social network internazionali, come LinkedIn, ai quali \u00e8 possibile associare anche le diverse librerie e database di CV disponibili nei paesi interessati. Quest&#8217;approccio diretto \u00e8 spesso associato alla pubblicazione di annunci, tranne nel caso in cui l&#8217;azienda voglia mantenere riservata la propria assunzione per ragioni strategiche.<\/p>\t\t\t\t\t\t<\/div>\n\t\t\t\t<\/div>\n\t\t\t\t<div class=\"elementor-element elementor-element-af4fb38 elementor-widget elementor-widget-heading\" data-id=\"af4fb38\" data-element_type=\"widget\" data-widget_type=\"heading.default\">\n\t\t\t\t<div class=\"elementor-widget-container\">\n\t\t\t<h2 class=\"elementor-heading-title elementor-size-default\">Che valore aggiunto porta un \u201ccacciatore di talenti\u201d?\n\n<\/h2>\t\t<\/div>\n\t\t\t\t<\/div>\n\t\t\t\t<div class=\"elementor-element elementor-element-33b4d90 elementor-widget elementor-widget-text-editor\" data-id=\"33b4d90\" data-element_type=\"widget\" data-widget_type=\"text-editor.default\">\n\t\t\t\t<div class=\"elementor-widget-container\">\n\t\t\t\t\t\t\t<p>Un \u201cHead Hunter\u201d internazionale \u00e8 un esperto nel recuitment che ha una rete di candidati, monitorati pi\u00f9 o meno attivamente, ma anche una rete di professionisti su cui pu\u00f2 contare. Pu\u00f2 quindi attivare la sua rete in base alle tue esigenze.<\/p><p>In una struttura come TC CONSULTING il Consulente non \u00e8 solo e lavora con un team di assistenti in grado di avvicinare anche i talenti.<\/p><p>Il consulente dedica il suo tempo a questo processo, che certamente richiede molto tempo ma che pu\u00f2 anche ottimizzare perch\u00e9 la sua organizzazione \u00e8 dedicata a questo compito.nell\u00a0<\/p>\t\t\t\t\t\t<\/div>\n\t\t\t\t<\/div>\n\t\t\t\t<div class=\"elementor-element elementor-element-82c8fc6 elementor-widget elementor-widget-heading\" data-id=\"82c8fc6\" data-element_type=\"widget\" data-widget_type=\"heading.default\">\n\t\t\t\t<div class=\"elementor-widget-container\">\n\t\t\t<h2 class=\"elementor-heading-title elementor-size-default\">Come funziona un \u201ccacciatore di talenti\u201d?<\/h2>\t\t<\/div>\n\t\t\t\t<\/div>\n\t\t\t\t<div class=\"elementor-element elementor-element-1d84b03 elementor-widget elementor-widget-text-editor\" data-id=\"1d84b03\" data-element_type=\"widget\" data-widget_type=\"text-editor.default\">\n\t\t\t\t<div class=\"elementor-widget-container\">\n\t\t\t\t\t\t\t<p>Per riuscire in una missione di approccio diretto, i recruiters di TC CONSULTING seguono un approccio molto organizzato e identico per tutte le assunzioni:<\/p>\t\t\t\t\t\t<\/div>\n\t\t\t\t<\/div>\n\t\t\t\t\t<\/div>\n\t\t<\/div>\n\t\t\t\t\t\t\t<\/div>\n\t\t<\/section>\n\t\t\t\t<section class=\"elementor-section elementor-top-section elementor-element elementor-element-9501dca elementor-section-boxed elementor-section-height-default elementor-section-height-default\" data-id=\"9501dca\" data-element_type=\"section\">\n\t\t\t\t\t\t<div class=\"elementor-container elementor-column-gap-wide\">\n\t\t\t\t\t<div class=\"elementor-column elementor-col-50 elementor-top-column elementor-element elementor-element-620e6650\" data-id=\"620e6650\" data-element_type=\"column\">\n\t\t\t<div class=\"elementor-widget-wrap elementor-element-populated\">\n\t\t\t\t\t\t\t\t<div class=\"elementor-element elementor-element-7673a2ac elementor-widget elementor-widget-heading\" data-id=\"7673a2ac\" data-element_type=\"widget\" data-widget_type=\"heading.default\">\n\t\t\t\t<div class=\"elementor-widget-container\">\n\t\t\t<h3 class=\"elementor-heading-title elementor-size-default\">La definizione precisa del posto da ricoprire<\/h3>\t\t<\/div>\n\t\t\t\t<\/div>\n\t\t\t\t<div class=\"elementor-element elementor-element-4780f46e elementor-widget elementor-widget-text-editor\" data-id=\"4780f46e\" data-element_type=\"widget\" data-widget_type=\"text-editor.default\">\n\t\t\t\t<div class=\"elementor-widget-container\">\n\t\t\t\t\t\t\t<p><strong>\u201cNon c&#8217;\u00e8 vento favorevole per chi non sa dove va\u201d Seneca<\/strong><\/p><p>Un processo di recruitment si basa su una chiara definizione della posizione e delle aspettative dell&#8217;azienda, in particolare in termini di competenze e personalit\u00e0.<\/p><p>Un Consulente non pu\u00f2 quindi iniziare una missione di executive search senza conoscere con precisione l&#8217;azienda e le sue aspettative. Sono quindi essenziali un colloquio approfondito con il cliente all\u2019inizio della missione e discussioni continue.<\/p>\t\t\t\t\t\t<\/div>\n\t\t\t\t<\/div>\n\t\t\t\t\t<\/div>\n\t\t<\/div>\n\t\t\t\t<div class=\"elementor-column elementor-col-50 elementor-top-column elementor-element elementor-element-5c0b4055\" data-id=\"5c0b4055\" data-element_type=\"column\">\n\t\t\t<div class=\"elementor-widget-wrap elementor-element-populated\">\n\t\t\t\t\t\t\t\t<div class=\"elementor-element elementor-element-1306644 elementor-widget elementor-widget-heading\" data-id=\"1306644\" data-element_type=\"widget\" data-widget_type=\"heading.default\">\n\t\t\t\t<div class=\"elementor-widget-container\">\n\t\t\t<h3 class=\"elementor-heading-title elementor-size-default\">Interviste ai candidati<\/h3>\t\t<\/div>\n\t\t\t\t<\/div>\n\t\t\t\t<div class=\"elementor-element elementor-element-7fe1f445 elementor-widget elementor-widget-text-editor\" data-id=\"7fe1f445\" data-element_type=\"widget\" data-widget_type=\"text-editor.default\">\n\t\t\t\t<div class=\"elementor-widget-container\">\n\t\t\t\t\t\t\t<p>Una volta completato il processo di \u201cheadhunting\u201d e preselezionati i profili, il candidato entra poi nel classico processo di recruitment.<\/p><p>Partecipa quindi ad uno o pi\u00f9 colloqui con il Recruiter ed effettua le varie prove previste nel processo.<\/p><p>Solo una volta validato questo passaggio si passer\u00e0 allo step successivo con il cliente.<\/p><p><strong>\u00a0<\/strong><\/p>\t\t\t\t\t\t<\/div>\n\t\t\t\t<\/div>\n\t\t\t\t\t<\/div>\n\t\t<\/div>\n\t\t\t\t\t\t\t<\/div>\n\t\t<\/section>\n\t\t\t\t<section class=\"elementor-section elementor-top-section elementor-element elementor-element-96bcdf7 elementor-section-boxed elementor-section-height-default elementor-section-height-default\" data-id=\"96bcdf7\" data-element_type=\"section\">\n\t\t\t\t\t\t<div class=\"elementor-container elementor-column-gap-wide\">\n\t\t\t\t\t<div class=\"elementor-column elementor-col-50 elementor-top-column elementor-element elementor-element-02e56d3\" data-id=\"02e56d3\" data-element_type=\"column\">\n\t\t\t<div class=\"elementor-widget-wrap elementor-element-populated\">\n\t\t\t\t\t\t\t\t<div class=\"elementor-element elementor-element-a097306 elementor-widget elementor-widget-heading\" data-id=\"a097306\" data-element_type=\"widget\" data-widget_type=\"heading.default\">\n\t\t\t\t<div class=\"elementor-widget-container\">\n\t\t\t<h3 class=\"elementor-heading-title elementor-size-default\">\u201cCaccia di talenti\u201d<\/h3>\t\t<\/div>\n\t\t\t\t<\/div>\n\t\t\t\t<div class=\"elementor-element elementor-element-404f1e37 elementor-widget elementor-widget-text-editor\" data-id=\"404f1e37\" data-element_type=\"widget\" data-widget_type=\"text-editor.default\">\n\t\t\t\t<div class=\"elementor-widget-container\">\n\t\t\t\t\t\t\t<p>Cacciare significa cercare talenti che corrispondano alle specifiche stabilite con il cliente, ma avvicinandosi a chi ufficialmente non cerca.<\/p><p>Si tratta di un approccio che pu\u00f2 essere attuato sia attraverso la rete professionale dell&#8217;azienda, sia attraverso una banca dati interna. Lo strumento principale restano i social network professionali come LinkedIn o vari database per paese (biblioteche CV).<\/p><p>Si tratta di un processo digitalizzato tramite parole chiave che permette di individuare i profili, contattarli e avviare una discussione sull&#8217;opportunit\u00e0 o meno, a seconda del loro interesse.<\/p><p>\u00a0<\/p>\t\t\t\t\t\t<\/div>\n\t\t\t\t<\/div>\n\t\t\t\t\t<\/div>\n\t\t<\/div>\n\t\t\t\t<div class=\"elementor-column elementor-col-50 elementor-top-column elementor-element elementor-element-b2982c4\" data-id=\"b2982c4\" data-element_type=\"column\">\n\t\t\t<div class=\"elementor-widget-wrap elementor-element-populated\">\n\t\t\t\t\t\t\t\t<div class=\"elementor-element elementor-element-46fc89a1 elementor-widget elementor-widget-heading\" data-id=\"46fc89a1\" data-element_type=\"widget\" data-widget_type=\"heading.default\">\n\t\t\t\t<div class=\"elementor-widget-container\">\n\t\t\t<h3 class=\"elementor-heading-title elementor-size-default\">Sourcing e offerte di lavoro<\/h3>\t\t<\/div>\n\t\t\t\t<\/div>\n\t\t\t\t<div class=\"elementor-element elementor-element-653f18ac elementor-widget elementor-widget-text-editor\" data-id=\"653f18ac\" data-element_type=\"widget\" data-widget_type=\"text-editor.default\">\n\t\t\t\t<div class=\"elementor-widget-container\">\n\t\t\t\t\t\t\t<p>A meno che l&#8217;azienda non richieda la massima riservatezza riguardo al processo di reclutamento, il processo di ricerca \u00e8 sempre completato dalla pubblicazione delle offerte di lavoro su diversi media.<\/p><p>Le piattaforme digitali utilizzate vengono scelte in base al loro pubblico nel paese interessato.<\/p><p>Il loro scopo sar\u00e0 quello di promuovere la posizione e inserirla nell&#8217;elenco dei candidati che presentano domanda. Questi ultimi presentano un approccio diverso e complementare.<\/p>\t\t\t\t\t\t<\/div>\n\t\t\t\t<\/div>\n\t\t\t\t\t<\/div>\n\t\t<\/div>\n\t\t\t\t\t\t\t<\/div>\n\t\t<\/section>\n\t\t\t\t<section class=\"elementor-section elementor-top-section elementor-element elementor-element-fb289a5 elementor-section-boxed elementor-section-height-default elementor-section-height-default\" data-id=\"fb289a5\" data-element_type=\"section\">\n\t\t\t\t\t\t<div class=\"elementor-container elementor-column-gap-default\">\n\t\t\t\t\t<div class=\"elementor-column elementor-col-100 elementor-top-column elementor-element elementor-element-1996a47\" data-id=\"1996a47\" data-element_type=\"column\">\n\t\t\t<div class=\"elementor-widget-wrap elementor-element-populated\">\n\t\t\t\t\t\t\t\t<div class=\"elementor-element elementor-element-6d1faa8 elementor-widget elementor-widget-heading\" data-id=\"6d1faa8\" data-element_type=\"widget\" data-widget_type=\"heading.default\">\n\t\t\t\t<div class=\"elementor-widget-container\">\n\t\t\t<h3 class=\"elementor-heading-title elementor-size-default\">L'accompagnamento finale<\/h3>\t\t<\/div>\n\t\t\t\t<\/div>\n\t\t\t\t<div class=\"elementor-element elementor-element-b9f017f elementor-widget elementor-widget-text-editor\" data-id=\"b9f017f\" data-element_type=\"widget\" data-widget_type=\"text-editor.default\">\n\t\t\t\t<div class=\"elementor-widget-container\">\n\t\t\t\t\t\t\t<p>Al termine del processo, il cliente ricever\u00e0 il file di ciascun candidato (CV, riepilogo del colloquio e test report) prima di iniziare i colloqui da noi organizzati presso la sua sede.<\/p><p>In questa fase il consulente rimane a supporto e accompagna il cliente nella scelta finale del candidato.<\/p>\t\t\t\t\t\t<\/div>\n\t\t\t\t<\/div>\n\t\t\t\t\t<\/div>\n\t\t<\/div>\n\t\t\t\t\t\t\t<\/div>\n\t\t<\/section>\n\t\t\t\t<section class=\"elementor-section elementor-top-section elementor-element elementor-element-1fb46a8c elementor-section-boxed elementor-section-height-default elementor-section-height-default\" data-id=\"1fb46a8c\" data-element_type=\"section\">\n\t\t\t\t\t\t<div class=\"elementor-container elementor-column-gap-default\">\n\t\t\t\t\t<div class=\"elementor-column elementor-col-100 elementor-top-column elementor-element elementor-element-65c4e628\" data-id=\"65c4e628\" data-element_type=\"column\">\n\t\t\t<div class=\"elementor-widget-wrap elementor-element-populated\">\n\t\t\t\t\t\t\t\t<div class=\"elementor-element elementor-element-2d97f377 elementor-widget elementor-widget-heading\" data-id=\"2d97f377\" data-element_type=\"widget\" data-widget_type=\"heading.default\">\n\t\t\t\t<div class=\"elementor-widget-container\">\n\t\t\t<h2 class=\"elementor-heading-title elementor-size-default\">L'approccio diretto, una professione, una competenza!<\/h2>\t\t<\/div>\n\t\t\t\t<\/div>\n\t\t\t\t<div class=\"elementor-element elementor-element-3637bafe elementor-widget elementor-widget-text-editor\" data-id=\"3637bafe\" data-element_type=\"widget\" data-widget_type=\"text-editor.default\">\n\t\t\t\t<div class=\"elementor-widget-container\">\n\t\t\t\t\t\t\t<p>Ci\u00f2 che ti offriamo in TC CONSULTING \u00e8 una struttura organizzata per la caccia di talenti e il recruitment in genere. Il nostro processo si basa su un rapporto di fiducia con l\u2019azienda e il candidato, sempre in un\u2019ottica di pragmatismo ed efficienza.<\/p>\n<p><strong>&nbsp;<\/strong><\/p>\n<p><strong>Per trovare il profilo che corrisponde alle tue esigenze, contattaci!<\/strong><\/p>\t\t\t\t\t\t<\/div>\n\t\t\t\t<\/div>\n\t\t\t\t\t<\/div>\n\t\t<\/div>\n\t\t\t\t\t\t\t<\/div>\n\t\t<\/section>\n\t\t\t\t\t\t\t<\/div>\n\t\t","protected":false},"excerpt":{"rendered":"<p>EXECUTIVE SEARCH E HEAD HUNTING INTERNAZIONALE: UN APPROCCIO MIRATO E PRECISO Cos\u2019\u00e8 l\u2019approccio diretto o headhunting? L\u2019\u201cheadhunting\u201d \u00e8 anche chiamato \u201cCaccia di talenti\u201d. Consiste nel contattare talenti che non sembrano attivamente alla ricerca ma che potrebbero essere aperti al mercato. Gli strumenti principali di questo approccio sono soprattutto i social network internazionali, come LinkedIn, ai [&hellip;]<\/p>\n","protected":false},"author":1,"featured_media":0,"parent":0,"menu_order":0,"comment_status":"closed","ping_status":"closed","template":"elementor_header_footer","meta":[],"yoast_head":"<!-- This site is optimized with the Yoast SEO plugin v19.5.1 - https:\/\/yoast.com\/wordpress\/plugins\/seo\/ -->\n<title>Chasseur de tete: du recrutement de pr\u00e9cision - TC Consulting<\/title>\n<meta name=\"description\" content=\"Il termine chasseur de tete, \u00e7a vous parle? Scopri in che modo questo professionista del reclutamento pu\u00f2 aiutarti nella tua ricerca.\" \/>\n<meta name=\"robots\" content=\"index, follow, max-snippet:-1, max-image-preview:large, max-video-preview:-1\" \/>\n<link rel=\"canonical\" href=\"https:\/\/tc-consulting-rh.com\/it\/headhunting-e-executive-search\/\" \/>\n<meta property=\"og:locale\" content=\"it_IT\" \/>\n<meta property=\"og:type\" content=\"article\" \/>\n<meta property=\"og:title\" content=\"Chasseur de tete: du recrutement de pr\u00e9cision - TC Consulting\" \/>\n<meta property=\"og:description\" content=\"Il termine chasseur de tete, \u00e7a vous parle? Scopri in che modo questo professionista del reclutamento pu\u00f2 aiutarti nella tua ricerca.\" \/>\n<meta property=\"og:url\" content=\"https:\/\/tc-consulting-rh.com\/it\/headhunting-e-executive-search\/\" \/>\n<meta property=\"og:site_name\" content=\"TC Consulting\" \/>\n<meta property=\"article:modified_time\" content=\"2024-04-25T07:43:34+00:00\" \/>\n<meta name=\"twitter:card\" content=\"summary_large_image\" \/>\n<meta name=\"twitter:label1\" content=\"Tempo di lettura stimato\" \/>\n\t<meta name=\"twitter:data1\" content=\"4 minuti\" \/>\n<script type=\"application\/ld+json\" class=\"yoast-schema-graph\">{\"@context\":\"https:\/\/schema.org\",\"@graph\":[{\"@type\":\"WebPage\",\"@id\":\"https:\/\/tc-consulting-rh.com\/it\/headhunting-e-executive-search\/\",\"url\":\"https:\/\/tc-consulting-rh.com\/it\/headhunting-e-executive-search\/\",\"name\":\"Chasseur de tete: du recrutement de pr\u00e9cision - TC Consulting\",\"isPartOf\":{\"@id\":\"https:\/\/tc-consulting-rh.com\/it\/#website\"},\"datePublished\":\"2023-08-24T09:01:01+00:00\",\"dateModified\":\"2024-04-25T07:43:34+00:00\",\"description\":\"Il termine chasseur de tete, \u00e7a vous parle? Scopri in che modo questo professionista del reclutamento pu\u00f2 aiutarti nella tua ricerca.\",\"breadcrumb\":{\"@id\":\"https:\/\/tc-consulting-rh.com\/it\/headhunting-e-executive-search\/#breadcrumb\"},\"inLanguage\":\"it-IT\",\"potentialAction\":[{\"@type\":\"ReadAction\",\"target\":[\"https:\/\/tc-consulting-rh.com\/it\/headhunting-e-executive-search\/\"]}]},{\"@type\":\"BreadcrumbList\",\"@id\":\"https:\/\/tc-consulting-rh.com\/it\/headhunting-e-executive-search\/#breadcrumb\",\"itemListElement\":[{\"@type\":\"ListItem\",\"position\":1,\"name\":\"Accueil\",\"item\":\"https:\/\/tc-consulting-rh.com\/it\/\"},{\"@type\":\"ListItem\",\"position\":2,\"name\":\"HEADHUNTING E EXECUTIVE SEARCH\"}]},{\"@type\":\"WebSite\",\"@id\":\"https:\/\/tc-consulting-rh.com\/it\/#website\",\"url\":\"https:\/\/tc-consulting-rh.com\/it\/\",\"name\":\"TC Consulting\",\"description\":\"Cabinet de recrutement en Vend\u00e9e\",\"potentialAction\":[{\"@type\":\"SearchAction\",\"target\":{\"@type\":\"EntryPoint\",\"urlTemplate\":\"https:\/\/tc-consulting-rh.com\/it\/?s={search_term_string}\"},\"query-input\":\"required name=search_term_string\"}],\"inLanguage\":\"it-IT\"}]}<\/script>\n<!-- \/ Yoast SEO plugin. -->","yoast_head_json":{"title":"Chasseur de tete: du recrutement de pr\u00e9cision - TC Consulting","description":"Il termine chasseur de tete, \u00e7a vous parle? Scopri in che modo questo professionista del reclutamento pu\u00f2 aiutarti nella tua ricerca.","robots":{"index":"index","follow":"follow","max-snippet":"max-snippet:-1","max-image-preview":"max-image-preview:large","max-video-preview":"max-video-preview:-1"},"canonical":"https:\/\/tc-consulting-rh.com\/it\/headhunting-e-executive-search\/","og_locale":"it_IT","og_type":"article","og_title":"Chasseur de tete: du recrutement de pr\u00e9cision - TC Consulting","og_description":"Il termine chasseur de tete, \u00e7a vous parle? Scopri in che modo questo professionista del reclutamento pu\u00f2 aiutarti nella tua ricerca.","og_url":"https:\/\/tc-consulting-rh.com\/it\/headhunting-e-executive-search\/","og_site_name":"TC Consulting","article_modified_time":"2024-04-25T07:43:34+00:00","twitter_card":"summary_large_image","twitter_misc":{"Tempo di lettura stimato":"4 minuti"},"schema":{"@context":"https:\/\/schema.org","@graph":[{"@type":"WebPage","@id":"https:\/\/tc-consulting-rh.com\/it\/headhunting-e-executive-search\/","url":"https:\/\/tc-consulting-rh.com\/it\/headhunting-e-executive-search\/","name":"Chasseur de tete: du recrutement de pr\u00e9cision - TC Consulting","isPartOf":{"@id":"https:\/\/tc-consulting-rh.com\/it\/#website"},"datePublished":"2023-08-24T09:01:01+00:00","dateModified":"2024-04-25T07:43:34+00:00","description":"Il termine chasseur de tete, \u00e7a vous parle? Scopri in che modo questo professionista del reclutamento pu\u00f2 aiutarti nella tua ricerca.","breadcrumb":{"@id":"https:\/\/tc-consulting-rh.com\/it\/headhunting-e-executive-search\/#breadcrumb"},"inLanguage":"it-IT","potentialAction":[{"@type":"ReadAction","target":["https:\/\/tc-consulting-rh.com\/it\/headhunting-e-executive-search\/"]}]},{"@type":"BreadcrumbList","@id":"https:\/\/tc-consulting-rh.com\/it\/headhunting-e-executive-search\/#breadcrumb","itemListElement":[{"@type":"ListItem","position":1,"name":"Accueil","item":"https:\/\/tc-consulting-rh.com\/it\/"},{"@type":"ListItem","position":2,"name":"HEADHUNTING E EXECUTIVE SEARCH"}]},{"@type":"WebSite","@id":"https:\/\/tc-consulting-rh.com\/it\/#website","url":"https:\/\/tc-consulting-rh.com\/it\/","name":"TC Consulting","description":"Cabinet de recrutement en Vend\u00e9e","potentialAction":[{"@type":"SearchAction","target":{"@type":"EntryPoint","urlTemplate":"https:\/\/tc-consulting-rh.com\/it\/?s={search_term_string}"},"query-input":"required name=search_term_string"}],"inLanguage":"it-IT"}]}},"_links":{"self":[{"href":"https:\/\/tc-consulting-rh.com\/it\/wp-json\/wp\/v2\/pages\/5276"}],"collection":[{"href":"https:\/\/tc-consulting-rh.com\/it\/wp-json\/wp\/v2\/pages"}],"about":[{"href":"https:\/\/tc-consulting-rh.com\/it\/wp-json\/wp\/v2\/types\/page"}],"author":[{"embeddable":true,"href":"https:\/\/tc-consulting-rh.com\/it\/wp-json\/wp\/v2\/users\/1"}],"replies":[{"embeddable":true,"href":"https:\/\/tc-consulting-rh.com\/it\/wp-json\/wp\/v2\/comments?post=5276"}],"version-history":[{"count":15,"href":"https:\/\/tc-consulting-rh.com\/it\/wp-json\/wp\/v2\/pages\/5276\/revisions"}],"predecessor-version":[{"id":7642,"href":"https:\/\/tc-consulting-rh.com\/it\/wp-json\/wp\/v2\/pages\/5276\/revisions\/7642"}],"wp:attachment":[{"href":"https:\/\/tc-consulting-rh.com\/it\/wp-json\/wp\/v2\/media?parent=5276"}],"curies":[{"name":"wp","href":"https:\/\/api.w.org\/{rel}","templated":true}]}}