{"id":5213,"date":"2022-07-22T07:49:42","date_gmt":"2022-07-22T06:49:42","guid":{"rendered":"https:\/\/tc-consulting-rh.com\/menzioni-generali\/"},"modified":"2024-04-25T08:42:55","modified_gmt":"2024-04-25T07:42:55","slug":"avviso-legale","status":"publish","type":"page","link":"https:\/\/tc-consulting-rh.com\/it\/avviso-legale\/","title":{"rendered":"Avviso Legale"},"content":{"rendered":"\n<p>Responsabile editoriale<\/p>\n\n\n\n<p>Sig. Thierry Charrier \u2013 t.charrier@tc-consulting-rh.fr<\/p>\n\n\n\n<p>Sviluppo, grafica, SEO<\/p>\n\n\n\n<p>Le coin du digital \u2013 188 rue Nationale 49300 Cholet \u2013 <a href=\"mailto:contact@lecoindudigital.fr\">contact@lecoindudigital.fr<\/a><\/p>\n\n\n\n<p>Si informano i candidati che la procedura di reclutamento utilizzata da TC Consulting prevede: un colloquio telefonico, seguito da un colloquio individuale in sede o in videoconferenza, integrato da test (personalit\u00e0, burotica, linguistica), verifica dei dati di base e con l&#8217;autorizzazione di al candidato una verifica della validit\u00e0 delle date.<\/p>\n\n\n\n<p>Gli esiti del test vengono generalmente forniti e discussi con il candidato, altrimenti verranno forniti su richiesta.<\/p>\n\n\n\n<p>La informiamo che i dati sono informatizzati e trattati in modo confidenziale. Vengono inoltre conservati per un periodo massimo di 36 mesi dall&#8217;ultimo contatto.<\/p>\n\n\n\n<p>Solo le persone autorizzate dall&#8217;azienda possono accedere ai vostri dati per scopi strettamente interni. La societ\u00e0 pu\u00f2 comunicare le informazioni del candidato a qualsiasi societ\u00e0 cliente dopo aver ottenuto il consenso di detto candidato.<\/p>\n\n\n\n<p>Potrai previa semplice richiesta accedere alle informazioni che ti riguardano, modificarle o cancellarle, per fare ci\u00f2 \u00e8 sufficiente inviarci la tua richiesta tramite email a:<\/p>\n\n\n\n<p><a href=\"mailto:contact@tc-consulting-rh.fr\">contact@tc-consulting-rh.fr<\/a><\/p>\n\n\n\n<p>Thierry Charrier Consulting SAS \u2013 27 rue d\u2019Ardelay 85500 Les Herbiers \u2013 Francia<\/p>\n\n\n\n<p>+33 252 651 011<\/p>\n\n\n\n<p>Societ\u00e0 SAS con capitale di 30.000 \u20ac \u2013 Iscritta al RCS de la Roche sur Yon &#8211; Francia<\/p>\n\n\n\n<p>SIRET: 830 218 137 00016<\/p>\n","protected":false},"excerpt":{"rendered":"<p>Responsabile editoriale Sig. Thierry Charrier \u2013 t.charrier@tc-consulting-rh.fr Sviluppo, grafica, SEO Le coin du digital \u2013 188 rue Nationale 49300 Cholet \u2013 contact@lecoindudigital.fr Si informano i candidati che la procedura di reclutamento utilizzata da TC Consulting prevede: un colloquio telefonico, seguito da un colloquio individuale in sede o in videoconferenza, integrato da test (personalit\u00e0, burotica, linguistica), [&hellip;]<\/p>\n","protected":false},"author":1,"featured_media":0,"parent":0,"menu_order":0,"comment_status":"closed","ping_status":"closed","template":"","meta":[],"yoast_head":"<!-- This site is optimized with the Yoast SEO plugin v19.5.1 - https:\/\/yoast.com\/wordpress\/plugins\/seo\/ -->\n<title>Avviso Legale - TC Consulting<\/title>\n<meta name=\"robots\" content=\"index, follow, max-snippet:-1, max-image-preview:large, max-video-preview:-1\" \/>\n<link rel=\"canonical\" href=\"https:\/\/tc-consulting-rh.com\/it\/avviso-legale\/\" \/>\n<meta property=\"og:locale\" content=\"it_IT\" \/>\n<meta property=\"og:type\" content=\"article\" \/>\n<meta property=\"og:title\" content=\"Avviso Legale - TC Consulting\" \/>\n<meta property=\"og:description\" content=\"Responsabile editoriale Sig. Thierry Charrier \u2013 t.charrier@tc-consulting-rh.fr Sviluppo, grafica, SEO Le coin du digital \u2013 188 rue Nationale 49300 Cholet \u2013 contact@lecoindudigital.fr Si informano i candidati che la procedura di reclutamento utilizzata da TC Consulting prevede: un colloquio telefonico, seguito da un colloquio individuale in sede o in videoconferenza, integrato da test (personalit\u00e0, burotica, linguistica), [&hellip;]\" \/>\n<meta property=\"og:url\" content=\"https:\/\/tc-consulting-rh.com\/it\/avviso-legale\/\" \/>\n<meta property=\"og:site_name\" content=\"TC Consulting\" \/>\n<meta property=\"article:modified_time\" content=\"2024-04-25T07:42:55+00:00\" \/>\n<meta name=\"twitter:card\" content=\"summary_large_image\" \/>\n<meta name=\"twitter:label1\" content=\"Tempo di lettura stimato\" \/>\n\t<meta name=\"twitter:data1\" content=\"1 minuto\" \/>\n<script type=\"application\/ld+json\" class=\"yoast-schema-graph\">{\"@context\":\"https:\/\/schema.org\",\"@graph\":[{\"@type\":\"WebPage\",\"@id\":\"https:\/\/tc-consulting-rh.com\/it\/avviso-legale\/\",\"url\":\"https:\/\/tc-consulting-rh.com\/it\/avviso-legale\/\",\"name\":\"Avviso Legale - TC Consulting\",\"isPartOf\":{\"@id\":\"https:\/\/tc-consulting-rh.com\/it\/#website\"},\"datePublished\":\"2022-07-22T06:49:42+00:00\",\"dateModified\":\"2024-04-25T07:42:55+00:00\",\"breadcrumb\":{\"@id\":\"https:\/\/tc-consulting-rh.com\/it\/avviso-legale\/#breadcrumb\"},\"inLanguage\":\"it-IT\",\"potentialAction\":[{\"@type\":\"ReadAction\",\"target\":[\"https:\/\/tc-consulting-rh.com\/it\/avviso-legale\/\"]}]},{\"@type\":\"BreadcrumbList\",\"@id\":\"https:\/\/tc-consulting-rh.com\/it\/avviso-legale\/#breadcrumb\",\"itemListElement\":[{\"@type\":\"ListItem\",\"position\":1,\"name\":\"Accueil\",\"item\":\"https:\/\/tc-consulting-rh.com\/it\/\"},{\"@type\":\"ListItem\",\"position\":2,\"name\":\"Avviso Legale\"}]},{\"@type\":\"WebSite\",\"@id\":\"https:\/\/tc-consulting-rh.com\/it\/#website\",\"url\":\"https:\/\/tc-consulting-rh.com\/it\/\",\"name\":\"TC Consulting\",\"description\":\"Cabinet de recrutement en Vend\u00e9e\",\"potentialAction\":[{\"@type\":\"SearchAction\",\"target\":{\"@type\":\"EntryPoint\",\"urlTemplate\":\"https:\/\/tc-consulting-rh.com\/it\/?s={search_term_string}\"},\"query-input\":\"required name=search_term_string\"}],\"inLanguage\":\"it-IT\"}]}<\/script>\n<!-- \/ Yoast SEO plugin. -->","yoast_head_json":{"title":"Avviso Legale - TC Consulting","robots":{"index":"index","follow":"follow","max-snippet":"max-snippet:-1","max-image-preview":"max-image-preview:large","max-video-preview":"max-video-preview:-1"},"canonical":"https:\/\/tc-consulting-rh.com\/it\/avviso-legale\/","og_locale":"it_IT","og_type":"article","og_title":"Avviso Legale - TC Consulting","og_description":"Responsabile editoriale Sig. Thierry Charrier \u2013 t.charrier@tc-consulting-rh.fr Sviluppo, grafica, SEO Le coin du digital \u2013 188 rue Nationale 49300 Cholet \u2013 contact@lecoindudigital.fr Si informano i candidati che la procedura di reclutamento utilizzata da TC Consulting prevede: un colloquio telefonico, seguito da un colloquio individuale in sede o in videoconferenza, integrato da test (personalit\u00e0, burotica, linguistica), [&hellip;]","og_url":"https:\/\/tc-consulting-rh.com\/it\/avviso-legale\/","og_site_name":"TC Consulting","article_modified_time":"2024-04-25T07:42:55+00:00","twitter_card":"summary_large_image","twitter_misc":{"Tempo di lettura stimato":"1 minuto"},"schema":{"@context":"https:\/\/schema.org","@graph":[{"@type":"WebPage","@id":"https:\/\/tc-consulting-rh.com\/it\/avviso-legale\/","url":"https:\/\/tc-consulting-rh.com\/it\/avviso-legale\/","name":"Avviso Legale - TC Consulting","isPartOf":{"@id":"https:\/\/tc-consulting-rh.com\/it\/#website"},"datePublished":"2022-07-22T06:49:42+00:00","dateModified":"2024-04-25T07:42:55+00:00","breadcrumb":{"@id":"https:\/\/tc-consulting-rh.com\/it\/avviso-legale\/#breadcrumb"},"inLanguage":"it-IT","potentialAction":[{"@type":"ReadAction","target":["https:\/\/tc-consulting-rh.com\/it\/avviso-legale\/"]}]},{"@type":"BreadcrumbList","@id":"https:\/\/tc-consulting-rh.com\/it\/avviso-legale\/#breadcrumb","itemListElement":[{"@type":"ListItem","position":1,"name":"Accueil","item":"https:\/\/tc-consulting-rh.com\/it\/"},{"@type":"ListItem","position":2,"name":"Avviso Legale"}]},{"@type":"WebSite","@id":"https:\/\/tc-consulting-rh.com\/it\/#website","url":"https:\/\/tc-consulting-rh.com\/it\/","name":"TC Consulting","description":"Cabinet de recrutement en Vend\u00e9e","potentialAction":[{"@type":"SearchAction","target":{"@type":"EntryPoint","urlTemplate":"https:\/\/tc-consulting-rh.com\/it\/?s={search_term_string}"},"query-input":"required name=search_term_string"}],"inLanguage":"it-IT"}]}},"_links":{"self":[{"href":"https:\/\/tc-consulting-rh.com\/it\/wp-json\/wp\/v2\/pages\/5213"}],"collection":[{"href":"https:\/\/tc-consulting-rh.com\/it\/wp-json\/wp\/v2\/pages"}],"about":[{"href":"https:\/\/tc-consulting-rh.com\/it\/wp-json\/wp\/v2\/types\/page"}],"author":[{"embeddable":true,"href":"https:\/\/tc-consulting-rh.com\/it\/wp-json\/wp\/v2\/users\/1"}],"replies":[{"embeddable":true,"href":"https:\/\/tc-consulting-rh.com\/it\/wp-json\/wp\/v2\/comments?post=5213"}],"version-history":[{"count":3,"href":"https:\/\/tc-consulting-rh.com\/it\/wp-json\/wp\/v2\/pages\/5213\/revisions"}],"predecessor-version":[{"id":7229,"href":"https:\/\/tc-consulting-rh.com\/it\/wp-json\/wp\/v2\/pages\/5213\/revisions\/7229"}],"wp:attachment":[{"href":"https:\/\/tc-consulting-rh.com\/it\/wp-json\/wp\/v2\/media?parent=5213"}],"curies":[{"name":"wp","href":"https:\/\/api.w.org\/{rel}","templated":true}]}}