{"id":5199,"date":"2022-07-08T09:53:50","date_gmt":"2022-07-08T08:53:50","guid":{"rendered":"https:\/\/tc-consulting-rh.com\/reclutamento-internazionale\/"},"modified":"2024-04-25T10:25:33","modified_gmt":"2024-04-25T09:25:33","slug":"recruitment-internazionale","status":"publish","type":"page","link":"https:\/\/tc-consulting-rh.com\/it\/recruitment-internazionale\/","title":{"rendered":"RECRUITMENT INTERNAZIONALE"},"content":{"rendered":"\t\t<div data-elementor-type=\"wp-page\" data-elementor-id=\"5199\" class=\"elementor elementor-5199 elementor-288\">\n\t\t\t\t\t\t\t\t\t<section class=\"elementor-section elementor-top-section elementor-element elementor-element-3346753c elementor-section-boxed elementor-section-height-default elementor-section-height-default\" data-id=\"3346753c\" data-element_type=\"section\" data-settings=\"{&quot;background_background&quot;:&quot;classic&quot;}\">\n\t\t\t\t\t\t<div class=\"elementor-container elementor-column-gap-default\">\n\t\t\t\t\t<div class=\"elementor-column elementor-col-100 elementor-top-column elementor-element elementor-element-2fb2f93f\" data-id=\"2fb2f93f\" data-element_type=\"column\">\n\t\t\t<div class=\"elementor-widget-wrap elementor-element-populated\">\n\t\t\t\t\t\t\t\t<div class=\"elementor-element elementor-element-749a635 elementor-widget elementor-widget-heading\" data-id=\"749a635\" data-element_type=\"widget\" data-widget_type=\"heading.default\">\n\t\t\t\t<div class=\"elementor-widget-container\">\n\t\t\t<style>\/*! elementor - v3.6.6 - 08-06-2022 *\/\n.elementor-heading-title{padding:0;margin:0;line-height:1}.elementor-widget-heading .elementor-heading-title[class*=elementor-size-]>a{color:inherit;font-size:inherit;line-height:inherit}.elementor-widget-heading .elementor-heading-title.elementor-size-small{font-size:15px}.elementor-widget-heading .elementor-heading-title.elementor-size-medium{font-size:19px}.elementor-widget-heading .elementor-heading-title.elementor-size-large{font-size:29px}.elementor-widget-heading .elementor-heading-title.elementor-size-xl{font-size:39px}.elementor-widget-heading .elementor-heading-title.elementor-size-xxl{font-size:59px}<\/style><h1 class=\"elementor-heading-title elementor-size-default\">AFFIDATI A NOI PER IL TUO RECRUITMENT INTERNAZIONALE<\/h1>\t\t<\/div>\n\t\t\t\t<\/div>\n\t\t\t\t\t<\/div>\n\t\t<\/div>\n\t\t\t\t\t\t\t<\/div>\n\t\t<\/section>\n\t\t\t\t<section class=\"elementor-section elementor-top-section elementor-element elementor-element-57df0702 elementor-section-boxed elementor-section-height-default elementor-section-height-default\" data-id=\"57df0702\" data-element_type=\"section\">\n\t\t\t\t\t\t<div class=\"elementor-container elementor-column-gap-default\">\n\t\t\t\t\t<div class=\"elementor-column elementor-col-100 elementor-top-column elementor-element elementor-element-85bb020\" data-id=\"85bb020\" data-element_type=\"column\">\n\t\t\t<div class=\"elementor-widget-wrap elementor-element-populated\">\n\t\t\t\t\t\t\t\t<section class=\"elementor-section elementor-inner-section elementor-element elementor-element-ec20db1 elementor-section-boxed elementor-section-height-default elementor-section-height-default\" data-id=\"ec20db1\" data-element_type=\"section\">\n\t\t\t\t\t\t<div class=\"elementor-container elementor-column-gap-default\">\n\t\t\t\t\t<div class=\"elementor-column elementor-col-50 elementor-inner-column elementor-element elementor-element-cc1e134\" data-id=\"cc1e134\" data-element_type=\"column\">\n\t\t\t<div class=\"elementor-widget-wrap elementor-element-populated\">\n\t\t\t\t\t\t\t\t<div class=\"elementor-element elementor-element-9a25517 elementor-widget elementor-widget-image\" data-id=\"9a25517\" data-element_type=\"widget\" data-widget_type=\"image.default\">\n\t\t\t\t<div class=\"elementor-widget-container\">\n\t\t\t<style>\/*! elementor - v3.6.6 - 08-06-2022 *\/\n.elementor-widget-image{text-align:center}.elementor-widget-image a{display:inline-block}.elementor-widget-image a img[src$=\".svg\"]{width:48px}.elementor-widget-image img{vertical-align:middle;display:inline-block}<\/style>\t\t\t\t\t\t\t\t\t\t\t\t<img decoding=\"async\" width=\"2560\" height=\"1707\" src=\"https:\/\/tc-consulting-rh.com\/wp-content\/uploads\/2022\/10\/AdobeStock_191855423-scaled.webp\" class=\"attachment-large size-large\" alt=\"\" loading=\"lazy\" srcset=\"https:\/\/tc-consulting-rh.com\/wp-content\/uploads\/2022\/10\/AdobeStock_191855423-scaled.webp 2560w, https:\/\/tc-consulting-rh.com\/wp-content\/uploads\/2022\/10\/AdobeStock_191855423-768x512.webp 768w, https:\/\/tc-consulting-rh.com\/wp-content\/uploads\/2022\/10\/AdobeStock_191855423-1536x1024.webp 1536w, https:\/\/tc-consulting-rh.com\/wp-content\/uploads\/2022\/10\/AdobeStock_191855423-2048x1366.webp 2048w, https:\/\/tc-consulting-rh.com\/wp-content\/uploads\/2022\/10\/AdobeStock_191855423-600x400.webp 600w\" sizes=\"(max-width: 2560px) 100vw, 2560px\" \/>\t\t\t\t\t\t\t\t\t\t\t\t\t\t\t<\/div>\n\t\t\t\t<\/div>\n\t\t\t\t\t<\/div>\n\t\t<\/div>\n\t\t\t\t<div class=\"elementor-column elementor-col-50 elementor-inner-column elementor-element elementor-element-aeb3ad1\" data-id=\"aeb3ad1\" data-element_type=\"column\">\n\t\t\t<div class=\"elementor-widget-wrap elementor-element-populated\">\n\t\t\t\t\t\t\t\t<div class=\"elementor-element elementor-element-5d5a9775 elementor-widget elementor-widget-text-editor\" data-id=\"5d5a9775\" data-element_type=\"widget\" data-widget_type=\"text-editor.default\">\n\t\t\t\t<div class=\"elementor-widget-container\">\n\t\t\t<style>\/*! elementor - v3.6.6 - 08-06-2022 *\/\n.elementor-widget-text-editor.elementor-drop-cap-view-stacked .elementor-drop-cap{background-color:#818a91;color:#fff}.elementor-widget-text-editor.elementor-drop-cap-view-framed .elementor-drop-cap{color:#818a91;border:3px solid;background-color:transparent}.elementor-widget-text-editor:not(.elementor-drop-cap-view-default) .elementor-drop-cap{margin-top:8px}.elementor-widget-text-editor:not(.elementor-drop-cap-view-default) .elementor-drop-cap-letter{width:1em;height:1em}.elementor-widget-text-editor .elementor-drop-cap{float:left;text-align:center;line-height:1;font-size:50px}.elementor-widget-text-editor .elementor-drop-cap-letter{display:inline-block}<\/style>\t\t\t\t<p>Hai l\u2019ambizione di espanderti all\u2019estero? TC Consulting ti supporta quindi nella ricerca del candidato giusto per le tue procedure di esportazione o per trovare la persona giusta da distaccare all&#8217;estero.<\/p><p>Questo processo pu\u00f2 essere complicato e richiede tempo e dedizione. Siamo quindi qui per fornirti la nostra esperienza e per \u201ctrovarti\u201d il candidato internazionale ideale.<\/p><p>Oltre a reperire e valutare i profili, TC Consulting \u00e8 al tuo fianco anche per supportarti nelle tue scelte, indirizzare le tue esigenze di recruitment e consigliarti in base ai tuoi obiettivi in termini di risorse umane.<\/p>\t\t\t\t\t\t<\/div>\n\t\t\t\t<\/div>\n\t\t\t\t\t<\/div>\n\t\t<\/div>\n\t\t\t\t\t\t\t<\/div>\n\t\t<\/section>\n\t\t\t\t<div class=\"elementor-element elementor-element-71e7499c elementor-widget elementor-widget-heading\" data-id=\"71e7499c\" data-element_type=\"widget\" data-widget_type=\"heading.default\">\n\t\t\t\t<div class=\"elementor-widget-container\">\n\t\t\t<h2 class=\"elementor-heading-title elementor-size-default\">Trovare i candidati giusti a livello internazionale<\/h2>\t\t<\/div>\n\t\t\t\t<\/div>\n\t\t\t\t<div class=\"elementor-element elementor-element-ff59511 elementor-widget elementor-widget-text-editor\" data-id=\"ff59511\" data-element_type=\"widget\" data-widget_type=\"text-editor.default\">\n\t\t\t\t<div class=\"elementor-widget-container\">\n\t\t\t\t\t\t\t<p>Desideri avviare un&#8217;azione di recruitment locale in una delle tue filiali di esportazione. Ma se desideri avviare questo processo con un partner europeo con il quale \u00e8 pi\u00f9 facile capirsi, TC Consulting \u00e8 qui per supportarti nella ricerca di profili internazionali che corrispondano alle tue esigenze.<\/p><p>Il nostro team \u00e8 a tua disposizione per supportarti durante tutto il processo. I nostri esperti ti consigliano e guidano la tua ricerca per assumere il candidato ideale.<\/p>\t\t\t\t\t\t<\/div>\n\t\t\t\t<\/div>\n\t\t\t\t<div class=\"elementor-element elementor-element-57a2b096 elementor-align-center elementor-widget elementor-widget-button\" data-id=\"57a2b096\" data-element_type=\"widget\" data-widget_type=\"button.default\">\n\t\t\t\t<div class=\"elementor-widget-container\">\n\t\t\t\t\t<div class=\"elementor-button-wrapper\">\n\t\t\t<a href=\"https:\/\/tc-consulting-rh.com\/it\/contatto\/\" class=\"elementor-button-link elementor-button elementor-size-lg\" role=\"button\">\n\t\t\t\t\t\t<span class=\"elementor-button-content-wrapper\">\n\t\t\t\t\t\t<span class=\"elementor-button-text\">CONTATTACI<\/span>\n\t\t<\/span>\n\t\t\t\t\t<\/a>\n\t\t<\/div>\n\t\t\t\t<\/div>\n\t\t\t\t<\/div>\n\t\t\t\t\t<\/div>\n\t\t<\/div>\n\t\t\t\t\t\t\t<\/div>\n\t\t<\/section>\n\t\t\t\t<section class=\"elementor-section elementor-top-section elementor-element elementor-element-1b86dfc8 elementor-section-boxed elementor-section-height-default elementor-section-height-default\" data-id=\"1b86dfc8\" data-element_type=\"section\">\n\t\t\t\t\t\t<div class=\"elementor-container elementor-column-gap-default\">\n\t\t\t\t\t<div class=\"elementor-column elementor-col-100 elementor-top-column elementor-element elementor-element-34630ff2\" data-id=\"34630ff2\" data-element_type=\"column\">\n\t\t\t<div class=\"elementor-widget-wrap elementor-element-populated\">\n\t\t\t\t\t\t\t\t<div class=\"elementor-element elementor-element-32349df5 elementor-widget elementor-widget-heading\" data-id=\"32349df5\" data-element_type=\"widget\" data-widget_type=\"heading.default\">\n\t\t\t\t<div class=\"elementor-widget-container\">\n\t\t\t<h2 class=\"elementor-heading-title elementor-size-default\">Un processo di recruitment adattato alle tue ambizioni<\/h2>\t\t<\/div>\n\t\t\t\t<\/div>\n\t\t\t\t<div class=\"elementor-element elementor-element-64467385 elementor-widget elementor-widget-text-editor\" data-id=\"64467385\" data-element_type=\"widget\" data-widget_type=\"text-editor.default\">\n\t\t\t\t<div class=\"elementor-widget-container\">\n\t\t\t\t\t\t\t<p>Sia che tu stia cercando un dipendente con sede presso la sede centrale o residente in un paese straniero, possiamo anche supportarti nelle tue attivit\u00e0 di reclutamento.<\/p>\n<p>Pi\u00f9 che una missione di reclutamento, \u00e8 una vera e propria missione di consulenza che stiamo impostando insieme, durante la quale ti supporteremo nel recruitment ma anche durante l&#8217;integrazione del dipendente al internazionale.<\/p>\n<p>Possiamo testare direttamente l&#8217;inglese, lo spagnolo o l&#8217;italiano e altre lingue grazie ai nostri partner e\/o strumenti di test. Ma al di l\u00e0 dell&#8217;aspetto linguistico, valuteremo soprattutto la capacit\u00e0 del candidato di integrarsi in questo ambiente internazionale, sicuramente entusiasmante, ma anche molto impegnativo sul piano professionale e personale.<\/p>\n<p>Hai una necessit\u00e0 di recruitment? Vuoi saperne di pi\u00f9 sul processo di recruitment internazionale? Prendiamoci un po&#8217; di tempo per chiacchierare. I nostri consulenti ti consiglieranno in modo personalizzato e adatto alla tua attivit\u00e0.<\/p>\n<p>Non esitare a contattarci, studieremo insieme il tuo progetto per garantire un risultato ottimale.<\/p>\t\t\t\t\t\t<\/div>\n\t\t\t\t<\/div>\n\t\t\t\t\t<\/div>\n\t\t<\/div>\n\t\t\t\t\t\t\t<\/div>\n\t\t<\/section>\n\t\t\t\t\t\t\t<\/div>\n\t\t","protected":false},"excerpt":{"rendered":"<p>AFFIDATI A NOI PER IL TUO RECRUITMENT INTERNAZIONALE Hai l\u2019ambizione di espanderti all\u2019estero? TC Consulting ti supporta quindi nella ricerca del candidato giusto per le tue procedure di esportazione o per trovare la persona giusta da distaccare all&#8217;estero. Questo processo pu\u00f2 essere complicato e richiede tempo e dedizione. Siamo quindi qui per fornirti la nostra [&hellip;]<\/p>\n","protected":false},"author":1,"featured_media":0,"parent":0,"menu_order":0,"comment_status":"closed","ping_status":"closed","template":"elementor_header_footer","meta":[],"yoast_head":"<!-- This site is optimized with the Yoast SEO plugin v19.5.1 - https:\/\/yoast.com\/wordpress\/plugins\/seo\/ -->\n<title>RECRUITMENT INTERNAZIONALE - TC Consulting<\/title>\n<meta name=\"description\" content=\"Confidate in TC Consulting per le vostre esigenze di reclutamento internazionale. La nostra \u00e9quipe \u00e8 a vostra disposizione.\" \/>\n<meta name=\"robots\" content=\"index, follow, max-snippet:-1, max-image-preview:large, max-video-preview:-1\" \/>\n<link rel=\"canonical\" href=\"https:\/\/tc-consulting-rh.com\/it\/recruitment-internazionale\/\" \/>\n<meta property=\"og:locale\" content=\"it_IT\" \/>\n<meta property=\"og:type\" content=\"article\" \/>\n<meta property=\"og:title\" content=\"RECRUITMENT INTERNAZIONALE - TC Consulting\" \/>\n<meta property=\"og:description\" content=\"Confidate in TC Consulting per le vostre esigenze di reclutamento internazionale. La nostra \u00e9quipe \u00e8 a vostra disposizione.\" \/>\n<meta property=\"og:url\" content=\"https:\/\/tc-consulting-rh.com\/it\/recruitment-internazionale\/\" \/>\n<meta property=\"og:site_name\" content=\"TC Consulting\" \/>\n<meta property=\"article:modified_time\" content=\"2024-04-25T09:25:33+00:00\" \/>\n<meta property=\"og:image\" content=\"https:\/\/tc-consulting-rh.com\/wp-content\/uploads\/2022\/10\/AdobeStock_191855423-scaled.webp\" \/>\n<meta name=\"twitter:card\" content=\"summary_large_image\" \/>\n<meta name=\"twitter:label1\" content=\"Tempo di lettura stimato\" \/>\n\t<meta name=\"twitter:data1\" content=\"3 minuti\" \/>\n<script type=\"application\/ld+json\" class=\"yoast-schema-graph\">{\"@context\":\"https:\/\/schema.org\",\"@graph\":[{\"@type\":\"WebPage\",\"@id\":\"https:\/\/tc-consulting-rh.com\/it\/recruitment-internazionale\/\",\"url\":\"https:\/\/tc-consulting-rh.com\/it\/recruitment-internazionale\/\",\"name\":\"RECRUITMENT INTERNAZIONALE - TC Consulting\",\"isPartOf\":{\"@id\":\"https:\/\/tc-consulting-rh.com\/it\/#website\"},\"datePublished\":\"2022-07-08T08:53:50+00:00\",\"dateModified\":\"2024-04-25T09:25:33+00:00\",\"description\":\"Confidate in TC Consulting per le vostre esigenze di reclutamento internazionale. La nostra \u00e9quipe \u00e8 a vostra disposizione.\",\"breadcrumb\":{\"@id\":\"https:\/\/tc-consulting-rh.com\/it\/recruitment-internazionale\/#breadcrumb\"},\"inLanguage\":\"it-IT\",\"potentialAction\":[{\"@type\":\"ReadAction\",\"target\":[\"https:\/\/tc-consulting-rh.com\/it\/recruitment-internazionale\/\"]}]},{\"@type\":\"BreadcrumbList\",\"@id\":\"https:\/\/tc-consulting-rh.com\/it\/recruitment-internazionale\/#breadcrumb\",\"itemListElement\":[{\"@type\":\"ListItem\",\"position\":1,\"name\":\"Accueil\",\"item\":\"https:\/\/tc-consulting-rh.com\/it\/\"},{\"@type\":\"ListItem\",\"position\":2,\"name\":\"RECRUITMENT INTERNAZIONALE\"}]},{\"@type\":\"WebSite\",\"@id\":\"https:\/\/tc-consulting-rh.com\/it\/#website\",\"url\":\"https:\/\/tc-consulting-rh.com\/it\/\",\"name\":\"TC Consulting\",\"description\":\"Cabinet de recrutement en Vend\u00e9e\",\"potentialAction\":[{\"@type\":\"SearchAction\",\"target\":{\"@type\":\"EntryPoint\",\"urlTemplate\":\"https:\/\/tc-consulting-rh.com\/it\/?s={search_term_string}\"},\"query-input\":\"required name=search_term_string\"}],\"inLanguage\":\"it-IT\"}]}<\/script>\n<!-- \/ Yoast SEO plugin. -->","yoast_head_json":{"title":"RECRUITMENT INTERNAZIONALE - TC Consulting","description":"Confidate in TC Consulting per le vostre esigenze di reclutamento internazionale. La nostra \u00e9quipe \u00e8 a vostra disposizione.","robots":{"index":"index","follow":"follow","max-snippet":"max-snippet:-1","max-image-preview":"max-image-preview:large","max-video-preview":"max-video-preview:-1"},"canonical":"https:\/\/tc-consulting-rh.com\/it\/recruitment-internazionale\/","og_locale":"it_IT","og_type":"article","og_title":"RECRUITMENT INTERNAZIONALE - TC Consulting","og_description":"Confidate in TC Consulting per le vostre esigenze di reclutamento internazionale. La nostra \u00e9quipe \u00e8 a vostra disposizione.","og_url":"https:\/\/tc-consulting-rh.com\/it\/recruitment-internazionale\/","og_site_name":"TC Consulting","article_modified_time":"2024-04-25T09:25:33+00:00","og_image":[{"url":"https:\/\/tc-consulting-rh.com\/wp-content\/uploads\/2022\/10\/AdobeStock_191855423-scaled.webp"}],"twitter_card":"summary_large_image","twitter_misc":{"Tempo di lettura stimato":"3 minuti"},"schema":{"@context":"https:\/\/schema.org","@graph":[{"@type":"WebPage","@id":"https:\/\/tc-consulting-rh.com\/it\/recruitment-internazionale\/","url":"https:\/\/tc-consulting-rh.com\/it\/recruitment-internazionale\/","name":"RECRUITMENT INTERNAZIONALE - TC Consulting","isPartOf":{"@id":"https:\/\/tc-consulting-rh.com\/it\/#website"},"datePublished":"2022-07-08T08:53:50+00:00","dateModified":"2024-04-25T09:25:33+00:00","description":"Confidate in TC Consulting per le vostre esigenze di reclutamento internazionale. La nostra \u00e9quipe \u00e8 a vostra disposizione.","breadcrumb":{"@id":"https:\/\/tc-consulting-rh.com\/it\/recruitment-internazionale\/#breadcrumb"},"inLanguage":"it-IT","potentialAction":[{"@type":"ReadAction","target":["https:\/\/tc-consulting-rh.com\/it\/recruitment-internazionale\/"]}]},{"@type":"BreadcrumbList","@id":"https:\/\/tc-consulting-rh.com\/it\/recruitment-internazionale\/#breadcrumb","itemListElement":[{"@type":"ListItem","position":1,"name":"Accueil","item":"https:\/\/tc-consulting-rh.com\/it\/"},{"@type":"ListItem","position":2,"name":"RECRUITMENT INTERNAZIONALE"}]},{"@type":"WebSite","@id":"https:\/\/tc-consulting-rh.com\/it\/#website","url":"https:\/\/tc-consulting-rh.com\/it\/","name":"TC Consulting","description":"Cabinet de recrutement en Vend\u00e9e","potentialAction":[{"@type":"SearchAction","target":{"@type":"EntryPoint","urlTemplate":"https:\/\/tc-consulting-rh.com\/it\/?s={search_term_string}"},"query-input":"required name=search_term_string"}],"inLanguage":"it-IT"}]}},"_links":{"self":[{"href":"https:\/\/tc-consulting-rh.com\/it\/wp-json\/wp\/v2\/pages\/5199"}],"collection":[{"href":"https:\/\/tc-consulting-rh.com\/it\/wp-json\/wp\/v2\/pages"}],"about":[{"href":"https:\/\/tc-consulting-rh.com\/it\/wp-json\/wp\/v2\/types\/page"}],"author":[{"embeddable":true,"href":"https:\/\/tc-consulting-rh.com\/it\/wp-json\/wp\/v2\/users\/1"}],"replies":[{"embeddable":true,"href":"https:\/\/tc-consulting-rh.com\/it\/wp-json\/wp\/v2\/comments?post=5199"}],"version-history":[{"count":13,"href":"https:\/\/tc-consulting-rh.com\/it\/wp-json\/wp\/v2\/pages\/5199\/revisions"}],"predecessor-version":[{"id":7673,"href":"https:\/\/tc-consulting-rh.com\/it\/wp-json\/wp\/v2\/pages\/5199\/revisions\/7673"}],"wp:attachment":[{"href":"https:\/\/tc-consulting-rh.com\/it\/wp-json\/wp\/v2\/media?parent=5199"}],"curies":[{"name":"wp","href":"https:\/\/api.w.org\/{rel}","templated":true}]}}