{"id":5198,"date":"2022-07-08T09:54:02","date_gmt":"2022-07-08T08:54:02","guid":{"rendered":"https:\/\/tc-consulting-rh.com\/conseil-rh\/"},"modified":"2024-04-25T10:25:07","modified_gmt":"2024-04-25T09:25:07","slug":"internazionale-a-dimensione-umana","status":"publish","type":"page","link":"https:\/\/tc-consulting-rh.com\/it\/internazionale-a-dimensione-umana\/","title":{"rendered":"INTERNAZIONALE A DIMENSIONE UMANA"},"content":{"rendered":"\t\t<div data-elementor-type=\"wp-page\" data-elementor-id=\"5198\" class=\"elementor elementor-5198 elementor-290\">\n\t\t\t\t\t\t\t\t\t<section class=\"elementor-section elementor-top-section elementor-element elementor-element-3ba25b18 elementor-section-boxed elementor-section-height-default elementor-section-height-default\" data-id=\"3ba25b18\" data-element_type=\"section\" data-settings=\"{&quot;background_background&quot;:&quot;classic&quot;}\">\n\t\t\t\t\t\t<div class=\"elementor-container elementor-column-gap-default\">\n\t\t\t\t\t<div class=\"elementor-column elementor-col-100 elementor-top-column elementor-element elementor-element-1264d2b2\" data-id=\"1264d2b2\" data-element_type=\"column\">\n\t\t\t<div class=\"elementor-widget-wrap elementor-element-populated\">\n\t\t\t\t\t\t\t\t<div class=\"elementor-element elementor-element-3baec0b9 elementor-widget elementor-widget-heading\" data-id=\"3baec0b9\" data-element_type=\"widget\" data-widget_type=\"heading.default\">\n\t\t\t\t<div class=\"elementor-widget-container\">\n\t\t\t<style>\/*! elementor - v3.6.6 - 08-06-2022 *\/\n.elementor-heading-title{padding:0;margin:0;line-height:1}.elementor-widget-heading .elementor-heading-title[class*=elementor-size-]>a{color:inherit;font-size:inherit;line-height:inherit}.elementor-widget-heading .elementor-heading-title.elementor-size-small{font-size:15px}.elementor-widget-heading .elementor-heading-title.elementor-size-medium{font-size:19px}.elementor-widget-heading .elementor-heading-title.elementor-size-large{font-size:29px}.elementor-widget-heading .elementor-heading-title.elementor-size-xl{font-size:39px}.elementor-widget-heading .elementor-heading-title.elementor-size-xxl{font-size:59px}<\/style><h1 class=\"elementor-heading-title elementor-size-default\">PERCH\u00c9 USARCI PER IL TUO RECRUITMENT INTERNAZIONALE?<\/h1>\t\t<\/div>\n\t\t\t\t<\/div>\n\t\t\t\t\t<\/div>\n\t\t<\/div>\n\t\t\t\t\t\t\t<\/div>\n\t\t<\/section>\n\t\t\t\t<section class=\"elementor-section elementor-top-section elementor-element elementor-element-66b0fbc7 elementor-section-boxed elementor-section-height-default elementor-section-height-default\" data-id=\"66b0fbc7\" data-element_type=\"section\">\n\t\t\t\t\t\t<div class=\"elementor-container elementor-column-gap-default\">\n\t\t\t\t\t<div class=\"elementor-column elementor-col-100 elementor-top-column elementor-element elementor-element-5a1d9cad\" data-id=\"5a1d9cad\" data-element_type=\"column\">\n\t\t\t<div class=\"elementor-widget-wrap elementor-element-populated\">\n\t\t\t\t\t\t\t\t<div class=\"elementor-element elementor-element-cbbbd8b elementor-widget elementor-widget-heading\" data-id=\"cbbbd8b\" data-element_type=\"widget\" data-widget_type=\"heading.default\">\n\t\t\t\t<div class=\"elementor-widget-container\">\n\t\t\t<h2 class=\"elementor-heading-title elementor-size-default\">Reclutare a livello internazionale: competenza e tempo dedicato<\/h2>\t\t<\/div>\n\t\t\t\t<\/div>\n\t\t\t\t<section class=\"elementor-section elementor-inner-section elementor-element elementor-element-4e5303d elementor-section-boxed elementor-section-height-default elementor-section-height-default\" data-id=\"4e5303d\" data-element_type=\"section\">\n\t\t\t\t\t\t<div class=\"elementor-container elementor-column-gap-default\">\n\t\t\t\t\t<div class=\"elementor-column elementor-col-50 elementor-inner-column elementor-element elementor-element-3e25ff8\" data-id=\"3e25ff8\" data-element_type=\"column\">\n\t\t\t<div class=\"elementor-widget-wrap elementor-element-populated\">\n\t\t\t\t\t\t\t\t<div class=\"elementor-element elementor-element-25dc378 elementor-widget elementor-widget-image\" data-id=\"25dc378\" data-element_type=\"widget\" data-widget_type=\"image.default\">\n\t\t\t\t<div class=\"elementor-widget-container\">\n\t\t\t<style>\/*! elementor - v3.6.6 - 08-06-2022 *\/\n.elementor-widget-image{text-align:center}.elementor-widget-image a{display:inline-block}.elementor-widget-image a img[src$=\".svg\"]{width:48px}.elementor-widget-image img{vertical-align:middle;display:inline-block}<\/style>\t\t\t\t\t\t\t\t\t\t\t\t<img decoding=\"async\" width=\"2560\" height=\"1707\" src=\"https:\/\/tc-consulting-rh.com\/wp-content\/uploads\/2022\/10\/AdobeStock_298491525-scaled.webp\" class=\"attachment-large size-large\" alt=\"\" loading=\"lazy\" srcset=\"https:\/\/tc-consulting-rh.com\/wp-content\/uploads\/2022\/10\/AdobeStock_298491525-scaled.webp 2560w, https:\/\/tc-consulting-rh.com\/wp-content\/uploads\/2022\/10\/AdobeStock_298491525-768x512.webp 768w, https:\/\/tc-consulting-rh.com\/wp-content\/uploads\/2022\/10\/AdobeStock_298491525-1536x1024.webp 1536w, https:\/\/tc-consulting-rh.com\/wp-content\/uploads\/2022\/10\/AdobeStock_298491525-2048x1365.webp 2048w, https:\/\/tc-consulting-rh.com\/wp-content\/uploads\/2022\/10\/AdobeStock_298491525-600x400.webp 600w\" sizes=\"(max-width: 2560px) 100vw, 2560px\" \/>\t\t\t\t\t\t\t\t\t\t\t\t\t\t\t<\/div>\n\t\t\t\t<\/div>\n\t\t\t\t\t<\/div>\n\t\t<\/div>\n\t\t\t\t<div class=\"elementor-column elementor-col-50 elementor-inner-column elementor-element elementor-element-b6f67d8\" data-id=\"b6f67d8\" data-element_type=\"column\">\n\t\t\t<div class=\"elementor-widget-wrap elementor-element-populated\">\n\t\t\t\t\t\t\t\t<div class=\"elementor-element elementor-element-2193cdfe elementor-widget elementor-widget-text-editor\" data-id=\"2193cdfe\" data-element_type=\"widget\" data-widget_type=\"text-editor.default\">\n\t\t\t\t<div class=\"elementor-widget-container\">\n\t\t\t<style>\/*! elementor - v3.6.6 - 08-06-2022 *\/\n.elementor-widget-text-editor.elementor-drop-cap-view-stacked .elementor-drop-cap{background-color:#818a91;color:#fff}.elementor-widget-text-editor.elementor-drop-cap-view-framed .elementor-drop-cap{color:#818a91;border:3px solid;background-color:transparent}.elementor-widget-text-editor:not(.elementor-drop-cap-view-default) .elementor-drop-cap{margin-top:8px}.elementor-widget-text-editor:not(.elementor-drop-cap-view-default) .elementor-drop-cap-letter{width:1em;height:1em}.elementor-widget-text-editor .elementor-drop-cap{float:left;text-align:center;line-height:1;font-size:50px}.elementor-widget-text-editor .elementor-drop-cap-letter{display:inline-block}<\/style>\t\t\t\t<p>Il recruitment a livello internazionale \u00e8 un approccio che combina un insieme di competenze commerciali e di rete, conoscenza delle risorse umane e linguistica.<\/p><p>\u00c8 un sottile equilibrio tra rispetto per un processo di convalida, sentimento ed esperienza internazionale.<\/p><p>Anche mettendo insieme tutte queste competenze, spesso ti manca il tempo, a differenza di un\u2019azienda il cui programma \u00e8 dedicato esclusivamente al processo di reclutamento. Ci\u00f2 gli consente quindi di essere pi\u00f9 reattivo e pi\u00f9 concentrato sui passaggi da seguire, ovvero:<\/p><p><img decoding=\"async\" class=\"emoji\" role=\"img\" draggable=\"false\" src=\"https:\/\/s.w.org\/images\/core\/emoji\/14.0.0\/svg\/27a1.svg\" alt=\"\u27a1\ufe0f\" \/>Scrivere le specifiche e una chiara definizione del profilo con chiare condizioni salariali e legali per il candidato\u00a0(in particolare nel contesto di un espatrio)<\/p><p><img decoding=\"async\" class=\"emoji\" role=\"img\" draggable=\"false\" src=\"https:\/\/s.w.org\/images\/core\/emoji\/14.0.0\/svg\/27a1.svg\" alt=\"\u27a1\ufe0f\" \/>Sviluppare un annuncio di grande impatto in linea con le aspettative dei candidati e trovare i giusti supporti per paese<\/p><p><img decoding=\"async\" class=\"emoji\" role=\"img\" draggable=\"false\" src=\"https:\/\/s.w.org\/images\/core\/emoji\/14.0.0\/svg\/27a1.svg\" alt=\"\u27a1\ufe0f\" \/>Preselezionare rigorosamente i candidati nell&#8217;ambito di una \u201ccaccia di talenti\u201d attiva su reti professionali<\/p><p><img decoding=\"async\" class=\"emoji\" role=\"img\" draggable=\"false\" src=\"https:\/\/s.w.org\/images\/core\/emoji\/14.0.0\/svg\/27a1.svg\" alt=\"\u27a1\ufe0f\" \/>Validare i profili attraverso colloqui con consulenti ed effettuazione di test psicotecnici e\/o linguistici<\/p>\t\t\t\t\t\t<\/div>\n\t\t\t\t<\/div>\n\t\t\t\t\t<\/div>\n\t\t<\/div>\n\t\t\t\t\t\t\t<\/div>\n\t\t<\/section>\n\t\t\t\t<div class=\"elementor-element elementor-element-3417bfd6 elementor-align-center elementor-hidden-tablet elementor-hidden-mobile elementor-widget elementor-widget-button\" data-id=\"3417bfd6\" data-element_type=\"widget\" data-widget_type=\"button.default\">\n\t\t\t\t<div class=\"elementor-widget-container\">\n\t\t\t\t\t<div class=\"elementor-button-wrapper\">\n\t\t\t<a href=\"https:\/\/tc-consulting-rh.com\/it\/contatto\/\" class=\"elementor-button-link elementor-button elementor-size-lg\" role=\"button\">\n\t\t\t\t\t\t<span class=\"elementor-button-content-wrapper\">\n\t\t\t\t\t\t<span class=\"elementor-button-text\">CONTATTACI PER MAGGIORI INFORMAZIONI<\/span>\n\t\t<\/span>\n\t\t\t\t\t<\/a>\n\t\t<\/div>\n\t\t\t\t<\/div>\n\t\t\t\t<\/div>\n\t\t\t\t<div class=\"elementor-element elementor-element-20e46ea elementor-widget elementor-widget-heading\" data-id=\"20e46ea\" data-element_type=\"widget\" data-widget_type=\"heading.default\">\n\t\t\t\t<div class=\"elementor-widget-container\">\n\t\t\t<h2 class=\"elementor-heading-title elementor-size-default\">Perch\u00e9 affidarci il tuo recruitment internazionale?<\/h2>\t\t<\/div>\n\t\t\t\t<\/div>\n\t\t\t\t<div class=\"elementor-element elementor-element-2dec4ad4 elementor-widget elementor-widget-text-editor\" data-id=\"2dec4ad4\" data-element_type=\"widget\" data-widget_type=\"text-editor.default\">\n\t\t\t\t<div class=\"elementor-widget-container\">\n\t\t\t\t\t\t\t<p>Essere supportati da un professionista del recruitment internazionale presenta numerosi vantaggi<\/p>\t\t\t\t\t\t<\/div>\n\t\t\t\t<\/div>\n\t\t\t\t<div class=\"elementor-element elementor-element-540314e elementor-widget elementor-widget-heading\" data-id=\"540314e\" data-element_type=\"widget\" data-widget_type=\"heading.default\">\n\t\t\t\t<div class=\"elementor-widget-container\">\n\t\t\t<h3 class=\"elementor-heading-title elementor-size-default\">Gestione del tempo e del carico mentale<\/h3>\t\t<\/div>\n\t\t\t\t<\/div>\n\t\t\t\t<div class=\"elementor-element elementor-element-46c4e9d elementor-widget elementor-widget-text-editor\" data-id=\"46c4e9d\" data-element_type=\"widget\" data-widget_type=\"text-editor.default\">\n\t\t\t\t<div class=\"elementor-widget-container\">\n\t\t\t\t\t\t\t<p>Il reclutamento \u00e8 spesso solo uno dei tanti compiti affrontati da leader, risorse umane o manager nelle aziende di medie dimensioni. Tuttavia, il recruitment per ottenere risultati richiede tempo e disponibilit\u00e0. Spesso, a causa della mancanza di tempo, i manager sono messi in difficolt\u00e0 dalle esigenze del processo.<\/p>\t\t\t\t\t\t<\/div>\n\t\t\t\t<\/div>\n\t\t\t\t<div class=\"elementor-element elementor-element-5fba5b1 elementor-widget elementor-widget-heading\" data-id=\"5fba5b1\" data-element_type=\"widget\" data-widget_type=\"heading.default\">\n\t\t\t\t<div class=\"elementor-widget-container\">\n\t\t\t<h3 class=\"elementor-heading-title elementor-size-default\">Reclutare \u00e8 una competenza!<\/h3>\t\t<\/div>\n\t\t\t\t<\/div>\n\t\t\t\t<div class=\"elementor-element elementor-element-c03e7cf elementor-widget elementor-widget-text-editor\" data-id=\"c03e7cf\" data-element_type=\"widget\" data-widget_type=\"text-editor.default\">\n\t\t\t\t<div class=\"elementor-widget-container\">\n\t\t\t\t\t\t\t<p>Scrivere annunci di lavoro con il tono giusto, apparire sui media giusti, attuare una strategia di approccio diretto efficace ma rispettosa, saper cogliere le opportunit\u00e0, vendere la posizione ai candidati senza svendirla, analizzare e sentire le personalit\u00e0, avere riflessi e intuizioni giuste in interviste che permettono di rilevare aspetti importanti ecc\u2026 Il headhunting \u00e8 una professione, un&#8217;esperienza, una competenza e questo \u00e8 ci\u00f2 che mettiamo al tuo servizio in TC CONSULTING.<\/p>\t\t\t\t\t\t<\/div>\n\t\t\t\t<\/div>\n\t\t\t\t<div class=\"elementor-element elementor-element-9cabb6d elementor-widget elementor-widget-heading\" data-id=\"9cabb6d\" data-element_type=\"widget\" data-widget_type=\"heading.default\">\n\t\t\t\t<div class=\"elementor-widget-container\">\n\t\t\t<h3 class=\"elementor-heading-title elementor-size-default\">Che fa risparmiare tempo<\/h3>\t\t<\/div>\n\t\t\t\t<\/div>\n\t\t\t\t<div class=\"elementor-element elementor-element-69160b1 elementor-widget elementor-widget-text-editor\" data-id=\"69160b1\" data-element_type=\"widget\" data-widget_type=\"text-editor.default\">\n\t\t\t\t<div class=\"elementor-widget-container\">\n\t\t\t\t\t\t\t<p><span style=\"color: var( --e-global-color-text ); letter-spacing: 0px;\">Questa competenza consente di risparmiare tempo per il recruitment. Infatti, lavorare con un\u2019agenzia che dedica il proprio tempo al recruitment ottimizza le scadenze. Consideriamo in media un tempo di approvvigionamento ed elaborazione delle domande di 3 mesi a cui si aggiunge un periodo di preavviso compreso tra 1 e 3 mesi a seconda del paese di origine. Tuttavia tale durata pu\u00f2 variare pi\u00f9 o meno a seconda del contesto generale (mercato, situazione aziendale, visibilit\u00e0, situazione economica o demografica della zona, ecc.)<\/span><\/p>\t\t\t\t\t\t<\/div>\n\t\t\t\t<\/div>\n\t\t\t\t<div class=\"elementor-element elementor-element-89a1f01 elementor-widget elementor-widget-heading\" data-id=\"89a1f01\" data-element_type=\"widget\" data-widget_type=\"heading.default\">\n\t\t\t\t<div class=\"elementor-widget-container\">\n\t\t\t<h3 class=\"elementor-heading-title elementor-size-default\">\nMaggiore visibilit\u00e0 per le imprese di medie dimensioni\n<\/h3>\t\t<\/div>\n\t\t\t\t<\/div>\n\t\t\t\t<div class=\"elementor-element elementor-element-1a3dd9f elementor-widget elementor-widget-text-editor\" data-id=\"1a3dd9f\" data-element_type=\"widget\" data-widget_type=\"text-editor.default\">\n\t\t\t\t<div class=\"elementor-widget-container\">\n\t\t\t\t\t\t\t<p>Esternalizzare il recruitment ti consentir\u00e0 di beneficiare della visibilit\u00e0, della rete e della reputazione dell&#8217;azienda per mettere in risalto il tuo progetto e quindi attrarre pi\u00f9 facilmente profili internazionali.<\/p>\t\t\t\t\t\t<\/div>\n\t\t\t\t<\/div>\n\t\t\t\t<div class=\"elementor-element elementor-element-c3ad869 elementor-widget elementor-widget-heading\" data-id=\"c3ad869\" data-element_type=\"widget\" data-widget_type=\"heading.default\">\n\t\t\t\t<div class=\"elementor-widget-container\">\n\t\t\t<h3 class=\"elementor-heading-title elementor-size-default\">Limitare i costi degli errori di recruitment<\/h3>\t\t<\/div>\n\t\t\t\t<\/div>\n\t\t\t\t<div class=\"elementor-element elementor-element-62f7417 elementor-widget elementor-widget-text-editor\" data-id=\"62f7417\" data-element_type=\"widget\" data-widget_type=\"text-editor.default\">\n\t\t\t\t<div class=\"elementor-widget-container\">\n\t\t\t\t\t\t\t<p>Il costo degli errori di recruitment \u00e8 elevato perch\u00e9 comporta certamente costi diretti ma anche molti costi indiretti che comportano perdite di produttivit\u00e0 e problemi relativi alle risorse umane. Creare una relazione a lungo termine con un&#8217;agenzia che ti conosce e agisce come partner aiuta a limitare questo rischio e quindi a aumentare il sucesso degli recruitments.<\/p>\n<p>Per tutti questi motivi, il nostro team \u00e8 disponibile per discutere le tue domande relative al recruitment e alle risorse umane<\/p>\t\t\t\t\t\t<\/div>\n\t\t\t\t<\/div>\n\t\t\t\t<div class=\"elementor-element elementor-element-e9635d8 elementor-hidden-desktop elementor-widget elementor-widget-text-editor\" data-id=\"e9635d8\" data-element_type=\"widget\" data-widget_type=\"text-editor.default\">\n\t\t\t\t<div class=\"elementor-widget-container\">\n\t\t\t\t\t\t\t<p>Attraverso le nostre missioni abbiamo come obiettivo lo sviluppo delle performance economiche e umane delle imprese. Rivolgersi a TC Consulting permette di beneficiare di numerosi vantaggi<\/p>\n\t\t\t\t\t\t<\/div>\n\t\t\t\t<\/div>\n\t\t\t\t<div class=\"elementor-element elementor-element-3d9e915 elementor-align-left elementor-hidden-desktop elementor-widget elementor-widget-button\" data-id=\"3d9e915\" data-element_type=\"widget\" data-widget_type=\"button.default\">\n\t\t\t\t<div class=\"elementor-widget-container\">\n\t\t\t\t\t<div class=\"elementor-button-wrapper\">\n\t\t\t<a href=\"https:\/\/tc-consulting-rh.com\/it\/?page_id=5165\" class=\"elementor-button-link elementor-button elementor-size-lg\" role=\"button\">\n\t\t\t\t\t\t<span class=\"elementor-button-content-wrapper\">\n\t\t\t\t\t\t<span class=\"elementor-button-text\">Contattaci<\/span>\n\t\t<\/span>\n\t\t\t\t\t<\/a>\n\t\t<\/div>\n\t\t\t\t<\/div>\n\t\t\t\t<\/div>\n\t\t\t\t\t<\/div>\n\t\t<\/div>\n\t\t\t\t\t\t\t<\/div>\n\t\t<\/section>\n\t\t\t\t\t\t\t<\/div>\n\t\t","protected":false},"excerpt":{"rendered":"<p>PERCH\u00c9 USARCI PER IL TUO RECRUITMENT INTERNAZIONALE? Reclutare a livello internazionale: competenza e tempo dedicato Il recruitment a livello internazionale \u00e8 un approccio che combina un insieme di competenze commerciali e di rete, conoscenza delle risorse umane e linguistica. \u00c8 un sottile equilibrio tra rispetto per un processo di convalida, sentimento ed esperienza internazionale. Anche [&hellip;]<\/p>\n","protected":false},"author":1,"featured_media":0,"parent":0,"menu_order":0,"comment_status":"closed","ping_status":"closed","template":"elementor_header_footer","meta":[],"yoast_head":"<!-- This site is optimized with the Yoast SEO plugin v19.5.1 - https:\/\/yoast.com\/wordpress\/plugins\/seo\/ -->\n<title>INTERNAZIONALE A DIMENSIONE UMANA - TC Consulting<\/title>\n<meta name=\"description\" content=\"TC Consulting pu\u00f2 consigliarvi in termini di risorse umane. Contattate la nostra \u00e9quipe al pi\u00f9 presto.\" \/>\n<meta name=\"robots\" content=\"index, follow, max-snippet:-1, max-image-preview:large, max-video-preview:-1\" \/>\n<link rel=\"canonical\" href=\"https:\/\/tc-consulting-rh.com\/it\/internazionale-a-dimensione-umana\/\" \/>\n<meta property=\"og:locale\" content=\"it_IT\" \/>\n<meta property=\"og:type\" content=\"article\" \/>\n<meta property=\"og:title\" content=\"INTERNAZIONALE A DIMENSIONE UMANA - TC Consulting\" \/>\n<meta property=\"og:description\" content=\"TC Consulting pu\u00f2 consigliarvi in termini di risorse umane. Contattate la nostra \u00e9quipe al pi\u00f9 presto.\" \/>\n<meta property=\"og:url\" content=\"https:\/\/tc-consulting-rh.com\/it\/internazionale-a-dimensione-umana\/\" \/>\n<meta property=\"og:site_name\" content=\"TC Consulting\" \/>\n<meta property=\"article:modified_time\" content=\"2024-04-25T09:25:07+00:00\" \/>\n<meta property=\"og:image\" content=\"https:\/\/tc-consulting-rh.com\/wp-content\/uploads\/2022\/10\/AdobeStock_298491525-scaled.webp\" \/>\n<meta name=\"twitter:card\" content=\"summary_large_image\" \/>\n<meta name=\"twitter:label1\" content=\"Tempo di lettura stimato\" \/>\n\t<meta name=\"twitter:data1\" content=\"4 minuti\" \/>\n<script type=\"application\/ld+json\" class=\"yoast-schema-graph\">{\"@context\":\"https:\/\/schema.org\",\"@graph\":[{\"@type\":\"WebPage\",\"@id\":\"https:\/\/tc-consulting-rh.com\/it\/internazionale-a-dimensione-umana\/\",\"url\":\"https:\/\/tc-consulting-rh.com\/it\/internazionale-a-dimensione-umana\/\",\"name\":\"INTERNAZIONALE A DIMENSIONE UMANA - TC Consulting\",\"isPartOf\":{\"@id\":\"https:\/\/tc-consulting-rh.com\/it\/#website\"},\"datePublished\":\"2022-07-08T08:54:02+00:00\",\"dateModified\":\"2024-04-25T09:25:07+00:00\",\"description\":\"TC Consulting pu\u00f2 consigliarvi in termini di risorse umane. Contattate la nostra \u00e9quipe al pi\u00f9 presto.\",\"breadcrumb\":{\"@id\":\"https:\/\/tc-consulting-rh.com\/it\/internazionale-a-dimensione-umana\/#breadcrumb\"},\"inLanguage\":\"it-IT\",\"potentialAction\":[{\"@type\":\"ReadAction\",\"target\":[\"https:\/\/tc-consulting-rh.com\/it\/internazionale-a-dimensione-umana\/\"]}]},{\"@type\":\"BreadcrumbList\",\"@id\":\"https:\/\/tc-consulting-rh.com\/it\/internazionale-a-dimensione-umana\/#breadcrumb\",\"itemListElement\":[{\"@type\":\"ListItem\",\"position\":1,\"name\":\"Accueil\",\"item\":\"https:\/\/tc-consulting-rh.com\/it\/\"},{\"@type\":\"ListItem\",\"position\":2,\"name\":\"INTERNAZIONALE A DIMENSIONE UMANA\"}]},{\"@type\":\"WebSite\",\"@id\":\"https:\/\/tc-consulting-rh.com\/it\/#website\",\"url\":\"https:\/\/tc-consulting-rh.com\/it\/\",\"name\":\"TC Consulting\",\"description\":\"Cabinet de recrutement en Vend\u00e9e\",\"potentialAction\":[{\"@type\":\"SearchAction\",\"target\":{\"@type\":\"EntryPoint\",\"urlTemplate\":\"https:\/\/tc-consulting-rh.com\/it\/?s={search_term_string}\"},\"query-input\":\"required name=search_term_string\"}],\"inLanguage\":\"it-IT\"}]}<\/script>\n<!-- \/ Yoast SEO plugin. -->","yoast_head_json":{"title":"INTERNAZIONALE A DIMENSIONE UMANA - TC Consulting","description":"TC Consulting pu\u00f2 consigliarvi in termini di risorse umane. Contattate la nostra \u00e9quipe al pi\u00f9 presto.","robots":{"index":"index","follow":"follow","max-snippet":"max-snippet:-1","max-image-preview":"max-image-preview:large","max-video-preview":"max-video-preview:-1"},"canonical":"https:\/\/tc-consulting-rh.com\/it\/internazionale-a-dimensione-umana\/","og_locale":"it_IT","og_type":"article","og_title":"INTERNAZIONALE A DIMENSIONE UMANA - TC Consulting","og_description":"TC Consulting pu\u00f2 consigliarvi in termini di risorse umane. Contattate la nostra \u00e9quipe al pi\u00f9 presto.","og_url":"https:\/\/tc-consulting-rh.com\/it\/internazionale-a-dimensione-umana\/","og_site_name":"TC Consulting","article_modified_time":"2024-04-25T09:25:07+00:00","og_image":[{"url":"https:\/\/tc-consulting-rh.com\/wp-content\/uploads\/2022\/10\/AdobeStock_298491525-scaled.webp"}],"twitter_card":"summary_large_image","twitter_misc":{"Tempo di lettura stimato":"4 minuti"},"schema":{"@context":"https:\/\/schema.org","@graph":[{"@type":"WebPage","@id":"https:\/\/tc-consulting-rh.com\/it\/internazionale-a-dimensione-umana\/","url":"https:\/\/tc-consulting-rh.com\/it\/internazionale-a-dimensione-umana\/","name":"INTERNAZIONALE A DIMENSIONE UMANA - TC Consulting","isPartOf":{"@id":"https:\/\/tc-consulting-rh.com\/it\/#website"},"datePublished":"2022-07-08T08:54:02+00:00","dateModified":"2024-04-25T09:25:07+00:00","description":"TC Consulting pu\u00f2 consigliarvi in termini di risorse umane. Contattate la nostra \u00e9quipe al pi\u00f9 presto.","breadcrumb":{"@id":"https:\/\/tc-consulting-rh.com\/it\/internazionale-a-dimensione-umana\/#breadcrumb"},"inLanguage":"it-IT","potentialAction":[{"@type":"ReadAction","target":["https:\/\/tc-consulting-rh.com\/it\/internazionale-a-dimensione-umana\/"]}]},{"@type":"BreadcrumbList","@id":"https:\/\/tc-consulting-rh.com\/it\/internazionale-a-dimensione-umana\/#breadcrumb","itemListElement":[{"@type":"ListItem","position":1,"name":"Accueil","item":"https:\/\/tc-consulting-rh.com\/it\/"},{"@type":"ListItem","position":2,"name":"INTERNAZIONALE A DIMENSIONE UMANA"}]},{"@type":"WebSite","@id":"https:\/\/tc-consulting-rh.com\/it\/#website","url":"https:\/\/tc-consulting-rh.com\/it\/","name":"TC Consulting","description":"Cabinet de recrutement en Vend\u00e9e","potentialAction":[{"@type":"SearchAction","target":{"@type":"EntryPoint","urlTemplate":"https:\/\/tc-consulting-rh.com\/it\/?s={search_term_string}"},"query-input":"required name=search_term_string"}],"inLanguage":"it-IT"}]}},"_links":{"self":[{"href":"https:\/\/tc-consulting-rh.com\/it\/wp-json\/wp\/v2\/pages\/5198"}],"collection":[{"href":"https:\/\/tc-consulting-rh.com\/it\/wp-json\/wp\/v2\/pages"}],"about":[{"href":"https:\/\/tc-consulting-rh.com\/it\/wp-json\/wp\/v2\/types\/page"}],"author":[{"embeddable":true,"href":"https:\/\/tc-consulting-rh.com\/it\/wp-json\/wp\/v2\/users\/1"}],"replies":[{"embeddable":true,"href":"https:\/\/tc-consulting-rh.com\/it\/wp-json\/wp\/v2\/comments?post=5198"}],"version-history":[{"count":16,"href":"https:\/\/tc-consulting-rh.com\/it\/wp-json\/wp\/v2\/pages\/5198\/revisions"}],"predecessor-version":[{"id":7667,"href":"https:\/\/tc-consulting-rh.com\/it\/wp-json\/wp\/v2\/pages\/5198\/revisions\/7667"}],"wp:attachment":[{"href":"https:\/\/tc-consulting-rh.com\/it\/wp-json\/wp\/v2\/media?parent=5198"}],"curies":[{"name":"wp","href":"https:\/\/api.w.org\/{rel}","templated":true}]}}