{"id":5172,"date":"2022-07-01T08:06:46","date_gmt":"2022-07-01T07:06:46","guid":{"rendered":"https:\/\/tc-consulting-rh.com\/spazio-candidato\/"},"modified":"2024-04-25T10:26:37","modified_gmt":"2024-04-25T09:26:37","slug":"stai-cercando-una-posizione-internazionale","status":"publish","type":"page","link":"https:\/\/tc-consulting-rh.com\/it\/stai-cercando-una-posizione-internazionale\/","title":{"rendered":"STAI CERCANDO UNA POSIZIONE INTERNAZIONALE"},"content":{"rendered":"\t\t<div data-elementor-type=\"wp-page\" data-elementor-id=\"5172\" class=\"elementor elementor-5172 elementor-39\">\n\t\t\t\t\t\t\t\t\t<section class=\"elementor-section elementor-top-section elementor-element elementor-element-23acd98c elementor-section-boxed elementor-section-height-default elementor-section-height-default\" data-id=\"23acd98c\" data-element_type=\"section\" data-settings=\"{&quot;background_background&quot;:&quot;classic&quot;}\">\n\t\t\t\t\t\t<div class=\"elementor-container elementor-column-gap-default\">\n\t\t\t\t\t<div class=\"elementor-column elementor-col-100 elementor-top-column elementor-element elementor-element-1af8e41a\" data-id=\"1af8e41a\" data-element_type=\"column\">\n\t\t\t<div class=\"elementor-widget-wrap elementor-element-populated\">\n\t\t\t\t\t\t\t\t<div class=\"elementor-element elementor-element-c3c1b30 elementor-widget elementor-widget-heading\" data-id=\"c3c1b30\" data-element_type=\"widget\" data-widget_type=\"heading.default\">\n\t\t\t\t<div class=\"elementor-widget-container\">\n\t\t\t<style>\/*! elementor - v3.6.6 - 08-06-2022 *\/\n.elementor-heading-title{padding:0;margin:0;line-height:1}.elementor-widget-heading .elementor-heading-title[class*=elementor-size-]>a{color:inherit;font-size:inherit;line-height:inherit}.elementor-widget-heading .elementor-heading-title.elementor-size-small{font-size:15px}.elementor-widget-heading .elementor-heading-title.elementor-size-medium{font-size:19px}.elementor-widget-heading .elementor-heading-title.elementor-size-large{font-size:29px}.elementor-widget-heading .elementor-heading-title.elementor-size-xl{font-size:39px}.elementor-widget-heading .elementor-heading-title.elementor-size-xxl{font-size:59px}<\/style><h1 class=\"elementor-heading-title elementor-size-default\">STAI CERCANDO UN LAVORO INTERNAZIONALE, NOI POSSIAMO AIUTARTI!<\/h1>\t\t<\/div>\n\t\t\t\t<\/div>\n\t\t\t\t\t<\/div>\n\t\t<\/div>\n\t\t\t\t\t\t\t<\/div>\n\t\t<\/section>\n\t\t\t\t<section class=\"elementor-section elementor-top-section elementor-element elementor-element-403f6a14 elementor-section-boxed elementor-section-height-default elementor-section-height-default\" data-id=\"403f6a14\" data-element_type=\"section\">\n\t\t\t\t\t\t<div class=\"elementor-container elementor-column-gap-default\">\n\t\t\t\t\t<div class=\"elementor-column elementor-col-100 elementor-top-column elementor-element elementor-element-10407794\" data-id=\"10407794\" data-element_type=\"column\">\n\t\t\t<div class=\"elementor-widget-wrap elementor-element-populated\">\n\t\t\t\t\t\t\t\t<section class=\"elementor-section elementor-inner-section elementor-element elementor-element-1219bc0 elementor-section-boxed elementor-section-height-default elementor-section-height-default\" data-id=\"1219bc0\" data-element_type=\"section\">\n\t\t\t\t\t\t<div class=\"elementor-container elementor-column-gap-default\">\n\t\t\t\t\t<div class=\"elementor-column elementor-col-50 elementor-inner-column elementor-element elementor-element-f17dec5\" data-id=\"f17dec5\" data-element_type=\"column\">\n\t\t\t<div class=\"elementor-widget-wrap elementor-element-populated\">\n\t\t\t\t\t\t\t\t<div class=\"elementor-element elementor-element-110c6d8 elementor-widget elementor-widget-image\" data-id=\"110c6d8\" data-element_type=\"widget\" data-widget_type=\"image.default\">\n\t\t\t\t<div class=\"elementor-widget-container\">\n\t\t\t<style>\/*! elementor - v3.6.6 - 08-06-2022 *\/\n.elementor-widget-image{text-align:center}.elementor-widget-image a{display:inline-block}.elementor-widget-image a img[src$=\".svg\"]{width:48px}.elementor-widget-image img{vertical-align:middle;display:inline-block}<\/style>\t\t\t\t\t\t\t\t\t\t\t\t<img decoding=\"async\" width=\"2560\" height=\"1707\" src=\"https:\/\/tc-consulting-rh.com\/wp-content\/uploads\/2022\/10\/AdobeStock_195958676-scaled.webp\" class=\"attachment-large size-large\" alt=\"\" loading=\"lazy\" srcset=\"https:\/\/tc-consulting-rh.com\/wp-content\/uploads\/2022\/10\/AdobeStock_195958676-scaled.webp 2560w, https:\/\/tc-consulting-rh.com\/wp-content\/uploads\/2022\/10\/AdobeStock_195958676-768x512.webp 768w, https:\/\/tc-consulting-rh.com\/wp-content\/uploads\/2022\/10\/AdobeStock_195958676-1536x1024.webp 1536w, https:\/\/tc-consulting-rh.com\/wp-content\/uploads\/2022\/10\/AdobeStock_195958676-2048x1366.webp 2048w, https:\/\/tc-consulting-rh.com\/wp-content\/uploads\/2022\/10\/AdobeStock_195958676-600x400.webp 600w\" sizes=\"(max-width: 2560px) 100vw, 2560px\" \/>\t\t\t\t\t\t\t\t\t\t\t\t\t\t\t<\/div>\n\t\t\t\t<\/div>\n\t\t\t\t\t<\/div>\n\t\t<\/div>\n\t\t\t\t<div class=\"elementor-column elementor-col-50 elementor-inner-column elementor-element elementor-element-eb97d81\" data-id=\"eb97d81\" data-element_type=\"column\">\n\t\t\t<div class=\"elementor-widget-wrap elementor-element-populated\">\n\t\t\t\t\t\t\t\t<div class=\"elementor-element elementor-element-5811632c elementor-widget elementor-widget-text-editor\" data-id=\"5811632c\" data-element_type=\"widget\" data-widget_type=\"text-editor.default\">\n\t\t\t\t<div class=\"elementor-widget-container\">\n\t\t\t<style>\/*! elementor - v3.6.6 - 08-06-2022 *\/\n.elementor-widget-text-editor.elementor-drop-cap-view-stacked .elementor-drop-cap{background-color:#818a91;color:#fff}.elementor-widget-text-editor.elementor-drop-cap-view-framed .elementor-drop-cap{color:#818a91;border:3px solid;background-color:transparent}.elementor-widget-text-editor:not(.elementor-drop-cap-view-default) .elementor-drop-cap{margin-top:8px}.elementor-widget-text-editor:not(.elementor-drop-cap-view-default) .elementor-drop-cap-letter{width:1em;height:1em}.elementor-widget-text-editor .elementor-drop-cap{float:left;text-align:center;line-height:1;font-size:50px}.elementor-widget-text-editor .elementor-drop-cap-letter{display:inline-block}<\/style>\t\t\t\t<p>TC CONSULTING \u00e8 una societ\u00e0 di recruitment di manager, dirigenti e supporto tecnico con una vocazione francese e internazionale. Il nostro obiettivo \u00e8 supportare al meglio la tua candidatura e creare un incontro coerente con le aziende che stanno assumendo.<\/p><p>Siamo estremamente vigili nel rapporto che instauriamo con te, che desideriamo sia rispettoso, autentico e ovviamente confidenziale.<\/p><p>Siamo qui per supportarti e consigliarti nella gestione dei colloqui, ma anche per supportarti nell&#8217;assunzione della tua posizione, in particolare nell&#8217;ambito di un espatrio.<\/p>\t\t\t\t\t\t<\/div>\n\t\t\t\t<\/div>\n\t\t\t\t\t<\/div>\n\t\t<\/div>\n\t\t\t\t\t\t\t<\/div>\n\t\t<\/section>\n\t\t\t\t<div class=\"elementor-element elementor-element-7f7ed803 elementor-widget elementor-widget-heading\" data-id=\"7f7ed803\" data-element_type=\"widget\" data-widget_type=\"heading.default\">\n\t\t\t\t<div class=\"elementor-widget-container\">\n\t\t\t<h3 class=\"elementor-heading-title elementor-size-default\">Perch\u00e9 affidare il mio CV ad una societ\u00e0 di recruitment come TC CONSULTING?<\/h3>\t\t<\/div>\n\t\t\t\t<\/div>\n\t\t\t\t<div class=\"elementor-element elementor-element-6b5f79fa elementor-widget elementor-widget-text-editor\" data-id=\"6b5f79fa\" data-element_type=\"widget\" data-widget_type=\"text-editor.default\">\n\t\t\t\t<div class=\"elementor-widget-container\">\n\t\t\t\t\t\t\t<p><img decoding=\"async\" class=\"emoji\" role=\"img\" draggable=\"false\" src=\"https:\/\/s.w.org\/images\/core\/emoji\/14.0.0\/svg\/27a1.svg\" alt=\"\u27a1\ufe0f\" \/> Perch\u00e9 come professionisti del recruitment, centralizziamo molte opportunit\u00e0, il che ti consente di diventare pi\u00f9 efficiente nella tua ricerca<\/p><p><img decoding=\"async\" class=\"emoji\" role=\"img\" draggable=\"false\" src=\"https:\/\/s.w.org\/images\/core\/emoji\/14.0.0\/svg\/27a1.svg\" alt=\"\u27a1\ufe0f\" \/> Perch\u00e9 possiamo consigliarti e guidarti nel tuo approccio<\/p><p><img decoding=\"async\" class=\"emoji\" role=\"img\" draggable=\"false\" src=\"https:\/\/s.w.org\/images\/core\/emoji\/14.0.0\/svg\/27a1.svg\" alt=\"\u27a1\ufe0f\" \/> \u00c8 confidenziale e non giudicante. Per noi la gestione della carriera \u00e8 un atto estremamente personale<\/p><p><img decoding=\"async\" class=\"emoji\" role=\"img\" draggable=\"false\" src=\"https:\/\/s.w.org\/images\/core\/emoji\/14.0.0\/svg\/27a1.svg\" alt=\"\u27a1\ufe0f\" \/>Infine, nel caso ne dubiti&#8230; \u00e8 completamente gratuito per te<\/p>\t\t\t\t\t\t<\/div>\n\t\t\t\t<\/div>\n\t\t\t\t<div class=\"elementor-element elementor-element-55d06f97 elementor-align-center elementor-widget elementor-widget-button\" data-id=\"55d06f97\" data-element_type=\"widget\" data-widget_type=\"button.default\">\n\t\t\t\t<div class=\"elementor-widget-container\">\n\t\t\t\t\t<div class=\"elementor-button-wrapper\">\n\t\t\t<a href=\"https:\/\/tc-consulting-rh.com\/it\/contatto\/\" class=\"elementor-button-link elementor-button elementor-size-lg\" role=\"button\">\n\t\t\t\t\t\t<span class=\"elementor-button-content-wrapper\">\n\t\t\t\t\t\t<span class=\"elementor-button-text\">CONTATTACI<\/span>\n\t\t<\/span>\n\t\t\t\t\t<\/a>\n\t\t<\/div>\n\t\t\t\t<\/div>\n\t\t\t\t<\/div>\n\t\t\t\t\t<\/div>\n\t\t<\/div>\n\t\t\t\t\t\t\t<\/div>\n\t\t<\/section>\n\t\t\t\t<section class=\"elementor-section elementor-top-section elementor-element elementor-element-1af94c0 elementor-section-boxed elementor-section-height-default elementor-section-height-default\" data-id=\"1af94c0\" data-element_type=\"section\">\n\t\t\t\t\t\t<div class=\"elementor-container elementor-column-gap-default\">\n\t\t\t\t\t<div class=\"elementor-column elementor-col-50 elementor-top-column elementor-element elementor-element-7a240fa\" data-id=\"7a240fa\" data-element_type=\"column\">\n\t\t\t<div class=\"elementor-widget-wrap elementor-element-populated\">\n\t\t\t\t\t\t\t\t<div class=\"elementor-element elementor-element-b95417b elementor-widget elementor-widget-heading\" data-id=\"b95417b\" data-element_type=\"widget\" data-widget_type=\"heading.default\">\n\t\t\t\t<div class=\"elementor-widget-container\">\n\t\t\t<h2 class=\"elementor-heading-title elementor-size-default\">Due modi per candidarsi<\/h2>\t\t<\/div>\n\t\t\t\t<\/div>\n\t\t\t\t<div class=\"elementor-element elementor-element-04e49b8 elementor-widget elementor-widget-text-editor\" data-id=\"04e49b8\" data-element_type=\"widget\" data-widget_type=\"text-editor.default\">\n\t\t\t\t<div class=\"elementor-widget-container\">\n\t\t\t\t\t\t\t<ul><li><a href=\"https:\/\/tc-consulting-rh.com\/it\/nos-annonces\/candidatura-spontanea\/\">Candidatura spontanea<\/a><\/li><li><a href=\"https:\/\/tc-consulting-rh.com\/it\/le-nostre-offerte-di-lavoro\/\">Le nostre offerte di lavoro<\/a><\/li><\/ul>\t\t\t\t\t\t<\/div>\n\t\t\t\t<\/div>\n\t\t\t\t\t<\/div>\n\t\t<\/div>\n\t\t\t\t<div class=\"elementor-column elementor-col-50 elementor-top-column elementor-element elementor-element-ed063ea\" data-id=\"ed063ea\" data-element_type=\"column\">\n\t\t\t<div class=\"elementor-widget-wrap elementor-element-populated\">\n\t\t\t\t\t\t\t\t<div class=\"elementor-element elementor-element-5e69e16 elementor-widget elementor-widget-image\" data-id=\"5e69e16\" data-element_type=\"widget\" data-widget_type=\"image.default\">\n\t\t\t\t<div class=\"elementor-widget-container\">\n\t\t\t\t\t\t\t\t\t\t\t\t\t\t\t<img decoding=\"async\" width=\"2560\" height=\"1599\" src=\"https:\/\/tc-consulting-rh.com\/wp-content\/uploads\/2022\/10\/AdobeStock_238632473-scaled.webp\" class=\"attachment-large size-large\" alt=\"\" loading=\"lazy\" srcset=\"https:\/\/tc-consulting-rh.com\/wp-content\/uploads\/2022\/10\/AdobeStock_238632473-scaled.webp 2560w, https:\/\/tc-consulting-rh.com\/wp-content\/uploads\/2022\/10\/AdobeStock_238632473-768x480.webp 768w, https:\/\/tc-consulting-rh.com\/wp-content\/uploads\/2022\/10\/AdobeStock_238632473-1536x960.webp 1536w, https:\/\/tc-consulting-rh.com\/wp-content\/uploads\/2022\/10\/AdobeStock_238632473-2048x1279.webp 2048w, https:\/\/tc-consulting-rh.com\/wp-content\/uploads\/2022\/10\/AdobeStock_238632473-600x375.webp 600w\" sizes=\"(max-width: 2560px) 100vw, 2560px\" \/>\t\t\t\t\t\t\t\t\t\t\t\t\t\t\t<\/div>\n\t\t\t\t<\/div>\n\t\t\t\t\t<\/div>\n\t\t<\/div>\n\t\t\t\t\t\t\t<\/div>\n\t\t<\/section>\n\t\t\t\t\t\t\t<\/div>\n\t\t","protected":false},"excerpt":{"rendered":"<p>STAI CERCANDO UN LAVORO INTERNAZIONALE, NOI POSSIAMO AIUTARTI! TC CONSULTING \u00e8 una societ\u00e0 di recruitment di manager, dirigenti e supporto tecnico con una vocazione francese e internazionale. Il nostro obiettivo \u00e8 supportare al meglio la tua candidatura e creare un incontro coerente con le aziende che stanno assumendo. Siamo estremamente vigili nel rapporto che instauriamo [&hellip;]<\/p>\n","protected":false},"author":1,"featured_media":0,"parent":0,"menu_order":0,"comment_status":"closed","ping_status":"closed","template":"elementor_header_footer","meta":[],"yoast_head":"<!-- This site is optimized with the Yoast SEO plugin v19.5.1 - https:\/\/yoast.com\/wordpress\/plugins\/seo\/ -->\n<title>STAI CERCANDO UNA POSIZIONE INTERNAZIONALE - TC Consulting<\/title>\n<meta name=\"description\" content=\"State cercando attivamente un impiego? Notre \u00e9quipe peut vous accompagner pour trouver le poste qui vous conviendra.\" \/>\n<meta name=\"robots\" content=\"index, follow, max-snippet:-1, max-image-preview:large, max-video-preview:-1\" \/>\n<link rel=\"canonical\" href=\"https:\/\/tc-consulting-rh.com\/it\/stai-cercando-una-posizione-internazionale\/\" \/>\n<meta property=\"og:locale\" content=\"it_IT\" \/>\n<meta property=\"og:type\" content=\"article\" \/>\n<meta property=\"og:title\" content=\"STAI CERCANDO UNA POSIZIONE INTERNAZIONALE - TC Consulting\" \/>\n<meta property=\"og:description\" content=\"State cercando attivamente un impiego? Notre \u00e9quipe peut vous accompagner pour trouver le poste qui vous conviendra.\" \/>\n<meta property=\"og:url\" content=\"https:\/\/tc-consulting-rh.com\/it\/stai-cercando-una-posizione-internazionale\/\" \/>\n<meta property=\"og:site_name\" content=\"TC Consulting\" \/>\n<meta property=\"article:modified_time\" content=\"2024-04-25T09:26:37+00:00\" \/>\n<meta property=\"og:image\" content=\"https:\/\/tc-consulting-rh.com\/wp-content\/uploads\/2022\/10\/AdobeStock_195958676-scaled.webp\" \/>\n<meta name=\"twitter:card\" content=\"summary_large_image\" \/>\n<meta name=\"twitter:label1\" content=\"Tempo di lettura stimato\" \/>\n\t<meta name=\"twitter:data1\" content=\"3 minuti\" \/>\n<script type=\"application\/ld+json\" class=\"yoast-schema-graph\">{\"@context\":\"https:\/\/schema.org\",\"@graph\":[{\"@type\":\"WebPage\",\"@id\":\"https:\/\/tc-consulting-rh.com\/it\/stai-cercando-una-posizione-internazionale\/\",\"url\":\"https:\/\/tc-consulting-rh.com\/it\/stai-cercando-una-posizione-internazionale\/\",\"name\":\"STAI CERCANDO UNA POSIZIONE INTERNAZIONALE - TC Consulting\",\"isPartOf\":{\"@id\":\"https:\/\/tc-consulting-rh.com\/it\/#website\"},\"datePublished\":\"2022-07-01T07:06:46+00:00\",\"dateModified\":\"2024-04-25T09:26:37+00:00\",\"description\":\"State cercando attivamente un impiego? Notre \u00e9quipe peut vous accompagner pour trouver le poste qui vous conviendra.\",\"breadcrumb\":{\"@id\":\"https:\/\/tc-consulting-rh.com\/it\/stai-cercando-una-posizione-internazionale\/#breadcrumb\"},\"inLanguage\":\"it-IT\",\"potentialAction\":[{\"@type\":\"ReadAction\",\"target\":[\"https:\/\/tc-consulting-rh.com\/it\/stai-cercando-una-posizione-internazionale\/\"]}]},{\"@type\":\"BreadcrumbList\",\"@id\":\"https:\/\/tc-consulting-rh.com\/it\/stai-cercando-una-posizione-internazionale\/#breadcrumb\",\"itemListElement\":[{\"@type\":\"ListItem\",\"position\":1,\"name\":\"Accueil\",\"item\":\"https:\/\/tc-consulting-rh.com\/it\/\"},{\"@type\":\"ListItem\",\"position\":2,\"name\":\"STAI CERCANDO UNA POSIZIONE INTERNAZIONALE\"}]},{\"@type\":\"WebSite\",\"@id\":\"https:\/\/tc-consulting-rh.com\/it\/#website\",\"url\":\"https:\/\/tc-consulting-rh.com\/it\/\",\"name\":\"TC Consulting\",\"description\":\"Cabinet de recrutement en Vend\u00e9e\",\"potentialAction\":[{\"@type\":\"SearchAction\",\"target\":{\"@type\":\"EntryPoint\",\"urlTemplate\":\"https:\/\/tc-consulting-rh.com\/it\/?s={search_term_string}\"},\"query-input\":\"required name=search_term_string\"}],\"inLanguage\":\"it-IT\"}]}<\/script>\n<!-- \/ Yoast SEO plugin. -->","yoast_head_json":{"title":"STAI CERCANDO UNA POSIZIONE INTERNAZIONALE - TC Consulting","description":"State cercando attivamente un impiego? Notre \u00e9quipe peut vous accompagner pour trouver le poste qui vous conviendra.","robots":{"index":"index","follow":"follow","max-snippet":"max-snippet:-1","max-image-preview":"max-image-preview:large","max-video-preview":"max-video-preview:-1"},"canonical":"https:\/\/tc-consulting-rh.com\/it\/stai-cercando-una-posizione-internazionale\/","og_locale":"it_IT","og_type":"article","og_title":"STAI CERCANDO UNA POSIZIONE INTERNAZIONALE - TC Consulting","og_description":"State cercando attivamente un impiego? Notre \u00e9quipe peut vous accompagner pour trouver le poste qui vous conviendra.","og_url":"https:\/\/tc-consulting-rh.com\/it\/stai-cercando-una-posizione-internazionale\/","og_site_name":"TC Consulting","article_modified_time":"2024-04-25T09:26:37+00:00","og_image":[{"url":"https:\/\/tc-consulting-rh.com\/wp-content\/uploads\/2022\/10\/AdobeStock_195958676-scaled.webp"}],"twitter_card":"summary_large_image","twitter_misc":{"Tempo di lettura stimato":"3 minuti"},"schema":{"@context":"https:\/\/schema.org","@graph":[{"@type":"WebPage","@id":"https:\/\/tc-consulting-rh.com\/it\/stai-cercando-una-posizione-internazionale\/","url":"https:\/\/tc-consulting-rh.com\/it\/stai-cercando-una-posizione-internazionale\/","name":"STAI CERCANDO UNA POSIZIONE INTERNAZIONALE - TC Consulting","isPartOf":{"@id":"https:\/\/tc-consulting-rh.com\/it\/#website"},"datePublished":"2022-07-01T07:06:46+00:00","dateModified":"2024-04-25T09:26:37+00:00","description":"State cercando attivamente un impiego? Notre \u00e9quipe peut vous accompagner pour trouver le poste qui vous conviendra.","breadcrumb":{"@id":"https:\/\/tc-consulting-rh.com\/it\/stai-cercando-una-posizione-internazionale\/#breadcrumb"},"inLanguage":"it-IT","potentialAction":[{"@type":"ReadAction","target":["https:\/\/tc-consulting-rh.com\/it\/stai-cercando-una-posizione-internazionale\/"]}]},{"@type":"BreadcrumbList","@id":"https:\/\/tc-consulting-rh.com\/it\/stai-cercando-una-posizione-internazionale\/#breadcrumb","itemListElement":[{"@type":"ListItem","position":1,"name":"Accueil","item":"https:\/\/tc-consulting-rh.com\/it\/"},{"@type":"ListItem","position":2,"name":"STAI CERCANDO UNA POSIZIONE INTERNAZIONALE"}]},{"@type":"WebSite","@id":"https:\/\/tc-consulting-rh.com\/it\/#website","url":"https:\/\/tc-consulting-rh.com\/it\/","name":"TC Consulting","description":"Cabinet de recrutement en Vend\u00e9e","potentialAction":[{"@type":"SearchAction","target":{"@type":"EntryPoint","urlTemplate":"https:\/\/tc-consulting-rh.com\/it\/?s={search_term_string}"},"query-input":"required name=search_term_string"}],"inLanguage":"it-IT"}]}},"_links":{"self":[{"href":"https:\/\/tc-consulting-rh.com\/it\/wp-json\/wp\/v2\/pages\/5172"}],"collection":[{"href":"https:\/\/tc-consulting-rh.com\/it\/wp-json\/wp\/v2\/pages"}],"about":[{"href":"https:\/\/tc-consulting-rh.com\/it\/wp-json\/wp\/v2\/types\/page"}],"author":[{"embeddable":true,"href":"https:\/\/tc-consulting-rh.com\/it\/wp-json\/wp\/v2\/users\/1"}],"replies":[{"embeddable":true,"href":"https:\/\/tc-consulting-rh.com\/it\/wp-json\/wp\/v2\/comments?post=5172"}],"version-history":[{"count":27,"href":"https:\/\/tc-consulting-rh.com\/it\/wp-json\/wp\/v2\/pages\/5172\/revisions"}],"predecessor-version":[{"id":7682,"href":"https:\/\/tc-consulting-rh.com\/it\/wp-json\/wp\/v2\/pages\/5172\/revisions\/7682"}],"wp:attachment":[{"href":"https:\/\/tc-consulting-rh.com\/it\/wp-json\/wp\/v2\/media?parent=5172"}],"curies":[{"name":"wp","href":"https:\/\/api.w.org\/{rel}","templated":true}]}}