{"id":5701,"date":"2022-07-08T09:53:50","date_gmt":"2022-07-08T08:53:50","guid":{"rendered":"https:\/\/tc-consulting-rh.com\/recrutement-international\/"},"modified":"2024-04-25T09:44:24","modified_gmt":"2024-04-25T08:44:24","slug":"recrutement-international","status":"publish","type":"page","link":"https:\/\/tc-consulting-rh.com\/fr\/recrutement-international\/","title":{"rendered":"RECRUTEMENT INTERNATIONAL"},"content":{"rendered":"\t\t<div data-elementor-type=\"wp-page\" data-elementor-id=\"5701\" class=\"elementor elementor-5701 elementor-288\">\n\t\t\t\t\t\t\t\t\t<section class=\"elementor-section elementor-top-section elementor-element elementor-element-3346753c elementor-section-boxed elementor-section-height-default elementor-section-height-default\" data-id=\"3346753c\" data-element_type=\"section\" data-settings=\"{&quot;background_background&quot;:&quot;classic&quot;}\">\n\t\t\t\t\t\t<div class=\"elementor-container elementor-column-gap-default\">\n\t\t\t\t\t<div class=\"elementor-column elementor-col-100 elementor-top-column elementor-element elementor-element-2fb2f93f\" data-id=\"2fb2f93f\" data-element_type=\"column\">\n\t\t\t<div class=\"elementor-widget-wrap elementor-element-populated\">\n\t\t\t\t\t\t\t\t<div class=\"elementor-element elementor-element-749a635 elementor-widget elementor-widget-heading\" data-id=\"749a635\" data-element_type=\"widget\" data-widget_type=\"heading.default\">\n\t\t\t\t<div class=\"elementor-widget-container\">\n\t\t\t<style>\/*! elementor - v3.6.6 - 08-06-2022 *\/\n.elementor-heading-title{padding:0;margin:0;line-height:1}.elementor-widget-heading .elementor-heading-title[class*=elementor-size-]>a{color:inherit;font-size:inherit;line-height:inherit}.elementor-widget-heading .elementor-heading-title.elementor-size-small{font-size:15px}.elementor-widget-heading .elementor-heading-title.elementor-size-medium{font-size:19px}.elementor-widget-heading .elementor-heading-title.elementor-size-large{font-size:29px}.elementor-widget-heading .elementor-heading-title.elementor-size-xl{font-size:39px}.elementor-widget-heading .elementor-heading-title.elementor-size-xxl{font-size:59px}<\/style><h1 class=\"elementor-heading-title elementor-size-default\">FAITES NOUS CONFIANCE POUR VOTRE RECRUTEMENT INTERNATIONAL<\/h1>\t\t<\/div>\n\t\t\t\t<\/div>\n\t\t\t\t\t<\/div>\n\t\t<\/div>\n\t\t\t\t\t\t\t<\/div>\n\t\t<\/section>\n\t\t\t\t<section class=\"elementor-section elementor-top-section elementor-element elementor-element-57df0702 elementor-section-boxed elementor-section-height-default elementor-section-height-default\" data-id=\"57df0702\" data-element_type=\"section\">\n\t\t\t\t\t\t<div class=\"elementor-container elementor-column-gap-default\">\n\t\t\t\t\t<div class=\"elementor-column elementor-col-100 elementor-top-column elementor-element elementor-element-85bb020\" data-id=\"85bb020\" data-element_type=\"column\">\n\t\t\t<div class=\"elementor-widget-wrap elementor-element-populated\">\n\t\t\t\t\t\t\t\t<section class=\"elementor-section elementor-inner-section elementor-element elementor-element-ec20db1 elementor-section-boxed elementor-section-height-default elementor-section-height-default\" data-id=\"ec20db1\" data-element_type=\"section\">\n\t\t\t\t\t\t<div class=\"elementor-container elementor-column-gap-default\">\n\t\t\t\t\t<div class=\"elementor-column elementor-col-50 elementor-inner-column elementor-element elementor-element-cc1e134\" data-id=\"cc1e134\" data-element_type=\"column\">\n\t\t\t<div class=\"elementor-widget-wrap elementor-element-populated\">\n\t\t\t\t\t\t\t\t<div class=\"elementor-element elementor-element-9a25517 elementor-widget elementor-widget-image\" data-id=\"9a25517\" data-element_type=\"widget\" data-widget_type=\"image.default\">\n\t\t\t\t<div class=\"elementor-widget-container\">\n\t\t\t<style>\/*! elementor - v3.6.6 - 08-06-2022 *\/\n.elementor-widget-image{text-align:center}.elementor-widget-image a{display:inline-block}.elementor-widget-image a img[src$=\".svg\"]{width:48px}.elementor-widget-image img{vertical-align:middle;display:inline-block}<\/style>\t\t\t\t\t\t\t\t\t\t\t\t<img decoding=\"async\" width=\"2560\" height=\"1707\" src=\"https:\/\/tc-consulting-rh.com\/wp-content\/uploads\/2022\/10\/AdobeStock_191855423-scaled.webp\" class=\"attachment-large size-large\" alt=\"\" loading=\"lazy\" srcset=\"https:\/\/tc-consulting-rh.com\/wp-content\/uploads\/2022\/10\/AdobeStock_191855423-scaled.webp 2560w, https:\/\/tc-consulting-rh.com\/wp-content\/uploads\/2022\/10\/AdobeStock_191855423-768x512.webp 768w, https:\/\/tc-consulting-rh.com\/wp-content\/uploads\/2022\/10\/AdobeStock_191855423-1536x1024.webp 1536w, https:\/\/tc-consulting-rh.com\/wp-content\/uploads\/2022\/10\/AdobeStock_191855423-2048x1366.webp 2048w, https:\/\/tc-consulting-rh.com\/wp-content\/uploads\/2022\/10\/AdobeStock_191855423-600x400.webp 600w\" sizes=\"(max-width: 2560px) 100vw, 2560px\" \/>\t\t\t\t\t\t\t\t\t\t\t\t\t\t\t<\/div>\n\t\t\t\t<\/div>\n\t\t\t\t\t<\/div>\n\t\t<\/div>\n\t\t\t\t<div class=\"elementor-column elementor-col-50 elementor-inner-column elementor-element elementor-element-aeb3ad1\" data-id=\"aeb3ad1\" data-element_type=\"column\">\n\t\t\t<div class=\"elementor-widget-wrap elementor-element-populated\">\n\t\t\t\t\t\t\t\t<div class=\"elementor-element elementor-element-5d5a9775 elementor-widget elementor-widget-text-editor\" data-id=\"5d5a9775\" data-element_type=\"widget\" data-widget_type=\"text-editor.default\">\n\t\t\t\t<div class=\"elementor-widget-container\">\n\t\t\t<style>\/*! elementor - v3.6.6 - 08-06-2022 *\/\n.elementor-widget-text-editor.elementor-drop-cap-view-stacked .elementor-drop-cap{background-color:#818a91;color:#fff}.elementor-widget-text-editor.elementor-drop-cap-view-framed .elementor-drop-cap{color:#818a91;border:3px solid;background-color:transparent}.elementor-widget-text-editor:not(.elementor-drop-cap-view-default) .elementor-drop-cap{margin-top:8px}.elementor-widget-text-editor:not(.elementor-drop-cap-view-default) .elementor-drop-cap-letter{width:1em;height:1em}.elementor-widget-text-editor .elementor-drop-cap{float:left;text-align:center;line-height:1;font-size:50px}.elementor-widget-text-editor .elementor-drop-cap-letter{display:inline-block}<\/style>\t\t\t\t<p>Vous avez l\u2019ambition de vous d\u00e9velopper \u00e0 l\u2019\u00e9tranger ?\u00a0<strong>TC Consulting<\/strong>\u00a0vous accompagne donc dans la recherche du bon candidat pour vos d\u00e9marches \u00e0 export o\u00f9 pour trouver la bonne personne \u00e0 d\u00e9tacher \u00e0 l\u2019\u00e9tranger.<\/p><p>Ce processus peut \u00eatre compliqu\u00e9 et exige du temps et de l\u2019implication. Nous sommes donc l\u00e0 pour vous apporter notre expertise en recrutement et pour vous \u00ab\u00a0d\u00e9nicher\u00a0\u00bb le candidat id\u00e9al \u00e0 l\u2019international.<\/p><p>Au-del\u00e0 du sourcing et de l\u2019\u00e9valuation des profils, TC Consulting est \u00e0 vos c\u00f4t\u00e9s \u00e9galement pour vous accompagner dans vos choix, cibler vos besoins de recrutement et vous conseiller en fonction de vos objectifs en ressources humaines.<\/p>\t\t\t\t\t\t<\/div>\n\t\t\t\t<\/div>\n\t\t\t\t\t<\/div>\n\t\t<\/div>\n\t\t\t\t\t\t\t<\/div>\n\t\t<\/section>\n\t\t\t\t<div class=\"elementor-element elementor-element-71e7499c elementor-widget elementor-widget-heading\" data-id=\"71e7499c\" data-element_type=\"widget\" data-widget_type=\"heading.default\">\n\t\t\t\t<div class=\"elementor-widget-container\">\n\t\t\t<h2 class=\"elementor-heading-title elementor-size-default\">Trouver les bons candidats pour un recrutement international<\/h2>\t\t<\/div>\n\t\t\t\t<\/div>\n\t\t\t\t<div class=\"elementor-element elementor-element-ff59511 elementor-widget elementor-widget-text-editor\" data-id=\"ff59511\" data-element_type=\"widget\" data-widget_type=\"text-editor.default\">\n\t\t\t\t<div class=\"elementor-widget-container\">\n\t\t\t\t\t\t\t<p>Vous souhaitez mettre en place une action de recrutement locale sur une de vos filiales \u00e0 l\u2019export. Mais vous aimeriez engager cette d\u00e9marche avec un partenaire fran\u00e7ais avec qui il est plus ais\u00e9 de se comprendre,\u00a0<strong>TC Consulting<\/strong>\u00a0est l\u00e0 pour vous accompagner, dans votre recherche de profils internationaux en ad\u00e9quation avec vos besoins.<\/p><p>Notre \u00e9quipe se tient \u00e0 votre disposition pour vous accompagner sur l\u2019ensemble de votre processus de recrutement. Nos experts vous conseillent et orientent votre recherche pour recruter le candidat id\u00e9al.<\/p>\t\t\t\t\t\t<\/div>\n\t\t\t\t<\/div>\n\t\t\t\t<div class=\"elementor-element elementor-element-57a2b096 elementor-align-center elementor-widget elementor-widget-button\" data-id=\"57a2b096\" data-element_type=\"widget\" data-widget_type=\"button.default\">\n\t\t\t\t<div class=\"elementor-widget-container\">\n\t\t\t\t\t<div class=\"elementor-button-wrapper\">\n\t\t\t<a href=\"https:\/\/tc-consulting-rh.com\/fr\/contact\/\" class=\"elementor-button-link elementor-button elementor-size-lg\" role=\"button\">\n\t\t\t\t\t\t<span class=\"elementor-button-content-wrapper\">\n\t\t\t\t\t\t<span class=\"elementor-button-text\">CONTACTEZ NOUS<\/span>\n\t\t<\/span>\n\t\t\t\t\t<\/a>\n\t\t<\/div>\n\t\t\t\t<\/div>\n\t\t\t\t<\/div>\n\t\t\t\t\t<\/div>\n\t\t<\/div>\n\t\t\t\t\t\t\t<\/div>\n\t\t<\/section>\n\t\t\t\t<section class=\"elementor-section elementor-top-section elementor-element elementor-element-1b86dfc8 elementor-section-boxed elementor-section-height-default elementor-section-height-default\" data-id=\"1b86dfc8\" data-element_type=\"section\">\n\t\t\t\t\t\t<div class=\"elementor-container elementor-column-gap-default\">\n\t\t\t\t\t<div class=\"elementor-column elementor-col-100 elementor-top-column elementor-element elementor-element-34630ff2\" data-id=\"34630ff2\" data-element_type=\"column\">\n\t\t\t<div class=\"elementor-widget-wrap elementor-element-populated\">\n\t\t\t\t\t\t\t\t<div class=\"elementor-element elementor-element-32349df5 elementor-widget elementor-widget-heading\" data-id=\"32349df5\" data-element_type=\"widget\" data-widget_type=\"heading.default\">\n\t\t\t\t<div class=\"elementor-widget-container\">\n\t\t\t<h2 class=\"elementor-heading-title elementor-size-default\">Un process de recrutement adapt\u00e9 \u00e0 vos ambitions<\/h2>\t\t<\/div>\n\t\t\t\t<\/div>\n\t\t\t\t<div class=\"elementor-element elementor-element-64467385 elementor-widget elementor-widget-text-editor\" data-id=\"64467385\" data-element_type=\"widget\" data-widget_type=\"text-editor.default\">\n\t\t\t\t<div class=\"elementor-widget-container\">\n\t\t\t\t\t\t\t<p>Vous \u00eates une soci\u00e9t\u00e9 \u00e9trang\u00e8re avec une volont\u00e9 de recruter pour la France, nous pouvons aussi vous accompagner dans vos d\u00e9marches de recrutement locales.<\/p><p>Plus qu\u2019une mission de recrutement, c\u2019est une v\u00e9ritable mission de conseil que nous mettons en place ensemble, durant laquelle nous allons vous accompagner dans le recrutement mais aussi sur l\u2019int\u00e9gration du candidat dans votre d\u00e9marche \u00e0 l\u2019international.<\/p><p>Nous pouvons directement tester l\u2019Anglais, l\u2019Espagnol ou l\u2019Italien et d\u2019autres langues gr\u00e2ce \u00e0 nos partenaires et\/ou\u00a0outils de testing. Mais au-del\u00e0 de l\u2019aspect linguistique, nous allons surtout valider la capacit\u00e9 du postulant \u00e0 int\u00e9grer cet environnement international, certes passionnant, mais \u00e9galement tr\u00e8s exigeant sur les aspects professionnels et personnels.<\/p><p>Vous avez un besoin de recrutement ? Vous souhaitez en savoir plus sur le processus de recrutement \u00e0 l\u2019\u00e9tranger ? Prenons un temps pour \u00e9changer. Nos consultants en recrutement vous conseilleront d\u2019une mani\u00e8re personnalis\u00e9e et adapt\u00e9e \u00e0 votre activit\u00e9.<\/p><p>N\u2019h\u00e9sitez pas \u00e0 nous contacter, nous \u00e9tudierons ensemble votre projet afin de vous garantir un r\u00e9sultat optimum.<\/p>\t\t\t\t\t\t<\/div>\n\t\t\t\t<\/div>\n\t\t\t\t\t<\/div>\n\t\t<\/div>\n\t\t\t\t\t\t\t<\/div>\n\t\t<\/section>\n\t\t\t\t\t\t\t<\/div>\n\t\t","protected":false},"excerpt":{"rendered":"<p>FAITES NOUS CONFIANCE POUR VOTRE RECRUTEMENT INTERNATIONAL Vous avez l\u2019ambition de vous d\u00e9velopper \u00e0 l\u2019\u00e9tranger ?\u00a0TC Consulting\u00a0vous accompagne donc dans la recherche du bon candidat pour vos d\u00e9marches \u00e0 export o\u00f9 pour trouver la bonne personne \u00e0 d\u00e9tacher \u00e0 l\u2019\u00e9tranger. Ce processus peut \u00eatre compliqu\u00e9 et exige du temps et de l\u2019implication. Nous sommes donc [&hellip;]<\/p>\n","protected":false},"author":1,"featured_media":0,"parent":0,"menu_order":0,"comment_status":"closed","ping_status":"closed","template":"elementor_header_footer","meta":[],"yoast_head":"<!-- This site is optimized with the Yoast SEO plugin v19.5.1 - https:\/\/yoast.com\/wordpress\/plugins\/seo\/ -->\n<title>RECRUTEMENT INTERNATIONAL - TC Consulting<\/title>\n<meta name=\"description\" content=\"Faites confiance \u00e0 TC Consulting pour vos besoins en recrutement international. Notre \u00e9quipe est \u00e0 votre \u00e9coute.\" \/>\n<meta name=\"robots\" content=\"index, follow, max-snippet:-1, max-image-preview:large, max-video-preview:-1\" \/>\n<link rel=\"canonical\" href=\"https:\/\/tc-consulting-rh.com\/fr\/recrutement-international\/\" \/>\n<meta property=\"og:locale\" content=\"fr_FR\" \/>\n<meta property=\"og:type\" content=\"article\" \/>\n<meta property=\"og:title\" content=\"RECRUTEMENT INTERNATIONAL - TC Consulting\" \/>\n<meta property=\"og:description\" content=\"Faites confiance \u00e0 TC Consulting pour vos besoins en recrutement international. Notre \u00e9quipe est \u00e0 votre \u00e9coute.\" \/>\n<meta property=\"og:url\" content=\"https:\/\/tc-consulting-rh.com\/fr\/recrutement-international\/\" \/>\n<meta property=\"og:site_name\" content=\"TC Consulting\" \/>\n<meta property=\"article:modified_time\" content=\"2024-04-25T08:44:24+00:00\" \/>\n<meta property=\"og:image\" content=\"https:\/\/tc-consulting-rh.com\/wp-content\/uploads\/2022\/10\/AdobeStock_191855423-scaled.webp\" \/>\n<meta name=\"twitter:card\" content=\"summary_large_image\" \/>\n<meta name=\"twitter:label1\" content=\"Dur\u00e9e de lecture estim\u00e9e\" \/>\n\t<meta name=\"twitter:data1\" content=\"3 minutes\" \/>\n<script type=\"application\/ld+json\" class=\"yoast-schema-graph\">{\"@context\":\"https:\/\/schema.org\",\"@graph\":[{\"@type\":\"WebPage\",\"@id\":\"https:\/\/tc-consulting-rh.com\/fr\/recrutement-international\/\",\"url\":\"https:\/\/tc-consulting-rh.com\/fr\/recrutement-international\/\",\"name\":\"RECRUTEMENT INTERNATIONAL - TC Consulting\",\"isPartOf\":{\"@id\":\"https:\/\/tc-consulting-rh.com\/fr\/#website\"},\"datePublished\":\"2022-07-08T08:53:50+00:00\",\"dateModified\":\"2024-04-25T08:44:24+00:00\",\"description\":\"Faites confiance \u00e0 TC Consulting pour vos besoins en recrutement international. Notre \u00e9quipe est \u00e0 votre \u00e9coute.\",\"breadcrumb\":{\"@id\":\"https:\/\/tc-consulting-rh.com\/fr\/recrutement-international\/#breadcrumb\"},\"inLanguage\":\"fr-FR\",\"potentialAction\":[{\"@type\":\"ReadAction\",\"target\":[\"https:\/\/tc-consulting-rh.com\/fr\/recrutement-international\/\"]}]},{\"@type\":\"BreadcrumbList\",\"@id\":\"https:\/\/tc-consulting-rh.com\/fr\/recrutement-international\/#breadcrumb\",\"itemListElement\":[{\"@type\":\"ListItem\",\"position\":1,\"name\":\"Accueil\",\"item\":\"https:\/\/tc-consulting-rh.com\/fr\/\"},{\"@type\":\"ListItem\",\"position\":2,\"name\":\"RECRUTEMENT INTERNATIONAL\"}]},{\"@type\":\"WebSite\",\"@id\":\"https:\/\/tc-consulting-rh.com\/fr\/#website\",\"url\":\"https:\/\/tc-consulting-rh.com\/fr\/\",\"name\":\"TC Consulting\",\"description\":\"Cabinet de recrutement en Vend\u00e9e\",\"potentialAction\":[{\"@type\":\"SearchAction\",\"target\":{\"@type\":\"EntryPoint\",\"urlTemplate\":\"https:\/\/tc-consulting-rh.com\/fr\/?s={search_term_string}\"},\"query-input\":\"required name=search_term_string\"}],\"inLanguage\":\"fr-FR\"}]}<\/script>\n<!-- \/ Yoast SEO plugin. -->","yoast_head_json":{"title":"RECRUTEMENT INTERNATIONAL - TC Consulting","description":"Faites confiance \u00e0 TC Consulting pour vos besoins en recrutement international. Notre \u00e9quipe est \u00e0 votre \u00e9coute.","robots":{"index":"index","follow":"follow","max-snippet":"max-snippet:-1","max-image-preview":"max-image-preview:large","max-video-preview":"max-video-preview:-1"},"canonical":"https:\/\/tc-consulting-rh.com\/fr\/recrutement-international\/","og_locale":"fr_FR","og_type":"article","og_title":"RECRUTEMENT INTERNATIONAL - TC Consulting","og_description":"Faites confiance \u00e0 TC Consulting pour vos besoins en recrutement international. Notre \u00e9quipe est \u00e0 votre \u00e9coute.","og_url":"https:\/\/tc-consulting-rh.com\/fr\/recrutement-international\/","og_site_name":"TC Consulting","article_modified_time":"2024-04-25T08:44:24+00:00","og_image":[{"url":"https:\/\/tc-consulting-rh.com\/wp-content\/uploads\/2022\/10\/AdobeStock_191855423-scaled.webp"}],"twitter_card":"summary_large_image","twitter_misc":{"Dur\u00e9e de lecture estim\u00e9e":"3 minutes"},"schema":{"@context":"https:\/\/schema.org","@graph":[{"@type":"WebPage","@id":"https:\/\/tc-consulting-rh.com\/fr\/recrutement-international\/","url":"https:\/\/tc-consulting-rh.com\/fr\/recrutement-international\/","name":"RECRUTEMENT INTERNATIONAL - TC Consulting","isPartOf":{"@id":"https:\/\/tc-consulting-rh.com\/fr\/#website"},"datePublished":"2022-07-08T08:53:50+00:00","dateModified":"2024-04-25T08:44:24+00:00","description":"Faites confiance \u00e0 TC Consulting pour vos besoins en recrutement international. Notre \u00e9quipe est \u00e0 votre \u00e9coute.","breadcrumb":{"@id":"https:\/\/tc-consulting-rh.com\/fr\/recrutement-international\/#breadcrumb"},"inLanguage":"fr-FR","potentialAction":[{"@type":"ReadAction","target":["https:\/\/tc-consulting-rh.com\/fr\/recrutement-international\/"]}]},{"@type":"BreadcrumbList","@id":"https:\/\/tc-consulting-rh.com\/fr\/recrutement-international\/#breadcrumb","itemListElement":[{"@type":"ListItem","position":1,"name":"Accueil","item":"https:\/\/tc-consulting-rh.com\/fr\/"},{"@type":"ListItem","position":2,"name":"RECRUTEMENT INTERNATIONAL"}]},{"@type":"WebSite","@id":"https:\/\/tc-consulting-rh.com\/fr\/#website","url":"https:\/\/tc-consulting-rh.com\/fr\/","name":"TC Consulting","description":"Cabinet de recrutement en Vend\u00e9e","potentialAction":[{"@type":"SearchAction","target":{"@type":"EntryPoint","urlTemplate":"https:\/\/tc-consulting-rh.com\/fr\/?s={search_term_string}"},"query-input":"required name=search_term_string"}],"inLanguage":"fr-FR"}]}},"_links":{"self":[{"href":"https:\/\/tc-consulting-rh.com\/fr\/wp-json\/wp\/v2\/pages\/5701"}],"collection":[{"href":"https:\/\/tc-consulting-rh.com\/fr\/wp-json\/wp\/v2\/pages"}],"about":[{"href":"https:\/\/tc-consulting-rh.com\/fr\/wp-json\/wp\/v2\/types\/page"}],"author":[{"embeddable":true,"href":"https:\/\/tc-consulting-rh.com\/fr\/wp-json\/wp\/v2\/users\/1"}],"replies":[{"embeddable":true,"href":"https:\/\/tc-consulting-rh.com\/fr\/wp-json\/wp\/v2\/comments?post=5701"}],"version-history":[{"count":70,"href":"https:\/\/tc-consulting-rh.com\/fr\/wp-json\/wp\/v2\/pages\/5701\/revisions"}],"predecessor-version":[{"id":7574,"href":"https:\/\/tc-consulting-rh.com\/fr\/wp-json\/wp\/v2\/pages\/5701\/revisions\/7574"}],"wp:attachment":[{"href":"https:\/\/tc-consulting-rh.com\/fr\/wp-json\/wp\/v2\/media?parent=5701"}],"curies":[{"name":"wp","href":"https:\/\/api.w.org\/{rel}","templated":true}]}}