{"id":5692,"date":"2022-07-22T06:16:00","date_gmt":"2022-07-22T05:16:00","guid":{"rendered":"https:\/\/tc-consulting-rh.com\/nos-annonces\/"},"modified":"2024-04-25T13:02:33","modified_gmt":"2024-04-25T12:02:33","slug":"nos-offres-demploi","status":"publish","type":"page","link":"https:\/\/tc-consulting-rh.com\/fr\/nos-offres-demploi\/","title":{"rendered":"NOS OFFRES D&rsquo;EMPLOI"},"content":{"rendered":"            <div class=\"wp-dp-job-content\" id=\"wp-dp-job-content-8646\">\n                <div class=\"dev-map-class-changer\">\n                    <div id=\"Job-content-8646\">\n                                    <form autocomplete=\"off\" id=\"jobsearch_job_frm_8646\">\n                                <div style=\"display:none\" id=\"job_arg8646\">\n                    <script type=\"text\/javascript\">\n                                                document.getElementById(\"job_arg8646\").innerHTML = '{\"job_short_counter\":8646,\"atts\":{\"job_cat\":\"\",\"display_per_page\":\"no\",\"featured_only\":\"no\",\"job_custom_fields_switch\":\"yes\",\"quick_apply_job\":\"off\",\"job_loc_listing\":\"city\",\"job_deadline_switch\":\"no\",\"job_filters\":\"yes\",\"job_filters_count\":\"no\",\"job_filters_sortby\":\"default\",\"job_filters_keyword\":\"no\",\"job_filters_loc\":\"yes\",\"job_filters_loc_collapse\":\"no\",\"job_filters_loc_view\":\"dropdowns\",\"job_filters_date\":\"no\",\"job_filters_date_collapse\":\"no\",\"job_filters_type\":\"yes\",\"job_filters_type_collapse\":\"no\",\"job_filters_sector\":\"no\",\"job_filters_sector_collapse\":\"no\",\"job_filters_skill\":\"no\",\"job_filters_skill_collapse\":\"no\",\"job_top_map\":\"no\",\"job_top_map_height\":\"450\",\"job_top_map_zoom\":\"8\",\"job_feat_jobs_top\":\"no\",\"num_of_feat_jobs\":\"5\",\"job_top_search_view\":\"advance\",\"top_search_title\":\"yes\",\"top_search_location\":\"no\",\"top_search_sector\":\"yes\",\"top_search_autofill\":\"yes\",\"job_elem_custom_fields\":\"\",\"job_sort_by\":\"no\",\"job_rss_feed\":\"no\",\"jobs_emp_base\":\"yes\",\"jobs_emp_base_id\":\"\",\"job_excerpt\":\"20\",\"job_order\":\"DESC\",\"job_pagination\":\"yes\",\"job_per_page\":\"15\",\"job_view\":\"view-default\",\"job_top_search\":\"\",\"job_orderby\":\"date\",\"job_type\":\"\"},\"content\":\" \",\"job_map_counter\":40989594,\"page_id\":5692,\"page_url\":\"https:\\\/\\\/tc-consulting-rh.com\\\/fr\\\/nos-offres-demploi\\\/\",\"custom_fields\":[]}';\n                    <\/script>\n                <\/div>\n                <div style=\"display:none\" id=\"job_small_arg8646\">\n                    {\"job_short_counter\":8646,\"content\":\" \",\"job_map_counter\":40989594,\"page_id\":5692,\"page_url\":\"https:\\\/\\\/tc-consulting-rh.com\\\/fr\\\/nos-offres-demploi\\\/\",\"custom_fields\":[]}                <\/div>\n                                        <div class=\"jobsearch-top-searchbar jobsearch-typo-wrap jobsearch-advance-search-holdr has-advance-search\">\n                            <!-- Sub Header Form -->\n                            <div class=\"jobsearch-subheader-form\">\n                                <div class=\"jobsearch-banner-search   search-loc-off\">\n                                    <ul class=\"jobsearch-jobs-topsrchul\">\n                                                                                    <li>\n                                                <div class=\"jobsearch-sugges-search\">\n                                                    <input placeholder=\"Mots-cl\u00e9s\"\n                                                           class=\"jobsearch-keywordsrch-inp-field\" name=\"search_title\"\n                                                           value=\"\"\n                                                           data-type=\"job\" type=\"text\">\n                                                    <span class=\"sugg-search-loader\"><\/span>\n                                                <\/div>\n                                            <\/li>\n                                                                                                                                    <li>\n                                                    <div class=\"jobsearch-select-style\">\n                                                        <select name=\"sector_cat\" class=\"selectize-select\"\n                                                                placeholder=\"Secteur d&#039;activit\u00e9\">\n                                                            <option value=\"\">Secteur d&#039;activit\u00e9<\/option>\n                                                            <option value=\"all\">Tous<\/option>\n                                                                        <option value=\"administration-des-ventes\">Administration des Ventes<\/option>\n                        <option value=\"bureau-detudes\">Bureau d\u2019\u00e9tudes<\/option>\n                        <option value=\"commerce-vente\">Commerce \u2013 Vente<\/option>\n                        <option value=\"direction-dentreprise-et-des-operations\">Direction d'entreprise et des op\u00e9rations<\/option>\n                        <option value=\"formation\">Formation<\/option>\n                        <option value=\"gestion-comptabilite-controle-de-gestion\">Gestion \u2013 Comptabilit\u00e9 \u2013 Contr\u00f4le de gestion<\/option>\n                        <option value=\"informatique-et-si\">Informatique et SI<\/option>\n                        <option value=\"jurididique\">Jurididique<\/option>\n                        <option value=\"marketing-et-communication\">Marketing et communication<\/option>\n                        <option value=\"production-methodes-industrielles\">Production \u2013 M\u00e9thodes industrielles<\/option>\n                        <option value=\"qualite-securite-au-travail\">Qualit\u00e9, S\u00e9curit\u00e9 au travail<\/option>\n                        <option value=\"relations-internationales\">Relations Internationales<\/option>\n                        <option value=\"responsabilite-societale\">Responsabilit\u00e9 Soci\u00e9tale<\/option>\n                        <option value=\"ressources-humaines\">Ressources Humaines<\/option>\n                        <option value=\"supply-chain-logistique\">Supply chain \u2013 Logistique<\/option>\n                        <option value=\"technique\">Technique<\/option>\n                        <option value=\"transport-fr\">Transport<\/option>\n                                                                    <\/select>\n                                                    <\/div>\n                                                <\/li>\n                                                                                        <div class=\"adv-search-options\">\n                                                                                        <ul>\n                                                            <li>\n                <div class=\"jobsearch-select-style\">\n                    <select name=\"job_type\" class=\"selectize-select\"\n                            placeholder=\"Type de contrat\">\n                        <option value=\"\">Type de contrat<\/option>\n                                                    <option value=\"contrat-a-duree-indetermine\" >Contrat \u00e0 dur\u00e9e ind\u00e9termin\u00e9<\/option>\n                                                        <option value=\"contrat-volontariat-international\" >Contrat Volontariat International<\/option>\n                                                        <option value=\"stage-ou-apprentissage\" >Stage ou Apprentissage<\/option>\n                                                <\/select>\n                <\/div>\n            <\/li>\n                                                        <\/ul>\n                                        <\/div>\n                                                                                                                                    <li class=\"adv-srch-toggler\">\n                                                <a href=\"javascript:void(0);\"\n                                                   class=\"adv-srch-toggle-btn\"><span>+<\/span> Recherche avanc\u00e9e                                                <\/a>\n                                            <\/li>\n                                                                                    <li class=\"jobsearch-banner-submit\">\n                                            <input type=\"hidden\" name=\"ajax_filter\" value=\"true\">\n                                            <input id=\"jobsearch-jobadvserach-submit\" type=\"submit\" value=\"Chercher des annonces\"> <i\n                                                class=\"jobsearch-icon jobsearch-search\"><\/i>\n                                        <\/li>\n                                    <\/ul>\n                                    \n                                <\/div>\n                            <\/div>\n                            <!-- Sub Header Form -->\n                        <\/div>\n                                        <div class=\"jobsearch-row\">\n                    \n<div class=\"jobsearch-column-3 jobsearch-typo-wrap listin-filters-sidebar\">\n    <a href=\"javascript:void(0);\" class=\"close-listin-mobfiltrs\"><i class=\"fa fa-close\"><\/i><\/a>\n            <script type=\"text\/javascript\">\n            var jobsearch_sloc_country = \"\";\n            var jobsearch_sloc_state = \"\";\n            var jobsearch_sloc_city = \"\";\n            var jobsearch_is_admin = \"\";\n        <\/script>\n        \n        <div class=\"jobsearch-filter-responsive-wrap\">\n            <div class=\"jobsearch-search-filter-wrap jobsearch-search-filter-toggle \">\n                <div class=\"jobsearch-fltbox-title\"><a href=\"javascript:void(0);\"\n                                                       data-cname=\"job_loc_filter_collapse\"\n                                                       data-cval=\"open\"\n                                                       class=\"jobsearch-click-btn\">Localisation<\/a>\n                <\/div>\n                    <div class=\"jobsearch-checkbox-toggle\" style=\"display: block;\">\n        <script>\n                            jQuery(document).ready(function () {\n                    if (jQuery('.filter_location_location1').length > 0) {\n                        jQuery('.filter_location_location1').trigger('change');\n                    }\n                });\n                        <\/script>\n        <ul class=\"jobsearch-row jobsearch-employer-profile-form\">\n            <li class=\"jobsearch-column-12\">\n                <label>Localisations<\/label>\n                <div class=\"jobsearch-profile-select\">\n                    <select id=\"location_location1_2551020\" name=\"location_location1\" class=\"filter_location_location1 selectize-select\"  data-randid=\"2551020\" data-nextfieldelement=\"  R\u00e9gion\" data-nextfieldval=\"\"><option selected=\"selected\" value=\"\">  Localisations<\/option>\n<option value=\"afrique-hors-maghreb\">Afrique ( Hors Maghreb)<\/option>\n<option value=\"amerique-du-nord-usa-canada-mexique\">Am\u00e9rique du Nord ( Usa, Canada, Mexique)<\/option>\n<option value=\"amerique-du-sud-et-centrale\">Am\u00e9rique du Sud et Centrale<\/option>\n<option value=\"asie\">Asie<\/option>\n<option value=\"europe-hors-ue\">Europe (Hors UE)<\/option>\n<option value=\"maghreb-maroc-tunisie-algerie\">Maghreb ( Maroc, Tunisie, Alg\u00e9rie)<\/option>\n<option value=\"oceanie\">Oceanie<\/option>\n<option value=\"union-europeenne\">Union Europ\u00e9enne<\/option>\n<\/select>                <\/div>\n            <\/li>\n                    <\/ul>\n                <div class=\"onsubmit-apilocs-con\">\n            <a href=\"javascript:void(0);\" class=\"jobsearch-onsubmit-apilocs btn jobsearch-bgcolor\"\n               onclick=\"jobsearch_job_content_load(8646);\">Valider<\/a>\n        <\/div>\n    <\/div>\n                <\/div>\n        <\/div>\n        \n<\/div>\n                    <div class=\"jobsearch-column-9 jobsearch-typo-wrap\">\n                                                <div class=\"wp-jobsearch-job-content jobsearch-listing-maincon wp-jobsearch-dev-job-content\"\n                             id=\"jobsearch-data-job-content-8646\"\n                             data-id=\"8646\">\n                            <div id=\"jobsearch-loader-8646\"><\/div>\n                            <div class=\"jobsearch-job jobsearch-joblisting-classic\" id=\"jobsearch-job-8646\">\n\n\n    <ul class=\"jobsearch-row\">\n                        <li class=\"jobsearch-column-12\">\n                                        <div class=\"jobsearch-joblisting-classic-wrap\">\n                                                                            <figure>\n                                <a href=\"https:\/\/tc-consulting-rh.com\/fr\/nos-annonces\/candidature-spontanee\/\"                                    data-job-id=\"5741\"\n                                   class=\"\">\n                                    <img src=\"https:\/\/tc-consulting-rh.com\/wp-content\/uploads\/2022\/07\/logo-tc-consulting-370x265.webp\" alt=\"\">\n                                <\/a>\n                            <\/figure>\n                                                    <div class=\"jobsearch-joblisting-text\">\n                            <div class=\"jobsearch-table-layer\">\n                                <div class=\"jobsearch-table-row\">\n                                    <div class=\"jobsearch-table-cell-description\">\n                                        <div class=\"jobsearch-list-option\">\n                                            <h2 class=\"jobsearch-pst-title \"\n                                                data-job-id=\"5741\">\n                                                <a href=\"https:\/\/tc-consulting-rh.com\/fr\/nos-annonces\/candidature-spontanee\/\"                                                    title=\"Candidature spontan\u00e9e\">\n                                                    Candidature spontan\u00e9e                                                <\/a>\n                                                                                            <\/h2>\n                                                                                        <ul>\n                                                                                                   <div class=\"jobsearch-list-excerpt\">\n                                                    <p>Non avete ancora trovato la vostra felicit\u00e0 nelle nostre annonces?<\/p>\n                                                   <\/div>\n                                                                                            <\/ul>\n                                            <ul>\n                                                                                            <\/ul>\n                                                                                    <\/div>\n                                    <\/div>\n                                    <div class=\"jobsearch-table-cell\">\n                                        <div class=\"jobsearch-job-userlist\">\n                                                                <div class=\"like-btn \">\n                        <a href=\"javascript:void(0);\"\n                           class=\"shortlist jobsearch-open-signin-tab jobsearch-job-like\">\n                            <i class=\"fa fa-heart-o\"><\/i>\n                        <\/a>\n                    <\/div>\n                                                                \n                                        <\/div>\n                                                <ul class=\"jobsearch-locations\">\n                                                                                            <\/ul>\n                                    <\/div>\n                                <\/div>\n                            <\/div>\n                        <\/div>\n                    <\/div>\n                <\/li>\n                    <\/ul>\n<\/div>\n                        <\/div>\n                                                                    <\/div>\n                <\/div>\n                <input type=\"hidden\" class=\"job-counter\" value=\"8646\" \/>\n            <\/form>\n            <div class=\"jobs_query\" style=\"display:none;\">{\"posts_per_page\":\"15\",\"paged\":\"\",\"post_type\":\"job\",\"post_status\":\"publish\",\"order\":\"DESC\",\"orderby\":\"meta_value_num\",\"meta_key\":\"jobsearch_field_job_publish_date\",\"fields\":\"ids\",\"meta_query\":[[{\"relation\":\"OR\",\"0\":{\"key\":\"jobsearch_field_job_filled\",\"compare\":\"NOT EXISTS\"},\"1\":[{\"key\":\"jobsearch_field_job_filled\",\"value\":\"on\",\"compare\":\"!=\"}]},{\"key\":\"jobsearch_job_employer_status\",\"value\":\"approved\",\"compare\":\"=\"}]],\"post__in\":[\"5741\",\"5652\",\"5443\",\"5367\"]}<\/div>                    <\/div>\n                <\/div>\n            <\/div>\n\n            \n","protected":false},"excerpt":{"rendered":"","protected":false},"author":1,"featured_media":0,"parent":0,"menu_order":0,"comment_status":"closed","ping_status":"closed","template":"","meta":[],"yoast_head":"<!-- This site is optimized with the Yoast SEO plugin v19.5.1 - https:\/\/yoast.com\/wordpress\/plugins\/seo\/ -->\n<title>NOS OFFRES D&#039;EMPLOI - TC Consulting<\/title>\n<meta name=\"description\" content=\"Consultez toutes nos offres d&#039;emploi par secteur d&#039;activit\u00e9, localit\u00e9 et type de contrat. Vous trouverez forc\u00e9ment une annonce pour vous.\" \/>\n<meta name=\"robots\" content=\"index, follow, max-snippet:-1, max-image-preview:large, max-video-preview:-1\" \/>\n<link rel=\"canonical\" href=\"https:\/\/tc-consulting-rh.com\/fr\/nos-offres-demploi\/\" \/>\n<meta property=\"og:locale\" content=\"fr_FR\" \/>\n<meta property=\"og:type\" content=\"article\" \/>\n<meta property=\"og:title\" content=\"NOS OFFRES D&#039;EMPLOI - TC Consulting\" \/>\n<meta property=\"og:description\" content=\"Consultez toutes nos offres d&#039;emploi par secteur d&#039;activit\u00e9, localit\u00e9 et type de contrat. Vous trouverez forc\u00e9ment une annonce pour vous.\" \/>\n<meta property=\"og:url\" content=\"https:\/\/tc-consulting-rh.com\/fr\/nos-offres-demploi\/\" \/>\n<meta property=\"og:site_name\" content=\"TC Consulting\" \/>\n<meta property=\"article:modified_time\" content=\"2024-04-25T12:02:33+00:00\" \/>\n<meta name=\"twitter:card\" content=\"summary_large_image\" \/>\n<meta name=\"twitter:label1\" content=\"Dur\u00e9e de lecture estim\u00e9e\" \/>\n\t<meta name=\"twitter:data1\" content=\"1 minute\" \/>\n<script type=\"application\/ld+json\" class=\"yoast-schema-graph\">{\"@context\":\"https:\/\/schema.org\",\"@graph\":[{\"@type\":\"WebPage\",\"@id\":\"https:\/\/tc-consulting-rh.com\/fr\/nos-offres-demploi\/\",\"url\":\"https:\/\/tc-consulting-rh.com\/fr\/nos-offres-demploi\/\",\"name\":\"NOS OFFRES D'EMPLOI - TC Consulting\",\"isPartOf\":{\"@id\":\"https:\/\/tc-consulting-rh.com\/fr\/#website\"},\"datePublished\":\"2022-07-22T05:16:00+00:00\",\"dateModified\":\"2024-04-25T12:02:33+00:00\",\"description\":\"Consultez toutes nos offres d'emploi par secteur d'activit\u00e9, localit\u00e9 et type de contrat. Vous trouverez forc\u00e9ment une annonce pour vous.\",\"breadcrumb\":{\"@id\":\"https:\/\/tc-consulting-rh.com\/fr\/nos-offres-demploi\/#breadcrumb\"},\"inLanguage\":\"fr-FR\",\"potentialAction\":[{\"@type\":\"ReadAction\",\"target\":[\"https:\/\/tc-consulting-rh.com\/fr\/nos-offres-demploi\/\"]}]},{\"@type\":\"BreadcrumbList\",\"@id\":\"https:\/\/tc-consulting-rh.com\/fr\/nos-offres-demploi\/#breadcrumb\",\"itemListElement\":[{\"@type\":\"ListItem\",\"position\":1,\"name\":\"Accueil\",\"item\":\"https:\/\/tc-consulting-rh.com\/fr\/\"},{\"@type\":\"ListItem\",\"position\":2,\"name\":\"NOS OFFRES D&#8217;EMPLOI\"}]},{\"@type\":\"WebSite\",\"@id\":\"https:\/\/tc-consulting-rh.com\/fr\/#website\",\"url\":\"https:\/\/tc-consulting-rh.com\/fr\/\",\"name\":\"TC Consulting\",\"description\":\"Cabinet de recrutement en Vend\u00e9e\",\"potentialAction\":[{\"@type\":\"SearchAction\",\"target\":{\"@type\":\"EntryPoint\",\"urlTemplate\":\"https:\/\/tc-consulting-rh.com\/fr\/?s={search_term_string}\"},\"query-input\":\"required name=search_term_string\"}],\"inLanguage\":\"fr-FR\"}]}<\/script>\n<!-- \/ Yoast SEO plugin. -->","yoast_head_json":{"title":"NOS OFFRES D'EMPLOI - TC Consulting","description":"Consultez toutes nos offres d'emploi par secteur d'activit\u00e9, localit\u00e9 et type de contrat. Vous trouverez forc\u00e9ment une annonce pour vous.","robots":{"index":"index","follow":"follow","max-snippet":"max-snippet:-1","max-image-preview":"max-image-preview:large","max-video-preview":"max-video-preview:-1"},"canonical":"https:\/\/tc-consulting-rh.com\/fr\/nos-offres-demploi\/","og_locale":"fr_FR","og_type":"article","og_title":"NOS OFFRES D'EMPLOI - TC Consulting","og_description":"Consultez toutes nos offres d'emploi par secteur d'activit\u00e9, localit\u00e9 et type de contrat. Vous trouverez forc\u00e9ment une annonce pour vous.","og_url":"https:\/\/tc-consulting-rh.com\/fr\/nos-offres-demploi\/","og_site_name":"TC Consulting","article_modified_time":"2024-04-25T12:02:33+00:00","twitter_card":"summary_large_image","twitter_misc":{"Dur\u00e9e de lecture estim\u00e9e":"1 minute"},"schema":{"@context":"https:\/\/schema.org","@graph":[{"@type":"WebPage","@id":"https:\/\/tc-consulting-rh.com\/fr\/nos-offres-demploi\/","url":"https:\/\/tc-consulting-rh.com\/fr\/nos-offres-demploi\/","name":"NOS OFFRES D'EMPLOI - TC Consulting","isPartOf":{"@id":"https:\/\/tc-consulting-rh.com\/fr\/#website"},"datePublished":"2022-07-22T05:16:00+00:00","dateModified":"2024-04-25T12:02:33+00:00","description":"Consultez toutes nos offres d'emploi par secteur d'activit\u00e9, localit\u00e9 et type de contrat. Vous trouverez forc\u00e9ment une annonce pour vous.","breadcrumb":{"@id":"https:\/\/tc-consulting-rh.com\/fr\/nos-offres-demploi\/#breadcrumb"},"inLanguage":"fr-FR","potentialAction":[{"@type":"ReadAction","target":["https:\/\/tc-consulting-rh.com\/fr\/nos-offres-demploi\/"]}]},{"@type":"BreadcrumbList","@id":"https:\/\/tc-consulting-rh.com\/fr\/nos-offres-demploi\/#breadcrumb","itemListElement":[{"@type":"ListItem","position":1,"name":"Accueil","item":"https:\/\/tc-consulting-rh.com\/fr\/"},{"@type":"ListItem","position":2,"name":"NOS OFFRES D&#8217;EMPLOI"}]},{"@type":"WebSite","@id":"https:\/\/tc-consulting-rh.com\/fr\/#website","url":"https:\/\/tc-consulting-rh.com\/fr\/","name":"TC Consulting","description":"Cabinet de recrutement en Vend\u00e9e","potentialAction":[{"@type":"SearchAction","target":{"@type":"EntryPoint","urlTemplate":"https:\/\/tc-consulting-rh.com\/fr\/?s={search_term_string}"},"query-input":"required name=search_term_string"}],"inLanguage":"fr-FR"}]}},"_links":{"self":[{"href":"https:\/\/tc-consulting-rh.com\/fr\/wp-json\/wp\/v2\/pages\/5692"}],"collection":[{"href":"https:\/\/tc-consulting-rh.com\/fr\/wp-json\/wp\/v2\/pages"}],"about":[{"href":"https:\/\/tc-consulting-rh.com\/fr\/wp-json\/wp\/v2\/types\/page"}],"author":[{"embeddable":true,"href":"https:\/\/tc-consulting-rh.com\/fr\/wp-json\/wp\/v2\/users\/1"}],"replies":[{"embeddable":true,"href":"https:\/\/tc-consulting-rh.com\/fr\/wp-json\/wp\/v2\/comments?post=5692"}],"version-history":[{"count":7,"href":"https:\/\/tc-consulting-rh.com\/fr\/wp-json\/wp\/v2\/pages\/5692\/revisions"}],"predecessor-version":[{"id":7695,"href":"https:\/\/tc-consulting-rh.com\/fr\/wp-json\/wp\/v2\/pages\/5692\/revisions\/7695"}],"wp:attachment":[{"href":"https:\/\/tc-consulting-rh.com\/fr\/wp-json\/wp\/v2\/media?parent=5692"}],"curies":[{"name":"wp","href":"https:\/\/api.w.org\/{rel}","templated":true}]}}