{"id":5691,"date":"2022-07-22T07:49:42","date_gmt":"2022-07-22T06:49:42","guid":{"rendered":"https:\/\/tc-consulting-rh.com\/mentions-legales\/"},"modified":"2024-04-24T08:46:22","modified_gmt":"2024-04-24T07:46:22","slug":"mentions-legales","status":"publish","type":"page","link":"https:\/\/tc-consulting-rh.com\/fr\/mentions-legales\/","title":{"rendered":"Mentions L\u00e9gales"},"content":{"rendered":"\n<p><strong>Responsable \u00e9ditorial<\/strong><\/p>\n\n\n\n<p>M. Thierry Charrier \u2013&nbsp;<a href=\"mailto:contact@tc-consulting-rh.fr\"><em>t.charrier@tc-consulting-rh.fr<\/em><\/a><\/p>\n\n\n\n<p><strong>D\u00e9veloppement, graphisme, r\u00e9f\u00e9rencement<\/strong><\/p>\n\n\n\n<p>Le coin du digital \u2013 188 rue Nationale 49300 Cholet \u2013&nbsp;<a href=\"mailto:contact@lecoindudigital.fr\">contact@lecoindudigital.fr<\/a><\/p>\n\n\n\n<p>Nous informons les candidats que la proc\u00e9dure de recrutement utilis\u00e9e par TC Consulting comprend : un entretien t\u00e9l\u00e9phonique, suivi d\u2019un entretien individuel au cabinet ou en visioconf\u00e9rence<em>,<\/em>&nbsp;compl\u00e9t\u00e9s par des tests (personnalit\u00e9,&nbsp;bureautique, linguistique)<em>, l<\/em>a v\u00e9rification des donn\u00e9es de parcours et avec l\u2019autorisation du candidat une v\u00e9rification de la validit\u00e9 des dates.<\/p>\n\n\n\n<p>Les r\u00e9sultats des tests sont g\u00e9n\u00e9ralement fournis et comment\u00e9s avec le candidat, dans le cas contraire ils seront fournis sur simple demande.<\/p>\n\n\n\n<p>Nous vous informons que les donn\u00e9es sont informatis\u00e9es, et trait\u00e9es de fa\u00e7on confidentielle. Elles&nbsp;sont par ailleurs conserv\u00e9es pour une dur\u00e9e de maximum 36 mois \u00e0 compter du dernier contact.<\/p>\n\n\n\n<p>Seules les personnes habilit\u00e9es de la soci\u00e9t\u00e9 peuvent acc\u00e9der \u00e0 vos donn\u00e9es \u00e0 des fins strictement internes. La soci\u00e9t\u00e9 est susceptible&nbsp;de communiquer les informations candidat \u00e0 toute entreprise cliente apr\u00e8s obtention de l\u2019accord dudit candidat.<\/p>\n\n\n\n<p>Vous pouvez sur simple demande acc\u00e9der aux informations vous concernant, les amender ou les supprimer pour ce faire il suffit de nous faire parvenir votre requ\u00eate par &nbsp;mail \u00e0 :<\/p>\n\n\n\n<p><a href=\"mailto:contact@tc-consulting-rh.fr\">contact@tc-consulting-rh.fr<\/a><\/p>\n\n\n\n<p>Thierry Charrier Consulting SAS \u2013 27 rue d\u2019Ardelay 85500 Les Herbiers \u2013 France<\/p>\n\n\n\n<p>+33&nbsp;252&nbsp;651 011<\/p>\n\n\n\n<p>Soci\u00e9t\u00e9 SAS au capital de 30 000 \u20ac \u2013 Immatricul\u00e9e au RCS de la Roche sur Yon &#8211; France<\/p>\n\n\n\n<p>SIRET:&nbsp;830 218 137 00016<\/p>\n","protected":false},"excerpt":{"rendered":"<p>Responsable \u00e9ditorial M. Thierry Charrier \u2013&nbsp;t.charrier@tc-consulting-rh.fr D\u00e9veloppement, graphisme, r\u00e9f\u00e9rencement Le coin du digital \u2013 188 rue Nationale 49300 Cholet \u2013&nbsp;contact@lecoindudigital.fr Nous informons les candidats que la proc\u00e9dure de recrutement utilis\u00e9e par TC Consulting comprend : un entretien t\u00e9l\u00e9phonique, suivi d\u2019un entretien individuel au cabinet ou en visioconf\u00e9rence,&nbsp;compl\u00e9t\u00e9s par des tests (personnalit\u00e9,&nbsp;bureautique, linguistique), la v\u00e9rification des [&hellip;]<\/p>\n","protected":false},"author":1,"featured_media":0,"parent":0,"menu_order":0,"comment_status":"closed","ping_status":"closed","template":"","meta":[],"yoast_head":"<!-- This site is optimized with the Yoast SEO plugin v19.5.1 - https:\/\/yoast.com\/wordpress\/plugins\/seo\/ -->\n<title>Mentions L\u00e9gales - TC Consulting<\/title>\n<meta name=\"robots\" content=\"index, follow, max-snippet:-1, max-image-preview:large, max-video-preview:-1\" \/>\n<link rel=\"canonical\" href=\"https:\/\/tc-consulting-rh.com\/fr\/mentions-legales\/\" \/>\n<meta property=\"og:locale\" content=\"fr_FR\" \/>\n<meta property=\"og:type\" content=\"article\" \/>\n<meta property=\"og:title\" content=\"Mentions L\u00e9gales - TC Consulting\" \/>\n<meta property=\"og:description\" content=\"Responsable \u00e9ditorial M. Thierry Charrier \u2013&nbsp;t.charrier@tc-consulting-rh.fr D\u00e9veloppement, graphisme, r\u00e9f\u00e9rencement Le coin du digital \u2013 188 rue Nationale 49300 Cholet \u2013&nbsp;contact@lecoindudigital.fr Nous informons les candidats que la proc\u00e9dure de recrutement utilis\u00e9e par TC Consulting comprend : un entretien t\u00e9l\u00e9phonique, suivi d\u2019un entretien individuel au cabinet ou en visioconf\u00e9rence,&nbsp;compl\u00e9t\u00e9s par des tests (personnalit\u00e9,&nbsp;bureautique, linguistique), la v\u00e9rification des [&hellip;]\" \/>\n<meta property=\"og:url\" content=\"https:\/\/tc-consulting-rh.com\/fr\/mentions-legales\/\" \/>\n<meta property=\"og:site_name\" content=\"TC Consulting\" \/>\n<meta property=\"article:modified_time\" content=\"2024-04-24T07:46:22+00:00\" \/>\n<meta name=\"twitter:card\" content=\"summary_large_image\" \/>\n<meta name=\"twitter:label1\" content=\"Dur\u00e9e de lecture estim\u00e9e\" \/>\n\t<meta name=\"twitter:data1\" content=\"1 minute\" \/>\n<script type=\"application\/ld+json\" class=\"yoast-schema-graph\">{\"@context\":\"https:\/\/schema.org\",\"@graph\":[{\"@type\":\"WebPage\",\"@id\":\"https:\/\/tc-consulting-rh.com\/fr\/mentions-legales\/\",\"url\":\"https:\/\/tc-consulting-rh.com\/fr\/mentions-legales\/\",\"name\":\"Mentions L\u00e9gales - TC Consulting\",\"isPartOf\":{\"@id\":\"https:\/\/tc-consulting-rh.com\/fr\/#website\"},\"datePublished\":\"2022-07-22T06:49:42+00:00\",\"dateModified\":\"2024-04-24T07:46:22+00:00\",\"breadcrumb\":{\"@id\":\"https:\/\/tc-consulting-rh.com\/fr\/mentions-legales\/#breadcrumb\"},\"inLanguage\":\"fr-FR\",\"potentialAction\":[{\"@type\":\"ReadAction\",\"target\":[\"https:\/\/tc-consulting-rh.com\/fr\/mentions-legales\/\"]}]},{\"@type\":\"BreadcrumbList\",\"@id\":\"https:\/\/tc-consulting-rh.com\/fr\/mentions-legales\/#breadcrumb\",\"itemListElement\":[{\"@type\":\"ListItem\",\"position\":1,\"name\":\"Accueil\",\"item\":\"https:\/\/tc-consulting-rh.com\/fr\/\"},{\"@type\":\"ListItem\",\"position\":2,\"name\":\"Mentions L\u00e9gales\"}]},{\"@type\":\"WebSite\",\"@id\":\"https:\/\/tc-consulting-rh.com\/fr\/#website\",\"url\":\"https:\/\/tc-consulting-rh.com\/fr\/\",\"name\":\"TC Consulting\",\"description\":\"Cabinet de recrutement en Vend\u00e9e\",\"potentialAction\":[{\"@type\":\"SearchAction\",\"target\":{\"@type\":\"EntryPoint\",\"urlTemplate\":\"https:\/\/tc-consulting-rh.com\/fr\/?s={search_term_string}\"},\"query-input\":\"required name=search_term_string\"}],\"inLanguage\":\"fr-FR\"}]}<\/script>\n<!-- \/ Yoast SEO plugin. -->","yoast_head_json":{"title":"Mentions L\u00e9gales - TC Consulting","robots":{"index":"index","follow":"follow","max-snippet":"max-snippet:-1","max-image-preview":"max-image-preview:large","max-video-preview":"max-video-preview:-1"},"canonical":"https:\/\/tc-consulting-rh.com\/fr\/mentions-legales\/","og_locale":"fr_FR","og_type":"article","og_title":"Mentions L\u00e9gales - TC Consulting","og_description":"Responsable \u00e9ditorial M. Thierry Charrier \u2013&nbsp;t.charrier@tc-consulting-rh.fr D\u00e9veloppement, graphisme, r\u00e9f\u00e9rencement Le coin du digital \u2013 188 rue Nationale 49300 Cholet \u2013&nbsp;contact@lecoindudigital.fr Nous informons les candidats que la proc\u00e9dure de recrutement utilis\u00e9e par TC Consulting comprend : un entretien t\u00e9l\u00e9phonique, suivi d\u2019un entretien individuel au cabinet ou en visioconf\u00e9rence,&nbsp;compl\u00e9t\u00e9s par des tests (personnalit\u00e9,&nbsp;bureautique, linguistique), la v\u00e9rification des [&hellip;]","og_url":"https:\/\/tc-consulting-rh.com\/fr\/mentions-legales\/","og_site_name":"TC Consulting","article_modified_time":"2024-04-24T07:46:22+00:00","twitter_card":"summary_large_image","twitter_misc":{"Dur\u00e9e de lecture estim\u00e9e":"1 minute"},"schema":{"@context":"https:\/\/schema.org","@graph":[{"@type":"WebPage","@id":"https:\/\/tc-consulting-rh.com\/fr\/mentions-legales\/","url":"https:\/\/tc-consulting-rh.com\/fr\/mentions-legales\/","name":"Mentions L\u00e9gales - TC Consulting","isPartOf":{"@id":"https:\/\/tc-consulting-rh.com\/fr\/#website"},"datePublished":"2022-07-22T06:49:42+00:00","dateModified":"2024-04-24T07:46:22+00:00","breadcrumb":{"@id":"https:\/\/tc-consulting-rh.com\/fr\/mentions-legales\/#breadcrumb"},"inLanguage":"fr-FR","potentialAction":[{"@type":"ReadAction","target":["https:\/\/tc-consulting-rh.com\/fr\/mentions-legales\/"]}]},{"@type":"BreadcrumbList","@id":"https:\/\/tc-consulting-rh.com\/fr\/mentions-legales\/#breadcrumb","itemListElement":[{"@type":"ListItem","position":1,"name":"Accueil","item":"https:\/\/tc-consulting-rh.com\/fr\/"},{"@type":"ListItem","position":2,"name":"Mentions L\u00e9gales"}]},{"@type":"WebSite","@id":"https:\/\/tc-consulting-rh.com\/fr\/#website","url":"https:\/\/tc-consulting-rh.com\/fr\/","name":"TC Consulting","description":"Cabinet de recrutement en Vend\u00e9e","potentialAction":[{"@type":"SearchAction","target":{"@type":"EntryPoint","urlTemplate":"https:\/\/tc-consulting-rh.com\/fr\/?s={search_term_string}"},"query-input":"required name=search_term_string"}],"inLanguage":"fr-FR"}]}},"_links":{"self":[{"href":"https:\/\/tc-consulting-rh.com\/fr\/wp-json\/wp\/v2\/pages\/5691"}],"collection":[{"href":"https:\/\/tc-consulting-rh.com\/fr\/wp-json\/wp\/v2\/pages"}],"about":[{"href":"https:\/\/tc-consulting-rh.com\/fr\/wp-json\/wp\/v2\/types\/page"}],"author":[{"embeddable":true,"href":"https:\/\/tc-consulting-rh.com\/fr\/wp-json\/wp\/v2\/users\/1"}],"replies":[{"embeddable":true,"href":"https:\/\/tc-consulting-rh.com\/fr\/wp-json\/wp\/v2\/comments?post=5691"}],"version-history":[{"count":8,"href":"https:\/\/tc-consulting-rh.com\/fr\/wp-json\/wp\/v2\/pages\/5691\/revisions"}],"predecessor-version":[{"id":7228,"href":"https:\/\/tc-consulting-rh.com\/fr\/wp-json\/wp\/v2\/pages\/5691\/revisions\/7228"}],"wp:attachment":[{"href":"https:\/\/tc-consulting-rh.com\/fr\/wp-json\/wp\/v2\/media?parent=5691"}],"curies":[{"name":"wp","href":"https:\/\/api.w.org\/{rel}","templated":true}]}}