{"id":5683,"date":"2022-07-01T08:06:46","date_gmt":"2022-07-01T07:06:46","guid":{"rendered":"https:\/\/tc-consulting-rh.com\/espace-candidat\/"},"modified":"2024-04-25T09:31:52","modified_gmt":"2024-04-25T08:31:52","slug":"vous-recherchez-un-poste","status":"publish","type":"page","link":"https:\/\/tc-consulting-rh.com\/fr\/vous-recherchez-un-poste\/","title":{"rendered":"VOUS RECHERCHEZ UN POSTE ?"},"content":{"rendered":"\t\t<div data-elementor-type=\"wp-page\" data-elementor-id=\"5683\" class=\"elementor elementor-5683 elementor-39\">\n\t\t\t\t\t\t\t\t\t<section class=\"elementor-section elementor-top-section elementor-element elementor-element-23acd98c elementor-section-boxed elementor-section-height-default elementor-section-height-default\" data-id=\"23acd98c\" data-element_type=\"section\" data-settings=\"{&quot;background_background&quot;:&quot;classic&quot;}\">\n\t\t\t\t\t\t<div class=\"elementor-container elementor-column-gap-default\">\n\t\t\t\t\t<div class=\"elementor-column elementor-col-100 elementor-top-column elementor-element elementor-element-1af8e41a\" data-id=\"1af8e41a\" data-element_type=\"column\">\n\t\t\t<div class=\"elementor-widget-wrap elementor-element-populated\">\n\t\t\t\t\t\t\t\t<div class=\"elementor-element elementor-element-c3c1b30 elementor-widget elementor-widget-heading\" data-id=\"c3c1b30\" data-element_type=\"widget\" data-widget_type=\"heading.default\">\n\t\t\t\t<div class=\"elementor-widget-container\">\n\t\t\t<style>\/*! elementor - v3.6.6 - 08-06-2022 *\/\n.elementor-heading-title{padding:0;margin:0;line-height:1}.elementor-widget-heading .elementor-heading-title[class*=elementor-size-]>a{color:inherit;font-size:inherit;line-height:inherit}.elementor-widget-heading .elementor-heading-title.elementor-size-small{font-size:15px}.elementor-widget-heading .elementor-heading-title.elementor-size-medium{font-size:19px}.elementor-widget-heading .elementor-heading-title.elementor-size-large{font-size:29px}.elementor-widget-heading .elementor-heading-title.elementor-size-xl{font-size:39px}.elementor-widget-heading .elementor-heading-title.elementor-size-xxl{font-size:59px}<\/style><h1 class=\"elementor-heading-title elementor-size-default\">VOUS ETES CANDIDAT(E)<\/h1>\t\t<\/div>\n\t\t\t\t<\/div>\n\t\t\t\t\t<\/div>\n\t\t<\/div>\n\t\t\t\t\t\t\t<\/div>\n\t\t<\/section>\n\t\t\t\t<section class=\"elementor-section elementor-top-section elementor-element elementor-element-403f6a14 elementor-section-boxed elementor-section-height-default elementor-section-height-default\" data-id=\"403f6a14\" data-element_type=\"section\">\n\t\t\t\t\t\t<div class=\"elementor-container elementor-column-gap-default\">\n\t\t\t\t\t<div class=\"elementor-column elementor-col-100 elementor-top-column elementor-element elementor-element-10407794\" data-id=\"10407794\" data-element_type=\"column\">\n\t\t\t<div class=\"elementor-widget-wrap elementor-element-populated\">\n\t\t\t\t\t\t\t\t<section class=\"elementor-section elementor-inner-section elementor-element elementor-element-1219bc0 elementor-section-boxed elementor-section-height-default elementor-section-height-default\" data-id=\"1219bc0\" data-element_type=\"section\">\n\t\t\t\t\t\t<div class=\"elementor-container elementor-column-gap-default\">\n\t\t\t\t\t<div class=\"elementor-column elementor-col-50 elementor-inner-column elementor-element elementor-element-f17dec5\" data-id=\"f17dec5\" data-element_type=\"column\">\n\t\t\t<div class=\"elementor-widget-wrap elementor-element-populated\">\n\t\t\t\t\t\t\t\t<div class=\"elementor-element elementor-element-110c6d8 elementor-widget elementor-widget-image\" data-id=\"110c6d8\" data-element_type=\"widget\" data-widget_type=\"image.default\">\n\t\t\t\t<div class=\"elementor-widget-container\">\n\t\t\t<style>\/*! elementor - v3.6.6 - 08-06-2022 *\/\n.elementor-widget-image{text-align:center}.elementor-widget-image a{display:inline-block}.elementor-widget-image a img[src$=\".svg\"]{width:48px}.elementor-widget-image img{vertical-align:middle;display:inline-block}<\/style>\t\t\t\t\t\t\t\t\t\t\t\t<img decoding=\"async\" width=\"2560\" height=\"1707\" src=\"https:\/\/tc-consulting-rh.com\/wp-content\/uploads\/2022\/10\/AdobeStock_195958676-scaled.webp\" class=\"attachment-large size-large\" alt=\"\" loading=\"lazy\" srcset=\"https:\/\/tc-consulting-rh.com\/wp-content\/uploads\/2022\/10\/AdobeStock_195958676-scaled.webp 2560w, https:\/\/tc-consulting-rh.com\/wp-content\/uploads\/2022\/10\/AdobeStock_195958676-768x512.webp 768w, https:\/\/tc-consulting-rh.com\/wp-content\/uploads\/2022\/10\/AdobeStock_195958676-1536x1024.webp 1536w, https:\/\/tc-consulting-rh.com\/wp-content\/uploads\/2022\/10\/AdobeStock_195958676-2048x1366.webp 2048w, https:\/\/tc-consulting-rh.com\/wp-content\/uploads\/2022\/10\/AdobeStock_195958676-600x400.webp 600w\" sizes=\"(max-width: 2560px) 100vw, 2560px\" \/>\t\t\t\t\t\t\t\t\t\t\t\t\t\t\t<\/div>\n\t\t\t\t<\/div>\n\t\t\t\t\t<\/div>\n\t\t<\/div>\n\t\t\t\t<div class=\"elementor-column elementor-col-50 elementor-inner-column elementor-element elementor-element-eb97d81\" data-id=\"eb97d81\" data-element_type=\"column\">\n\t\t\t<div class=\"elementor-widget-wrap elementor-element-populated\">\n\t\t\t\t\t\t\t\t<div class=\"elementor-element elementor-element-5811632c elementor-widget elementor-widget-text-editor\" data-id=\"5811632c\" data-element_type=\"widget\" data-widget_type=\"text-editor.default\">\n\t\t\t\t<div class=\"elementor-widget-container\">\n\t\t\t<style>\/*! elementor - v3.6.6 - 08-06-2022 *\/\n.elementor-widget-text-editor.elementor-drop-cap-view-stacked .elementor-drop-cap{background-color:#818a91;color:#fff}.elementor-widget-text-editor.elementor-drop-cap-view-framed .elementor-drop-cap{color:#818a91;border:3px solid;background-color:transparent}.elementor-widget-text-editor:not(.elementor-drop-cap-view-default) .elementor-drop-cap{margin-top:8px}.elementor-widget-text-editor:not(.elementor-drop-cap-view-default) .elementor-drop-cap-letter{width:1em;height:1em}.elementor-widget-text-editor .elementor-drop-cap{float:left;text-align:center;line-height:1;font-size:50px}.elementor-widget-text-editor .elementor-drop-cap-letter{display:inline-block}<\/style>\t\t\t\t<p>TC CONSULTING est un Cabinet de Recrutement Dirigeants, Cadres et Supports techniques \u00e0 vocation Fran\u00e7aise et Internationale. Notre objectif est d\u2019accompagner au mieux votre candidature et de cr\u00e9er un matching coh\u00e9rent avec les entreprises recruteuses.<\/p><p>Nous sommes extr\u00eamement vigilants \u00e0 la relation que nous instaurons avec vous, que nous souhaitons respectueuse, authentique et bien s\u00fbr confidentielle.<\/p><p>Nous sommes l\u00e0 pour vous accompagner et vous conseiller dans la gestion des entretiens, mais aussi pour accompagner votre prise de fonction, notamment dans le cadre d\u2019une expatriation.<\/p>\t\t\t\t\t\t<\/div>\n\t\t\t\t<\/div>\n\t\t\t\t\t<\/div>\n\t\t<\/div>\n\t\t\t\t\t\t\t<\/div>\n\t\t<\/section>\n\t\t\t\t<div class=\"elementor-element elementor-element-7f7ed803 elementor-widget elementor-widget-heading\" data-id=\"7f7ed803\" data-element_type=\"widget\" data-widget_type=\"heading.default\">\n\t\t\t\t<div class=\"elementor-widget-container\">\n\t\t\t<h3 class=\"elementor-heading-title elementor-size-default\">Pourquoi mettre mon CV dans les mains d'un cabinet de recrutement comme TC CONSULTING ?<\/h3>\t\t<\/div>\n\t\t\t\t<\/div>\n\t\t\t\t<div class=\"elementor-element elementor-element-6b5f79fa elementor-widget elementor-widget-text-editor\" data-id=\"6b5f79fa\" data-element_type=\"widget\" data-widget_type=\"text-editor.default\">\n\t\t\t\t<div class=\"elementor-widget-container\">\n\t\t\t\t\t\t\t<p>\u27a1\ufe0f Parce qu\u2019 en tant que professionnels du recrutement international, nous centralisons de nombreuses opportunit\u00e9s, ce qui vous permet de gagner en efficacit\u00e9 dans votre recherche<\/p><p>\u27a1\ufe0f Parce que nous pouvons vous conseiller et vous orienter dans votre d\u00e9marche<\/p><p>\u27a1\ufe0f C\u2019est confidentiel et d\u00e9nu\u00e9 de jugement. Pour nous, la gestion de carri\u00e8re est un acte extr\u00eamement personnel<\/p><p>\u27a1\ufe0fEnfin, au cas o\u00f9 vous en douteriez\u2026 c\u2019est totalement gratuit pour vous<\/p>\t\t\t\t\t\t<\/div>\n\t\t\t\t<\/div>\n\t\t\t\t<div class=\"elementor-element elementor-element-55d06f97 elementor-align-center elementor-widget elementor-widget-button\" data-id=\"55d06f97\" data-element_type=\"widget\" data-widget_type=\"button.default\">\n\t\t\t\t<div class=\"elementor-widget-container\">\n\t\t\t\t\t<div class=\"elementor-button-wrapper\">\n\t\t\t<a href=\"https:\/\/tc-consulting-rh.com\/fr\/contact\/\" class=\"elementor-button-link elementor-button elementor-size-lg\" role=\"button\">\n\t\t\t\t\t\t<span class=\"elementor-button-content-wrapper\">\n\t\t\t\t\t\t<span class=\"elementor-button-text\">CONTACTEZ NOUS<\/span>\n\t\t<\/span>\n\t\t\t\t\t<\/a>\n\t\t<\/div>\n\t\t\t\t<\/div>\n\t\t\t\t<\/div>\n\t\t\t\t\t<\/div>\n\t\t<\/div>\n\t\t\t\t\t\t\t<\/div>\n\t\t<\/section>\n\t\t\t\t<section class=\"elementor-section elementor-top-section elementor-element elementor-element-1af94c0 elementor-section-boxed elementor-section-height-default elementor-section-height-default\" data-id=\"1af94c0\" data-element_type=\"section\">\n\t\t\t\t\t\t<div class=\"elementor-container elementor-column-gap-default\">\n\t\t\t\t\t<div class=\"elementor-column elementor-col-50 elementor-top-column elementor-element elementor-element-7a240fa\" data-id=\"7a240fa\" data-element_type=\"column\">\n\t\t\t<div class=\"elementor-widget-wrap elementor-element-populated\">\n\t\t\t\t\t\t\t\t<div class=\"elementor-element elementor-element-b95417b elementor-widget elementor-widget-heading\" data-id=\"b95417b\" data-element_type=\"widget\" data-widget_type=\"heading.default\">\n\t\t\t\t<div class=\"elementor-widget-container\">\n\t\t\t<h2 class=\"elementor-heading-title elementor-size-default\">Deux approches pour postuler :<\/h2>\t\t<\/div>\n\t\t\t\t<\/div>\n\t\t\t\t<div class=\"elementor-element elementor-element-04e49b8 elementor-widget elementor-widget-text-editor\" data-id=\"04e49b8\" data-element_type=\"widget\" data-widget_type=\"text-editor.default\">\n\t\t\t\t<div class=\"elementor-widget-container\">\n\t\t\t\t\t\t\t<ul><li><a href=\"https:\/\/tc-consulting-rh.com\/fr\/nos-annonces\/candidate\/\">Candidature spontan\u00e9e<\/a><\/li><li><a href=\"https:\/\/tc-consulting-rh.com\/fr\/nos-offres-demploi\/\">Nos offres d&#8217;emploi<\/a><\/li><\/ul>\t\t\t\t\t\t<\/div>\n\t\t\t\t<\/div>\n\t\t\t\t\t<\/div>\n\t\t<\/div>\n\t\t\t\t<div class=\"elementor-column elementor-col-50 elementor-top-column elementor-element elementor-element-ed063ea\" data-id=\"ed063ea\" data-element_type=\"column\">\n\t\t\t<div class=\"elementor-widget-wrap elementor-element-populated\">\n\t\t\t\t\t\t\t\t<div class=\"elementor-element elementor-element-5e69e16 elementor-widget elementor-widget-image\" data-id=\"5e69e16\" data-element_type=\"widget\" data-widget_type=\"image.default\">\n\t\t\t\t<div class=\"elementor-widget-container\">\n\t\t\t\t\t\t\t\t\t\t\t\t\t\t\t<img decoding=\"async\" width=\"2560\" height=\"1599\" src=\"https:\/\/tc-consulting-rh.com\/wp-content\/uploads\/2022\/10\/AdobeStock_238632473-scaled.webp\" class=\"attachment-large size-large\" alt=\"\" loading=\"lazy\" srcset=\"https:\/\/tc-consulting-rh.com\/wp-content\/uploads\/2022\/10\/AdobeStock_238632473-scaled.webp 2560w, https:\/\/tc-consulting-rh.com\/wp-content\/uploads\/2022\/10\/AdobeStock_238632473-768x480.webp 768w, https:\/\/tc-consulting-rh.com\/wp-content\/uploads\/2022\/10\/AdobeStock_238632473-1536x960.webp 1536w, https:\/\/tc-consulting-rh.com\/wp-content\/uploads\/2022\/10\/AdobeStock_238632473-2048x1279.webp 2048w, https:\/\/tc-consulting-rh.com\/wp-content\/uploads\/2022\/10\/AdobeStock_238632473-600x375.webp 600w\" sizes=\"(max-width: 2560px) 100vw, 2560px\" \/>\t\t\t\t\t\t\t\t\t\t\t\t\t\t\t<\/div>\n\t\t\t\t<\/div>\n\t\t\t\t\t<\/div>\n\t\t<\/div>\n\t\t\t\t\t\t\t<\/div>\n\t\t<\/section>\n\t\t\t\t\t\t\t<\/div>\n\t\t","protected":false},"excerpt":{"rendered":"<p>VOUS ETES CANDIDAT(E) TC CONSULTING est un Cabinet de Recrutement Dirigeants, Cadres et Supports techniques \u00e0 vocation Fran\u00e7aise et Internationale. Notre objectif est d\u2019accompagner au mieux votre candidature et de cr\u00e9er un matching coh\u00e9rent avec les entreprises recruteuses. Nous sommes extr\u00eamement vigilants \u00e0 la relation que nous instaurons avec vous, que nous souhaitons respectueuse, authentique [&hellip;]<\/p>\n","protected":false},"author":1,"featured_media":0,"parent":0,"menu_order":0,"comment_status":"closed","ping_status":"closed","template":"elementor_header_footer","meta":[],"yoast_head":"<!-- This site is optimized with the Yoast SEO plugin v19.5.1 - https:\/\/yoast.com\/wordpress\/plugins\/seo\/ -->\n<title>VOUS RECHERCHEZ UN POSTE ? - TC Consulting<\/title>\n<meta name=\"description\" content=\"Vous recherchez activement un emploi ? Notre \u00e9quipe peut vous accompagner pour trouver le poste qui vous conviendra.\" \/>\n<meta name=\"robots\" content=\"index, follow, max-snippet:-1, max-image-preview:large, max-video-preview:-1\" \/>\n<link rel=\"canonical\" href=\"https:\/\/tc-consulting-rh.com\/fr\/vous-recherchez-un-poste\/\" \/>\n<meta property=\"og:locale\" content=\"fr_FR\" \/>\n<meta property=\"og:type\" content=\"article\" \/>\n<meta property=\"og:title\" content=\"VOUS RECHERCHEZ UN POSTE ? - TC Consulting\" \/>\n<meta property=\"og:description\" content=\"Vous recherchez activement un emploi ? Notre \u00e9quipe peut vous accompagner pour trouver le poste qui vous conviendra.\" \/>\n<meta property=\"og:url\" content=\"https:\/\/tc-consulting-rh.com\/fr\/vous-recherchez-un-poste\/\" \/>\n<meta property=\"og:site_name\" content=\"TC Consulting\" \/>\n<meta property=\"article:modified_time\" content=\"2024-04-25T08:31:52+00:00\" \/>\n<meta property=\"og:image\" content=\"https:\/\/tc-consulting-rh.com\/wp-content\/uploads\/2022\/10\/AdobeStock_195958676-scaled.webp\" \/>\n<meta name=\"twitter:card\" content=\"summary_large_image\" \/>\n<meta name=\"twitter:label1\" content=\"Dur\u00e9e de lecture estim\u00e9e\" \/>\n\t<meta name=\"twitter:data1\" content=\"3 minutes\" \/>\n<script type=\"application\/ld+json\" class=\"yoast-schema-graph\">{\"@context\":\"https:\/\/schema.org\",\"@graph\":[{\"@type\":\"WebPage\",\"@id\":\"https:\/\/tc-consulting-rh.com\/fr\/vous-recherchez-un-poste\/\",\"url\":\"https:\/\/tc-consulting-rh.com\/fr\/vous-recherchez-un-poste\/\",\"name\":\"VOUS RECHERCHEZ UN POSTE ? - TC Consulting\",\"isPartOf\":{\"@id\":\"https:\/\/tc-consulting-rh.com\/fr\/#website\"},\"datePublished\":\"2022-07-01T07:06:46+00:00\",\"dateModified\":\"2024-04-25T08:31:52+00:00\",\"description\":\"Vous recherchez activement un emploi ? Notre \u00e9quipe peut vous accompagner pour trouver le poste qui vous conviendra.\",\"breadcrumb\":{\"@id\":\"https:\/\/tc-consulting-rh.com\/fr\/vous-recherchez-un-poste\/#breadcrumb\"},\"inLanguage\":\"fr-FR\",\"potentialAction\":[{\"@type\":\"ReadAction\",\"target\":[\"https:\/\/tc-consulting-rh.com\/fr\/vous-recherchez-un-poste\/\"]}]},{\"@type\":\"BreadcrumbList\",\"@id\":\"https:\/\/tc-consulting-rh.com\/fr\/vous-recherchez-un-poste\/#breadcrumb\",\"itemListElement\":[{\"@type\":\"ListItem\",\"position\":1,\"name\":\"Accueil\",\"item\":\"https:\/\/tc-consulting-rh.com\/fr\/\"},{\"@type\":\"ListItem\",\"position\":2,\"name\":\"VOUS RECHERCHEZ UN POSTE ?\"}]},{\"@type\":\"WebSite\",\"@id\":\"https:\/\/tc-consulting-rh.com\/fr\/#website\",\"url\":\"https:\/\/tc-consulting-rh.com\/fr\/\",\"name\":\"TC Consulting\",\"description\":\"Cabinet de recrutement en Vend\u00e9e\",\"potentialAction\":[{\"@type\":\"SearchAction\",\"target\":{\"@type\":\"EntryPoint\",\"urlTemplate\":\"https:\/\/tc-consulting-rh.com\/fr\/?s={search_term_string}\"},\"query-input\":\"required name=search_term_string\"}],\"inLanguage\":\"fr-FR\"}]}<\/script>\n<!-- \/ Yoast SEO plugin. -->","yoast_head_json":{"title":"VOUS RECHERCHEZ UN POSTE ? - TC Consulting","description":"Vous recherchez activement un emploi ? Notre \u00e9quipe peut vous accompagner pour trouver le poste qui vous conviendra.","robots":{"index":"index","follow":"follow","max-snippet":"max-snippet:-1","max-image-preview":"max-image-preview:large","max-video-preview":"max-video-preview:-1"},"canonical":"https:\/\/tc-consulting-rh.com\/fr\/vous-recherchez-un-poste\/","og_locale":"fr_FR","og_type":"article","og_title":"VOUS RECHERCHEZ UN POSTE ? - TC Consulting","og_description":"Vous recherchez activement un emploi ? Notre \u00e9quipe peut vous accompagner pour trouver le poste qui vous conviendra.","og_url":"https:\/\/tc-consulting-rh.com\/fr\/vous-recherchez-un-poste\/","og_site_name":"TC Consulting","article_modified_time":"2024-04-25T08:31:52+00:00","og_image":[{"url":"https:\/\/tc-consulting-rh.com\/wp-content\/uploads\/2022\/10\/AdobeStock_195958676-scaled.webp"}],"twitter_card":"summary_large_image","twitter_misc":{"Dur\u00e9e de lecture estim\u00e9e":"3 minutes"},"schema":{"@context":"https:\/\/schema.org","@graph":[{"@type":"WebPage","@id":"https:\/\/tc-consulting-rh.com\/fr\/vous-recherchez-un-poste\/","url":"https:\/\/tc-consulting-rh.com\/fr\/vous-recherchez-un-poste\/","name":"VOUS RECHERCHEZ UN POSTE ? - TC Consulting","isPartOf":{"@id":"https:\/\/tc-consulting-rh.com\/fr\/#website"},"datePublished":"2022-07-01T07:06:46+00:00","dateModified":"2024-04-25T08:31:52+00:00","description":"Vous recherchez activement un emploi ? Notre \u00e9quipe peut vous accompagner pour trouver le poste qui vous conviendra.","breadcrumb":{"@id":"https:\/\/tc-consulting-rh.com\/fr\/vous-recherchez-un-poste\/#breadcrumb"},"inLanguage":"fr-FR","potentialAction":[{"@type":"ReadAction","target":["https:\/\/tc-consulting-rh.com\/fr\/vous-recherchez-un-poste\/"]}]},{"@type":"BreadcrumbList","@id":"https:\/\/tc-consulting-rh.com\/fr\/vous-recherchez-un-poste\/#breadcrumb","itemListElement":[{"@type":"ListItem","position":1,"name":"Accueil","item":"https:\/\/tc-consulting-rh.com\/fr\/"},{"@type":"ListItem","position":2,"name":"VOUS RECHERCHEZ UN POSTE ?"}]},{"@type":"WebSite","@id":"https:\/\/tc-consulting-rh.com\/fr\/#website","url":"https:\/\/tc-consulting-rh.com\/fr\/","name":"TC Consulting","description":"Cabinet de recrutement en Vend\u00e9e","potentialAction":[{"@type":"SearchAction","target":{"@type":"EntryPoint","urlTemplate":"https:\/\/tc-consulting-rh.com\/fr\/?s={search_term_string}"},"query-input":"required name=search_term_string"}],"inLanguage":"fr-FR"}]}},"_links":{"self":[{"href":"https:\/\/tc-consulting-rh.com\/fr\/wp-json\/wp\/v2\/pages\/5683"}],"collection":[{"href":"https:\/\/tc-consulting-rh.com\/fr\/wp-json\/wp\/v2\/pages"}],"about":[{"href":"https:\/\/tc-consulting-rh.com\/fr\/wp-json\/wp\/v2\/types\/page"}],"author":[{"embeddable":true,"href":"https:\/\/tc-consulting-rh.com\/fr\/wp-json\/wp\/v2\/users\/1"}],"replies":[{"embeddable":true,"href":"https:\/\/tc-consulting-rh.com\/fr\/wp-json\/wp\/v2\/comments?post=5683"}],"version-history":[{"count":56,"href":"https:\/\/tc-consulting-rh.com\/fr\/wp-json\/wp\/v2\/pages\/5683\/revisions"}],"predecessor-version":[{"id":7550,"href":"https:\/\/tc-consulting-rh.com\/fr\/wp-json\/wp\/v2\/pages\/5683\/revisions\/7550"}],"wp:attachment":[{"href":"https:\/\/tc-consulting-rh.com\/fr\/wp-json\/wp\/v2\/media?parent=5683"}],"curies":[{"name":"wp","href":"https:\/\/api.w.org\/{rel}","templated":true}]}}