{"id":5668,"date":"2023-08-24T10:01:01","date_gmt":"2023-08-24T09:01:01","guid":{"rendered":"https:\/\/tc-consulting-rh.com\/chasseur-de-tete\/"},"modified":"2024-04-25T09:35:06","modified_gmt":"2024-04-25T08:35:06","slug":"approche-directe-et-head-hunting","status":"publish","type":"page","link":"https:\/\/tc-consulting-rh.com\/fr\/approche-directe-et-head-hunting\/","title":{"rendered":"Approche directe et head hunting"},"content":{"rendered":"\t\t<div data-elementor-type=\"wp-page\" data-elementor-id=\"5668\" class=\"elementor elementor-5668 elementor-4021\">\n\t\t\t\t\t\t\t\t\t<section class=\"elementor-section elementor-top-section elementor-element elementor-element-4d8b8e9b elementor-section-boxed elementor-section-height-default elementor-section-height-default\" data-id=\"4d8b8e9b\" data-element_type=\"section\" data-settings=\"{&quot;background_background&quot;:&quot;classic&quot;}\">\n\t\t\t\t\t\t<div class=\"elementor-container elementor-column-gap-default\">\n\t\t\t\t\t<div class=\"elementor-column elementor-col-100 elementor-top-column elementor-element elementor-element-7b7f0b29\" data-id=\"7b7f0b29\" data-element_type=\"column\">\n\t\t\t<div class=\"elementor-widget-wrap elementor-element-populated\">\n\t\t\t\t\t\t\t\t<div class=\"elementor-element elementor-element-66ecbaf4 elementor-widget elementor-widget-heading\" data-id=\"66ecbaf4\" data-element_type=\"widget\" data-widget_type=\"heading.default\">\n\t\t\t\t<div class=\"elementor-widget-container\">\n\t\t\t<style>\/*! elementor - v3.6.6 - 08-06-2022 *\/\n.elementor-heading-title{padding:0;margin:0;line-height:1}.elementor-widget-heading .elementor-heading-title[class*=elementor-size-]>a{color:inherit;font-size:inherit;line-height:inherit}.elementor-widget-heading .elementor-heading-title.elementor-size-small{font-size:15px}.elementor-widget-heading .elementor-heading-title.elementor-size-medium{font-size:19px}.elementor-widget-heading .elementor-heading-title.elementor-size-large{font-size:29px}.elementor-widget-heading .elementor-heading-title.elementor-size-xl{font-size:39px}.elementor-widget-heading .elementor-heading-title.elementor-size-xxl{font-size:59px}<\/style><h1 class=\"elementor-heading-title elementor-size-default\">APPROCHE DIRECTE ET HEAD HUNTING A L'INTERNATIONAL : UNE APPROCHE CIBLEE<\/h1>\t\t<\/div>\n\t\t\t\t<\/div>\n\t\t\t\t\t<\/div>\n\t\t<\/div>\n\t\t\t\t\t\t\t<\/div>\n\t\t<\/section>\n\t\t\t\t<section class=\"elementor-section elementor-top-section elementor-element elementor-element-286d9ff elementor-section-boxed elementor-section-height-default elementor-section-height-default\" data-id=\"286d9ff\" data-element_type=\"section\">\n\t\t\t\t\t\t<div class=\"elementor-container elementor-column-gap-default\">\n\t\t\t\t\t<div class=\"elementor-column elementor-col-100 elementor-top-column elementor-element elementor-element-188cbef2\" data-id=\"188cbef2\" data-element_type=\"column\">\n\t\t\t<div class=\"elementor-widget-wrap elementor-element-populated\">\n\t\t\t\t\t\t\t\t<div class=\"elementor-element elementor-element-3078bbf3 elementor-widget elementor-widget-heading\" data-id=\"3078bbf3\" data-element_type=\"widget\" data-widget_type=\"heading.default\">\n\t\t\t\t<div class=\"elementor-widget-container\">\n\t\t\t<h2 class=\"elementor-heading-title elementor-size-default\">L'approche directe ou la chasse de t\u00eate c'est quoi ?<\/h2>\t\t<\/div>\n\t\t\t\t<\/div>\n\t\t\t\t<div class=\"elementor-element elementor-element-2bed5a38 elementor-widget elementor-widget-text-editor\" data-id=\"2bed5a38\" data-element_type=\"widget\" data-widget_type=\"text-editor.default\">\n\t\t\t\t<div class=\"elementor-widget-container\">\n\t\t\t<style>\/*! elementor - v3.6.6 - 08-06-2022 *\/\n.elementor-widget-text-editor.elementor-drop-cap-view-stacked .elementor-drop-cap{background-color:#818a91;color:#fff}.elementor-widget-text-editor.elementor-drop-cap-view-framed .elementor-drop-cap{color:#818a91;border:3px solid;background-color:transparent}.elementor-widget-text-editor:not(.elementor-drop-cap-view-default) .elementor-drop-cap{margin-top:8px}.elementor-widget-text-editor:not(.elementor-drop-cap-view-default) .elementor-drop-cap-letter{width:1em;height:1em}.elementor-widget-text-editor .elementor-drop-cap{float:left;text-align:center;line-height:1;font-size:50px}.elementor-widget-text-editor .elementor-drop-cap-letter{display:inline-block}<\/style>\t\t\t\t<p>La \u00ab chasse de t\u00eate \u00bb est aussi appel\u00e9e \u00ab approche directe \u00bb. Elle consiste \u00e0 contacter des talents qui ne s\u2019affichent pas comme \u00e9tant en recherche active mais qui peuvent \u00eatre ouverts au march\u00e9. Les outils principaux de cette approche sont principalement les r\u00e9seaux sociaux internationaux, tels que LinkedIn que l\u2019on peut \u00e9galement associer aux diverses Cvth\u00e8ques et bases de donn\u00e9es disponibles dans les pays concern\u00e9s. L\u2019approche directe est souvent associ\u00e9e \u00e0 des publications d\u2019annonces sauf dans le cas ou l\u2019entreprise souhaite garder son recrutement confidentiel pour des raisons strat\u00e9giques.<\/p>\t\t\t\t\t\t<\/div>\n\t\t\t\t<\/div>\n\t\t\t\t<div class=\"elementor-element elementor-element-af4fb38 elementor-widget elementor-widget-heading\" data-id=\"af4fb38\" data-element_type=\"widget\" data-widget_type=\"heading.default\">\n\t\t\t\t<div class=\"elementor-widget-container\">\n\t\t\t<h2 class=\"elementor-heading-title elementor-size-default\">Quelle plus-value apporte un \"chasseur de t\u00eate\" ?<\/h2>\t\t<\/div>\n\t\t\t\t<\/div>\n\t\t\t\t<div class=\"elementor-element elementor-element-33b4d90 elementor-widget elementor-widget-text-editor\" data-id=\"33b4d90\" data-element_type=\"widget\" data-widget_type=\"text-editor.default\">\n\t\t\t\t<div class=\"elementor-widget-container\">\n\t\t\t\t\t\t\t<p>Un\u00a0 \u00ab Chasseur de t\u00eate \u00bb \u00e0 l\u2019international est un expert du recrutement qui poss\u00e8de un r\u00e9seau de candidats, en veille plus ou moins active, mais aussi un r\u00e9seau de professionnels sur lesquels il peut s\u2019appuyer. Il peut donc activer son r\u00e9seau en fonction de votre besoin.<\/p><p>Dans une structure comme TC CONSULTING, le Consultant n\u2019est pas seul et travaille avec une \u00e9quipe de Charg\u00e9s de Recrutement qui peuvent \u00e9galement approcher des talents.<\/p><p>Le recruteur consacre son temps \u00e0 ce processus certes chronophage mais qu\u2019il peut aussi optimiser car son organisation est d\u00e9di\u00e9e \u00e0 cette t\u00e2che.<\/p>\t\t\t\t\t\t<\/div>\n\t\t\t\t<\/div>\n\t\t\t\t<div class=\"elementor-element elementor-element-82c8fc6 elementor-widget elementor-widget-heading\" data-id=\"82c8fc6\" data-element_type=\"widget\" data-widget_type=\"heading.default\">\n\t\t\t\t<div class=\"elementor-widget-container\">\n\t\t\t<h2 class=\"elementor-heading-title elementor-size-default\">Comment proc\u00e8de un \"chasseur de t\u00eate\"?<\/h2>\t\t<\/div>\n\t\t\t\t<\/div>\n\t\t\t\t<div class=\"elementor-element elementor-element-1d84b03 elementor-widget elementor-widget-text-editor\" data-id=\"1d84b03\" data-element_type=\"widget\" data-widget_type=\"text-editor.default\">\n\t\t\t\t<div class=\"elementor-widget-container\">\n\t\t\t\t\t\t\t<p>Afin de r\u00e9ussir une mission d\u2019approche directe, les recruteurs de TC CONSULTING suivent une d\u00e9marche tr\u00e8s organis\u00e9e et identique pour tous les recrutements:<\/p>\t\t\t\t\t\t<\/div>\n\t\t\t\t<\/div>\n\t\t\t\t\t<\/div>\n\t\t<\/div>\n\t\t\t\t\t\t\t<\/div>\n\t\t<\/section>\n\t\t\t\t<section class=\"elementor-section elementor-top-section elementor-element elementor-element-9501dca elementor-section-boxed elementor-section-height-default elementor-section-height-default\" data-id=\"9501dca\" data-element_type=\"section\">\n\t\t\t\t\t\t<div class=\"elementor-container elementor-column-gap-wide\">\n\t\t\t\t\t<div class=\"elementor-column elementor-col-50 elementor-top-column elementor-element elementor-element-620e6650\" data-id=\"620e6650\" data-element_type=\"column\">\n\t\t\t<div class=\"elementor-widget-wrap elementor-element-populated\">\n\t\t\t\t\t\t\t\t<div class=\"elementor-element elementor-element-7673a2ac elementor-widget elementor-widget-heading\" data-id=\"7673a2ac\" data-element_type=\"widget\" data-widget_type=\"heading.default\">\n\t\t\t\t<div class=\"elementor-widget-container\">\n\t\t\t<h3 class=\"elementor-heading-title elementor-size-default\">Le cahier des charges du poste<\/h3>\t\t<\/div>\n\t\t\t\t<\/div>\n\t\t\t\t<div class=\"elementor-element elementor-element-4780f46e elementor-widget elementor-widget-text-editor\" data-id=\"4780f46e\" data-element_type=\"widget\" data-widget_type=\"text-editor.default\">\n\t\t\t\t<div class=\"elementor-widget-container\">\n\t\t\t\t\t\t\t<p><strong>\u00ab Il n\u2019est pas de vent favorable \u00e0 celui qui ne sait o\u00f9 il va\u00a0 \u00bb S\u00e9n\u00e8que<\/strong><\/p><p>Un processus de recrutement se base sur une d\u00e9finition claire du poste et des attendus de l\u2019entreprise, notamment sur les comp\u00e9tences et la personnalit\u00e9.<\/p><p>Un Consultant ne peut donc entamer une mission d\u2019approche directe sans connaitre pr\u00e9cis\u00e9ment l\u2019entreprise et ses attentes. Un entretien pouss\u00e9 avec le client en d\u00e9but de mission et des \u00e9changes permanents sont donc indispensables.<\/p>\t\t\t\t\t\t<\/div>\n\t\t\t\t<\/div>\n\t\t\t\t\t<\/div>\n\t\t<\/div>\n\t\t\t\t<div class=\"elementor-column elementor-col-50 elementor-top-column elementor-element elementor-element-5c0b4055\" data-id=\"5c0b4055\" data-element_type=\"column\">\n\t\t\t<div class=\"elementor-widget-wrap elementor-element-populated\">\n\t\t\t\t\t\t\t\t<div class=\"elementor-element elementor-element-1306644 elementor-widget elementor-widget-heading\" data-id=\"1306644\" data-element_type=\"widget\" data-widget_type=\"heading.default\">\n\t\t\t\t<div class=\"elementor-widget-container\">\n\t\t\t<h3 class=\"elementor-heading-title elementor-size-default\">Les entretiens candidats<\/h3>\t\t<\/div>\n\t\t\t\t<\/div>\n\t\t\t\t<div class=\"elementor-element elementor-element-7fe1f445 elementor-widget elementor-widget-text-editor\" data-id=\"7fe1f445\" data-element_type=\"widget\" data-widget_type=\"text-editor.default\">\n\t\t\t\t<div class=\"elementor-widget-container\">\n\t\t\t\t\t\t\t<p>Une fois le processus de \u00ab chasse de t\u00eate \u00bb act\u00e9 et les profils pr\u00e9s\u00e9lectionn\u00e9s,\u00a0 le candidat int\u00e8gre alors le processus classique de recrutement.<\/p><p>Il participe donc \u00e0 un ou plusieurs entretiens avec le Recruteur et r\u00e9alise les divers tests pr\u00e9vus dans le processus.<\/p><p>Ce n\u2019est qu\u2019une fois cette \u00e9tape valid\u00e9e qu\u2019il acc\u00e9dera \u00e0 l\u2019\u00e9tape suivante avec le client.<\/p>\t\t\t\t\t\t<\/div>\n\t\t\t\t<\/div>\n\t\t\t\t\t<\/div>\n\t\t<\/div>\n\t\t\t\t\t\t\t<\/div>\n\t\t<\/section>\n\t\t\t\t<section class=\"elementor-section elementor-top-section elementor-element elementor-element-96bcdf7 elementor-section-boxed elementor-section-height-default elementor-section-height-default\" data-id=\"96bcdf7\" data-element_type=\"section\">\n\t\t\t\t\t\t<div class=\"elementor-container elementor-column-gap-wide\">\n\t\t\t\t\t<div class=\"elementor-column elementor-col-50 elementor-top-column elementor-element elementor-element-02e56d3\" data-id=\"02e56d3\" data-element_type=\"column\">\n\t\t\t<div class=\"elementor-widget-wrap elementor-element-populated\">\n\t\t\t\t\t\t\t\t<div class=\"elementor-element elementor-element-a097306 elementor-widget elementor-widget-heading\" data-id=\"a097306\" data-element_type=\"widget\" data-widget_type=\"heading.default\">\n\t\t\t\t<div class=\"elementor-widget-container\">\n\t\t\t<h3 class=\"elementor-heading-title elementor-size-default\">La \"chasse de t\u00eate\"<\/h3>\t\t<\/div>\n\t\t\t\t<\/div>\n\t\t\t\t<div class=\"elementor-element elementor-element-404f1e37 elementor-widget elementor-widget-text-editor\" data-id=\"404f1e37\" data-element_type=\"widget\" data-widget_type=\"text-editor.default\">\n\t\t\t\t<div class=\"elementor-widget-container\">\n\t\t\t\t\t\t\t<p>Chasser c\u2019est rechercher des talents en ad\u00e9quation avec le cahier des charges \u00e9tabli avec le client, mais en approchant ceux qui ne sont pas officiellement en recherche.<\/p><p>C\u2019est une approche qui peut s\u2019effectuer soit par le biais du r\u00e9seau professionnel du cabinet, soit par un vivier de candidats interne. L\u2019outil majeur demeure les r\u00e9seaux sociaux professionnels comme LinkedIn ou les bases de donn\u00e9es diverses par pays (CVth\u00e8ques).<\/p><p>C\u2019est un processus digitalis\u00e9 par mot cl\u00e9s qui permet de d\u00e9tecter les profils, de les contacter et d\u2019entamer ou non un \u00e9change sur l\u2019opportunit\u00e9, en fonction de leur int\u00e9r\u00eat.<\/p>\t\t\t\t\t\t<\/div>\n\t\t\t\t<\/div>\n\t\t\t\t\t<\/div>\n\t\t<\/div>\n\t\t\t\t<div class=\"elementor-column elementor-col-50 elementor-top-column elementor-element elementor-element-b2982c4\" data-id=\"b2982c4\" data-element_type=\"column\">\n\t\t\t<div class=\"elementor-widget-wrap elementor-element-populated\">\n\t\t\t\t\t\t\t\t<div class=\"elementor-element elementor-element-46fc89a1 elementor-widget elementor-widget-heading\" data-id=\"46fc89a1\" data-element_type=\"widget\" data-widget_type=\"heading.default\">\n\t\t\t\t<div class=\"elementor-widget-container\">\n\t\t\t<h3 class=\"elementor-heading-title elementor-size-default\">Sourcing et offres d'emploi<\/h3>\t\t<\/div>\n\t\t\t\t<\/div>\n\t\t\t\t<div class=\"elementor-element elementor-element-653f18ac elementor-widget elementor-widget-text-editor\" data-id=\"653f18ac\" data-element_type=\"widget\" data-widget_type=\"text-editor.default\">\n\t\t\t\t<div class=\"elementor-widget-container\">\n\t\t\t\t\t\t\t<p>A moins d\u2019une demande d\u2019absolue confidentialit\u00e9 de l\u2019entreprise sur le processus de recrutement, la d\u00e9marche d\u2019approche directe est toujours compl\u00e9t\u00e9e par la publication d\u2019offres d\u2019emploi sur des supports divers.<\/p><p>\u00a0<\/p><p>Les plates formes digitales utilis\u00e9es sont choisies en fonction de leur audience dans le pays concern\u00e9.<\/p><p>Elles auront pour but de promouvoir le poste et d\u2019ajouter \u00e0 la liste des candidats qui postulent. Ces derniers pr\u00e9sentent une approche diff\u00e9rente et compl\u00e9mentaire.<\/p>\t\t\t\t\t\t<\/div>\n\t\t\t\t<\/div>\n\t\t\t\t\t<\/div>\n\t\t<\/div>\n\t\t\t\t\t\t\t<\/div>\n\t\t<\/section>\n\t\t\t\t<section class=\"elementor-section elementor-top-section elementor-element elementor-element-fb289a5 elementor-section-boxed elementor-section-height-default elementor-section-height-default\" data-id=\"fb289a5\" data-element_type=\"section\">\n\t\t\t\t\t\t<div class=\"elementor-container elementor-column-gap-default\">\n\t\t\t\t\t<div class=\"elementor-column elementor-col-100 elementor-top-column elementor-element elementor-element-1996a47\" data-id=\"1996a47\" data-element_type=\"column\">\n\t\t\t<div class=\"elementor-widget-wrap elementor-element-populated\">\n\t\t\t\t\t\t\t\t<div class=\"elementor-element elementor-element-6d1faa8 elementor-widget elementor-widget-heading\" data-id=\"6d1faa8\" data-element_type=\"widget\" data-widget_type=\"heading.default\">\n\t\t\t\t<div class=\"elementor-widget-container\">\n\t\t\t<h3 class=\"elementor-heading-title elementor-size-default\">L'accompagnement final<\/h3>\t\t<\/div>\n\t\t\t\t<\/div>\n\t\t\t\t<div class=\"elementor-element elementor-element-b9f017f elementor-widget elementor-widget-text-editor\" data-id=\"b9f017f\" data-element_type=\"widget\" data-widget_type=\"text-editor.default\">\n\t\t\t\t<div class=\"elementor-widget-container\">\n\t\t\t\t\t\t\t<p>A l\u2019issu du processus, le client recevra le dossier de chaque candidat ( CV, synth\u00e8se d\u2019entretien et rapport de tests) avant d\u2019entamer les entretiens organis\u00e9s par nos soins dans ses locaux.<\/p><p>A ce stade, le consultant reste en support et accompagne le client dans le choix final du candidat.<\/p>\t\t\t\t\t\t<\/div>\n\t\t\t\t<\/div>\n\t\t\t\t\t<\/div>\n\t\t<\/div>\n\t\t\t\t\t\t\t<\/div>\n\t\t<\/section>\n\t\t\t\t<section class=\"elementor-section elementor-top-section elementor-element elementor-element-1fb46a8c elementor-section-boxed elementor-section-height-default elementor-section-height-default\" data-id=\"1fb46a8c\" data-element_type=\"section\">\n\t\t\t\t\t\t<div class=\"elementor-container elementor-column-gap-default\">\n\t\t\t\t\t<div class=\"elementor-column elementor-col-100 elementor-top-column elementor-element elementor-element-65c4e628\" data-id=\"65c4e628\" data-element_type=\"column\">\n\t\t\t<div class=\"elementor-widget-wrap elementor-element-populated\">\n\t\t\t\t\t\t\t\t<div class=\"elementor-element elementor-element-2d97f377 elementor-widget elementor-widget-heading\" data-id=\"2d97f377\" data-element_type=\"widget\" data-widget_type=\"heading.default\">\n\t\t\t\t<div class=\"elementor-widget-container\">\n\t\t\t<h2 class=\"elementor-heading-title elementor-size-default\">L'approche directe un m\u00e9tier, une expertise !<\/h2>\t\t<\/div>\n\t\t\t\t<\/div>\n\t\t\t\t<div class=\"elementor-element elementor-element-3637bafe elementor-widget elementor-widget-text-editor\" data-id=\"3637bafe\" data-element_type=\"widget\" data-widget_type=\"text-editor.default\">\n\t\t\t\t<div class=\"elementor-widget-container\">\n\t\t\t\t\t\t\t<p>Ce que nous vous proposons chez TC CONSULTING c\u2019est une structure organis\u00e9e pour l\u2019approche directe et le recrutement en g\u00e9n\u00e9ral. Notre processus est bas\u00e9 sur une relation de confiance avec l\u2019entreprise et le candidat, toujours dans une optique de pragmatisme et d\u2019efficacit\u00e9.<\/p><p>\u00a0<\/p><p>Pour trouver le profil en ad\u00e9quation avec votre besoin contactez nous ! <\/p>\t\t\t\t\t\t<\/div>\n\t\t\t\t<\/div>\n\t\t\t\t\t<\/div>\n\t\t<\/div>\n\t\t\t\t\t\t\t<\/div>\n\t\t<\/section>\n\t\t\t\t\t\t\t<\/div>\n\t\t","protected":false},"excerpt":{"rendered":"<p>APPROCHE DIRECTE ET HEAD HUNTING A L&rsquo;INTERNATIONAL : UNE APPROCHE CIBLEE L&rsquo;approche directe ou la chasse de t\u00eate c&rsquo;est quoi ? La \u00ab chasse de t\u00eate \u00bb est aussi appel\u00e9e \u00ab approche directe \u00bb. Elle consiste \u00e0 contacter des talents qui ne s\u2019affichent pas comme \u00e9tant en recherche active mais qui peuvent \u00eatre ouverts au [&hellip;]<\/p>\n","protected":false},"author":1,"featured_media":0,"parent":0,"menu_order":0,"comment_status":"closed","ping_status":"closed","template":"elementor_header_footer","meta":[],"yoast_head":"<!-- This site is optimized with the Yoast SEO plugin v19.5.1 - https:\/\/yoast.com\/wordpress\/plugins\/seo\/ -->\n<title>Chasseur de tete : du recrutement de pr\u00e9cision - TC Consulting<\/title>\n<meta name=\"description\" content=\"Le terme chasseur de tete, \u00e7a vous parle ? D\u00e9couvrez en quoi ce professionnel du recrutement peut vous aider dans votre recherche.\" \/>\n<meta name=\"robots\" content=\"index, follow, max-snippet:-1, max-image-preview:large, max-video-preview:-1\" \/>\n<link rel=\"canonical\" href=\"https:\/\/tc-consulting-rh.com\/fr\/approche-directe-et-head-hunting\/\" \/>\n<meta property=\"og:locale\" content=\"fr_FR\" \/>\n<meta property=\"og:type\" content=\"article\" \/>\n<meta property=\"og:title\" content=\"Chasseur de tete : du recrutement de pr\u00e9cision - TC Consulting\" \/>\n<meta property=\"og:description\" content=\"Le terme chasseur de tete, \u00e7a vous parle ? D\u00e9couvrez en quoi ce professionnel du recrutement peut vous aider dans votre recherche.\" \/>\n<meta property=\"og:url\" content=\"https:\/\/tc-consulting-rh.com\/fr\/approche-directe-et-head-hunting\/\" \/>\n<meta property=\"og:site_name\" content=\"TC Consulting\" \/>\n<meta property=\"article:modified_time\" content=\"2024-04-25T08:35:06+00:00\" \/>\n<meta name=\"twitter:card\" content=\"summary_large_image\" \/>\n<meta name=\"twitter:label1\" content=\"Dur\u00e9e de lecture estim\u00e9e\" \/>\n\t<meta name=\"twitter:data1\" content=\"3 minutes\" \/>\n<script type=\"application\/ld+json\" class=\"yoast-schema-graph\">{\"@context\":\"https:\/\/schema.org\",\"@graph\":[{\"@type\":\"WebPage\",\"@id\":\"https:\/\/tc-consulting-rh.com\/fr\/approche-directe-et-head-hunting\/\",\"url\":\"https:\/\/tc-consulting-rh.com\/fr\/approche-directe-et-head-hunting\/\",\"name\":\"Chasseur de tete : du recrutement de pr\u00e9cision - TC Consulting\",\"isPartOf\":{\"@id\":\"https:\/\/tc-consulting-rh.com\/fr\/#website\"},\"datePublished\":\"2023-08-24T09:01:01+00:00\",\"dateModified\":\"2024-04-25T08:35:06+00:00\",\"description\":\"Le terme chasseur de tete, \u00e7a vous parle ? D\u00e9couvrez en quoi ce professionnel du recrutement peut vous aider dans votre recherche.\",\"breadcrumb\":{\"@id\":\"https:\/\/tc-consulting-rh.com\/fr\/approche-directe-et-head-hunting\/#breadcrumb\"},\"inLanguage\":\"fr-FR\",\"potentialAction\":[{\"@type\":\"ReadAction\",\"target\":[\"https:\/\/tc-consulting-rh.com\/fr\/approche-directe-et-head-hunting\/\"]}]},{\"@type\":\"BreadcrumbList\",\"@id\":\"https:\/\/tc-consulting-rh.com\/fr\/approche-directe-et-head-hunting\/#breadcrumb\",\"itemListElement\":[{\"@type\":\"ListItem\",\"position\":1,\"name\":\"Accueil\",\"item\":\"https:\/\/tc-consulting-rh.com\/fr\/\"},{\"@type\":\"ListItem\",\"position\":2,\"name\":\"Approche directe et head hunting\"}]},{\"@type\":\"WebSite\",\"@id\":\"https:\/\/tc-consulting-rh.com\/fr\/#website\",\"url\":\"https:\/\/tc-consulting-rh.com\/fr\/\",\"name\":\"TC Consulting\",\"description\":\"Cabinet de recrutement en Vend\u00e9e\",\"potentialAction\":[{\"@type\":\"SearchAction\",\"target\":{\"@type\":\"EntryPoint\",\"urlTemplate\":\"https:\/\/tc-consulting-rh.com\/fr\/?s={search_term_string}\"},\"query-input\":\"required name=search_term_string\"}],\"inLanguage\":\"fr-FR\"}]}<\/script>\n<!-- \/ Yoast SEO plugin. -->","yoast_head_json":{"title":"Chasseur de tete : du recrutement de pr\u00e9cision - TC Consulting","description":"Le terme chasseur de tete, \u00e7a vous parle ? D\u00e9couvrez en quoi ce professionnel du recrutement peut vous aider dans votre recherche.","robots":{"index":"index","follow":"follow","max-snippet":"max-snippet:-1","max-image-preview":"max-image-preview:large","max-video-preview":"max-video-preview:-1"},"canonical":"https:\/\/tc-consulting-rh.com\/fr\/approche-directe-et-head-hunting\/","og_locale":"fr_FR","og_type":"article","og_title":"Chasseur de tete : du recrutement de pr\u00e9cision - TC Consulting","og_description":"Le terme chasseur de tete, \u00e7a vous parle ? D\u00e9couvrez en quoi ce professionnel du recrutement peut vous aider dans votre recherche.","og_url":"https:\/\/tc-consulting-rh.com\/fr\/approche-directe-et-head-hunting\/","og_site_name":"TC Consulting","article_modified_time":"2024-04-25T08:35:06+00:00","twitter_card":"summary_large_image","twitter_misc":{"Dur\u00e9e de lecture estim\u00e9e":"3 minutes"},"schema":{"@context":"https:\/\/schema.org","@graph":[{"@type":"WebPage","@id":"https:\/\/tc-consulting-rh.com\/fr\/approche-directe-et-head-hunting\/","url":"https:\/\/tc-consulting-rh.com\/fr\/approche-directe-et-head-hunting\/","name":"Chasseur de tete : du recrutement de pr\u00e9cision - TC Consulting","isPartOf":{"@id":"https:\/\/tc-consulting-rh.com\/fr\/#website"},"datePublished":"2023-08-24T09:01:01+00:00","dateModified":"2024-04-25T08:35:06+00:00","description":"Le terme chasseur de tete, \u00e7a vous parle ? D\u00e9couvrez en quoi ce professionnel du recrutement peut vous aider dans votre recherche.","breadcrumb":{"@id":"https:\/\/tc-consulting-rh.com\/fr\/approche-directe-et-head-hunting\/#breadcrumb"},"inLanguage":"fr-FR","potentialAction":[{"@type":"ReadAction","target":["https:\/\/tc-consulting-rh.com\/fr\/approche-directe-et-head-hunting\/"]}]},{"@type":"BreadcrumbList","@id":"https:\/\/tc-consulting-rh.com\/fr\/approche-directe-et-head-hunting\/#breadcrumb","itemListElement":[{"@type":"ListItem","position":1,"name":"Accueil","item":"https:\/\/tc-consulting-rh.com\/fr\/"},{"@type":"ListItem","position":2,"name":"Approche directe et head hunting"}]},{"@type":"WebSite","@id":"https:\/\/tc-consulting-rh.com\/fr\/#website","url":"https:\/\/tc-consulting-rh.com\/fr\/","name":"TC Consulting","description":"Cabinet de recrutement en Vend\u00e9e","potentialAction":[{"@type":"SearchAction","target":{"@type":"EntryPoint","urlTemplate":"https:\/\/tc-consulting-rh.com\/fr\/?s={search_term_string}"},"query-input":"required name=search_term_string"}],"inLanguage":"fr-FR"}]}},"_links":{"self":[{"href":"https:\/\/tc-consulting-rh.com\/fr\/wp-json\/wp\/v2\/pages\/5668"}],"collection":[{"href":"https:\/\/tc-consulting-rh.com\/fr\/wp-json\/wp\/v2\/pages"}],"about":[{"href":"https:\/\/tc-consulting-rh.com\/fr\/wp-json\/wp\/v2\/types\/page"}],"author":[{"embeddable":true,"href":"https:\/\/tc-consulting-rh.com\/fr\/wp-json\/wp\/v2\/users\/1"}],"replies":[{"embeddable":true,"href":"https:\/\/tc-consulting-rh.com\/fr\/wp-json\/wp\/v2\/comments?post=5668"}],"version-history":[{"count":95,"href":"https:\/\/tc-consulting-rh.com\/fr\/wp-json\/wp\/v2\/pages\/5668\/revisions"}],"predecessor-version":[{"id":7564,"href":"https:\/\/tc-consulting-rh.com\/fr\/wp-json\/wp\/v2\/pages\/5668\/revisions\/7564"}],"wp:attachment":[{"href":"https:\/\/tc-consulting-rh.com\/fr\/wp-json\/wp\/v2\/media?parent=5668"}],"curies":[{"name":"wp","href":"https:\/\/api.w.org\/{rel}","templated":true}]}}