{"id":5303,"date":"2022-07-08T09:54:02","date_gmt":"2022-07-08T08:54:02","guid":{"rendered":"https:\/\/tc-consulting-rh.com\/conseil-rh\/"},"modified":"2024-04-25T10:00:46","modified_gmt":"2024-04-25T09:00:46","slug":"nuestro-apoyo","status":"publish","type":"page","link":"https:\/\/tc-consulting-rh.com\/es\/nuestro-apoyo\/","title":{"rendered":"NUESTRO APOYO"},"content":{"rendered":"\t\t<div data-elementor-type=\"wp-page\" data-elementor-id=\"5303\" class=\"elementor elementor-5303 elementor-290\">\n\t\t\t\t\t\t\t\t\t<section class=\"elementor-section elementor-top-section elementor-element elementor-element-3ba25b18 elementor-section-boxed elementor-section-height-default elementor-section-height-default\" data-id=\"3ba25b18\" data-element_type=\"section\" data-settings=\"{&quot;background_background&quot;:&quot;classic&quot;}\">\n\t\t\t\t\t\t<div class=\"elementor-container elementor-column-gap-default\">\n\t\t\t\t\t<div class=\"elementor-column elementor-col-100 elementor-top-column elementor-element elementor-element-1264d2b2\" data-id=\"1264d2b2\" data-element_type=\"column\">\n\t\t\t<div class=\"elementor-widget-wrap elementor-element-populated\">\n\t\t\t\t\t\t\t\t<div class=\"elementor-element elementor-element-3baec0b9 elementor-widget elementor-widget-heading\" data-id=\"3baec0b9\" data-element_type=\"widget\" data-widget_type=\"heading.default\">\n\t\t\t\t<div class=\"elementor-widget-container\">\n\t\t\t<style>\/*! elementor - v3.6.6 - 08-06-2022 *\/\n.elementor-heading-title{padding:0;margin:0;line-height:1}.elementor-widget-heading .elementor-heading-title[class*=elementor-size-]>a{color:inherit;font-size:inherit;line-height:inherit}.elementor-widget-heading .elementor-heading-title.elementor-size-small{font-size:15px}.elementor-widget-heading .elementor-heading-title.elementor-size-medium{font-size:19px}.elementor-widget-heading .elementor-heading-title.elementor-size-large{font-size:29px}.elementor-widget-heading .elementor-heading-title.elementor-size-xl{font-size:39px}.elementor-widget-heading .elementor-heading-title.elementor-size-xxl{font-size:59px}<\/style><h1 class=\"elementor-heading-title elementor-size-default\">\u00bfPOR QU\u00c9 UTILIZARNOS PARA TU RECLUTAMIENTO INTERNACIONAL?<\/h1>\t\t<\/div>\n\t\t\t\t<\/div>\n\t\t\t\t\t<\/div>\n\t\t<\/div>\n\t\t\t\t\t\t\t<\/div>\n\t\t<\/section>\n\t\t\t\t<section class=\"elementor-section elementor-top-section elementor-element elementor-element-66b0fbc7 elementor-section-boxed elementor-section-height-default elementor-section-height-default\" data-id=\"66b0fbc7\" data-element_type=\"section\">\n\t\t\t\t\t\t<div class=\"elementor-container elementor-column-gap-default\">\n\t\t\t\t\t<div class=\"elementor-column elementor-col-100 elementor-top-column elementor-element elementor-element-5a1d9cad\" data-id=\"5a1d9cad\" data-element_type=\"column\">\n\t\t\t<div class=\"elementor-widget-wrap elementor-element-populated\">\n\t\t\t\t\t\t\t\t<div class=\"elementor-element elementor-element-347abad3 elementor-widget elementor-widget-heading\" data-id=\"347abad3\" data-element_type=\"widget\" data-widget_type=\"heading.default\">\n\t\t\t\t<div class=\"elementor-widget-container\">\n\t\t\t<h2 class=\"elementor-heading-title elementor-size-default\">Reclutar internacionalmente: experiencia y tiempo dedicado<\/h2>\t\t<\/div>\n\t\t\t\t<\/div>\n\t\t\t\t<div class=\"elementor-element elementor-element-689b1b1 elementor-widget elementor-widget-text-editor\" data-id=\"689b1b1\" data-element_type=\"widget\" data-widget_type=\"text-editor.default\">\n\t\t\t\t<div class=\"elementor-widget-container\">\n\t\t\t<style>\/*! elementor - v3.6.6 - 08-06-2022 *\/\n.elementor-widget-text-editor.elementor-drop-cap-view-stacked .elementor-drop-cap{background-color:#818a91;color:#fff}.elementor-widget-text-editor.elementor-drop-cap-view-framed .elementor-drop-cap{color:#818a91;border:3px solid;background-color:transparent}.elementor-widget-text-editor:not(.elementor-drop-cap-view-default) .elementor-drop-cap{margin-top:8px}.elementor-widget-text-editor:not(.elementor-drop-cap-view-default) .elementor-drop-cap-letter{width:1em;height:1em}.elementor-widget-text-editor .elementor-drop-cap{float:left;text-align:center;line-height:1;font-size:50px}.elementor-widget-text-editor .elementor-drop-cap-letter{display:inline-block}<\/style>\t\t\t\t<p>El reclutamiento internacional es un enfoque que combina un conjunto de habilidades comerciales y de redes, conocimientos de recursos humanos y ling\u00fc\u00edstica.\u00a0<span style=\"color: var( --e-global-color-text ); letter-spacing: 0px;\">Es un equilibrio sutil entre el respeto por un proceso de validaci\u00f3n, el sentimiento y la experiencia internacional.<\/span><\/p>\t\t\t\t\t\t<\/div>\n\t\t\t\t<\/div>\n\t\t\t\t<section class=\"elementor-section elementor-inner-section elementor-element elementor-element-4e5303d elementor-section-boxed elementor-section-height-default elementor-section-height-default\" data-id=\"4e5303d\" data-element_type=\"section\">\n\t\t\t\t\t\t<div class=\"elementor-container elementor-column-gap-default\">\n\t\t\t\t\t<div class=\"elementor-column elementor-col-50 elementor-inner-column elementor-element elementor-element-3e25ff8\" data-id=\"3e25ff8\" data-element_type=\"column\">\n\t\t\t<div class=\"elementor-widget-wrap elementor-element-populated\">\n\t\t\t\t\t\t\t\t<div class=\"elementor-element elementor-element-25dc378 elementor-widget elementor-widget-image\" data-id=\"25dc378\" data-element_type=\"widget\" data-widget_type=\"image.default\">\n\t\t\t\t<div class=\"elementor-widget-container\">\n\t\t\t<style>\/*! elementor - v3.6.6 - 08-06-2022 *\/\n.elementor-widget-image{text-align:center}.elementor-widget-image a{display:inline-block}.elementor-widget-image a img[src$=\".svg\"]{width:48px}.elementor-widget-image img{vertical-align:middle;display:inline-block}<\/style>\t\t\t\t\t\t\t\t\t\t\t\t<img decoding=\"async\" width=\"2560\" height=\"1707\" src=\"https:\/\/tc-consulting-rh.com\/wp-content\/uploads\/2022\/10\/AdobeStock_298491525-scaled.webp\" class=\"attachment-large size-large\" alt=\"\" loading=\"lazy\" srcset=\"https:\/\/tc-consulting-rh.com\/wp-content\/uploads\/2022\/10\/AdobeStock_298491525-scaled.webp 2560w, https:\/\/tc-consulting-rh.com\/wp-content\/uploads\/2022\/10\/AdobeStock_298491525-768x512.webp 768w, https:\/\/tc-consulting-rh.com\/wp-content\/uploads\/2022\/10\/AdobeStock_298491525-1536x1024.webp 1536w, https:\/\/tc-consulting-rh.com\/wp-content\/uploads\/2022\/10\/AdobeStock_298491525-2048x1365.webp 2048w, https:\/\/tc-consulting-rh.com\/wp-content\/uploads\/2022\/10\/AdobeStock_298491525-600x400.webp 600w\" sizes=\"(max-width: 2560px) 100vw, 2560px\" \/>\t\t\t\t\t\t\t\t\t\t\t\t\t\t\t<\/div>\n\t\t\t\t<\/div>\n\t\t\t\t\t<\/div>\n\t\t<\/div>\n\t\t\t\t<div class=\"elementor-column elementor-col-50 elementor-inner-column elementor-element elementor-element-b6f67d8\" data-id=\"b6f67d8\" data-element_type=\"column\">\n\t\t\t<div class=\"elementor-widget-wrap elementor-element-populated\">\n\t\t\t\t\t\t\t\t<div class=\"elementor-element elementor-element-c2cb2a7 elementor-widget elementor-widget-text-editor\" data-id=\"c2cb2a7\" data-element_type=\"widget\" data-widget_type=\"text-editor.default\">\n\t\t\t\t<div class=\"elementor-widget-container\">\n\t\t\t\t\t\t\t<p>Incluso si re\u00fanes todas estas habilidades, a menudo te falta tiempo, a diferencia de una empresa cuya organizaci\u00f3n se dedica exclusivamente al proceso de investigaci\u00f3n. Por lo tanto, esto le permite ser m\u00e1s receptivo y m\u00e1s centrado en los pasos a seguir, a saber:<\/p>\t\t\t\t\t\t<\/div>\n\t\t\t\t<\/div>\n\t\t\t\t<div class=\"elementor-element elementor-element-e40030b elementor-hidden-tablet elementor-hidden-mobile elementor-widget elementor-widget-text-editor\" data-id=\"e40030b\" data-element_type=\"widget\" data-widget_type=\"text-editor.default\">\n\t\t\t\t<div class=\"elementor-widget-container\">\n\t\t\t\t\t\t\t<ul><li>Redactar especificaciones y una definici\u00f3n clara del perfil con condiciones salariales y legales claras para el candidato.(particularmente en el contexto de una expatriaci\u00f3n)<\/li><li>Desarrollar un anuncio impactante en l\u00ednea con las expectativas de los candidatos y encontrar los apoyos adecuados por pa\u00eds.<\/li><li>Preseleccionar rigurosamente a los candidatos en relaci\u00f3n con una \u201cb\u00fasqueda de talentos\u201d activa en redes profesionales<\/li><li>Validar perfiles mediante entrevistas a consultores y realizaci\u00f3n de pruebas psicot\u00e9cnicas y\/o ling\u00fc\u00edsticas.<\/li><\/ul>\t\t\t\t\t\t<\/div>\n\t\t\t\t<\/div>\n\t\t\t\t\t<\/div>\n\t\t<\/div>\n\t\t\t\t\t\t\t<\/div>\n\t\t<\/section>\n\t\t\t\t<div class=\"elementor-element elementor-element-3417bfd6 elementor-align-center elementor-hidden-tablet elementor-hidden-mobile elementor-widget elementor-widget-button\" data-id=\"3417bfd6\" data-element_type=\"widget\" data-widget_type=\"button.default\">\n\t\t\t\t<div class=\"elementor-widget-container\">\n\t\t\t\t\t<div class=\"elementor-button-wrapper\">\n\t\t\t<a href=\"https:\/\/tc-consulting-rh.com\/es\/contacto\/\" class=\"elementor-button-link elementor-button elementor-size-lg\" role=\"button\">\n\t\t\t\t\t\t<span class=\"elementor-button-content-wrapper\">\n\t\t\t\t\t\t<span class=\"elementor-button-text\">CONT\u00c1CTANOS PARA M\u00c1S INFORMACI\u00d3N<\/span>\n\t\t<\/span>\n\t\t\t\t\t<\/a>\n\t\t<\/div>\n\t\t\t\t<\/div>\n\t\t\t\t<\/div>\n\t\t\t\t<div class=\"elementor-element elementor-element-4c639b5 elementor-widget elementor-widget-heading\" data-id=\"4c639b5\" data-element_type=\"widget\" data-widget_type=\"heading.default\">\n\t\t\t\t<div class=\"elementor-widget-container\">\n\t\t\t<h2 class=\"elementor-heading-title elementor-size-default\">\u00bfPor qu\u00e9 confiarnos tu cazatalentos internacional?<\/h2>\t\t<\/div>\n\t\t\t\t<\/div>\n\t\t\t\t<div class=\"elementor-element elementor-element-2193cdfe elementor-widget elementor-widget-text-editor\" data-id=\"2193cdfe\" data-element_type=\"widget\" data-widget_type=\"text-editor.default\">\n\t\t\t\t<div class=\"elementor-widget-container\">\n\t\t\t\t\t\t\t<p>Contar con el apoyo de un profesional de reclutamiento internacional tiene varias ventajas<\/p>\t\t\t\t\t\t<\/div>\n\t\t\t\t<\/div>\n\t\t\t\t<div class=\"elementor-element elementor-element-7c3e4bd1 elementor-widget elementor-widget-heading\" data-id=\"7c3e4bd1\" data-element_type=\"widget\" data-widget_type=\"heading.default\">\n\t\t\t\t<div class=\"elementor-widget-container\">\n\t\t\t<h2 class=\"elementor-heading-title elementor-size-default\">Gesti\u00f3n del tiempo y de la carga mental<\/h2>\t\t<\/div>\n\t\t\t\t<\/div>\n\t\t\t\t<div class=\"elementor-element elementor-element-f7299e2 elementor-widget elementor-widget-text-editor\" data-id=\"f7299e2\" data-element_type=\"widget\" data-widget_type=\"text-editor.default\">\n\t\t\t\t<div class=\"elementor-widget-container\">\n\t\t\t\t\t\t\t<p>El reclutamiento es a menudo s\u00f3lo una de las muchas tareas a las que se enfrentan los l\u00edderes, resorses humanas o los directivos de las empresas medianas. Sin embargo, reclutar para obtener resultados implica tiempo y disponibilidad. A menudo, debido a la falta de tiempo, las exigencias del proceso ponen a los gerentes en dificultades.<\/p>\t\t\t\t\t\t<\/div>\n\t\t\t\t<\/div>\n\t\t\t\t<div class=\"elementor-element elementor-element-7e617fe elementor-widget elementor-widget-heading\" data-id=\"7e617fe\" data-element_type=\"widget\" data-widget_type=\"heading.default\">\n\t\t\t\t<div class=\"elementor-widget-container\">\n\t\t\t<h2 class=\"elementor-heading-title elementor-size-default\">\u00a1Reclutar es competencia y experiencia!<\/h2>\t\t<\/div>\n\t\t\t\t<\/div>\n\t\t\t\t<div class=\"elementor-element elementor-element-fe6c26c elementor-widget elementor-widget-text-editor\" data-id=\"fe6c26c\" data-element_type=\"widget\" data-widget_type=\"text-editor.default\">\n\t\t\t\t<div class=\"elementor-widget-container\">\n\t\t\t\t\t\t\t<p>Redactar anuncios de empleo con el tono adecuado, aparecer en los medios adecuados, implementar una estrategia de acercamiento directo eficaz pero respetuosa, saber aprovechar las oportunidades, vender el puesto a los candidatos sin exagerar, analizar y sentir las personalidades, tener reflejos e intuiciones adecuadas. en entrevistas que te permitan detectar aspectos importantes etc\u2026 El reclutamiento es una profesi\u00f3n, una experiencia y un saber hacer y esto es lo que ponemos a tu servicio en TC CONSULTING.<\/p><p>\u00a0<\/p>\t\t\t\t\t\t<\/div>\n\t\t\t\t<\/div>\n\t\t\t\t<div class=\"elementor-element elementor-element-a5ab873 elementor-widget elementor-widget-heading\" data-id=\"a5ab873\" data-element_type=\"widget\" data-widget_type=\"heading.default\">\n\t\t\t\t<div class=\"elementor-widget-container\">\n\t\t\t<h2 class=\"elementor-heading-title elementor-size-default\">Un ahorro de tiempo<\/h2>\t\t<\/div>\n\t\t\t\t<\/div>\n\t\t\t\t<div class=\"elementor-element elementor-element-3af6ed4 elementor-widget elementor-widget-text-editor\" data-id=\"3af6ed4\" data-element_type=\"widget\" data-widget_type=\"text-editor.default\">\n\t\t\t\t<div class=\"elementor-widget-container\">\n\t\t\t\t\t\t\t<p>Esta experiencia ahorra tiempo para tu reclutamiento. De hecho, trabajar con una agencia que dedica su tiempo a la cazatalentos optimiza los plazos. Consideramos en promedio un tiempo de obtenci\u00f3n y procesamiento de solicitudes de 3 meses a lo que se suma un per\u00edodo de preaviso de entre 1 y 3 meses dependiendo del pa\u00eds de origen. Sin embargo, esta duraci\u00f3n puede variar m\u00e1s o menos dependiendo del contexto general (mercado, situaci\u00f3n de la empresa, visibilidad, situaci\u00f3n econ\u00f3mica o demogr\u00e1fica de la zona, etc.)<\/p>\t\t\t\t\t\t<\/div>\n\t\t\t\t<\/div>\n\t\t\t\t<div class=\"elementor-element elementor-element-c20fa98 elementor-widget elementor-widget-heading\" data-id=\"c20fa98\" data-element_type=\"widget\" data-widget_type=\"heading.default\">\n\t\t\t\t<div class=\"elementor-widget-container\">\n\t\t\t<h2 class=\"elementor-heading-title elementor-size-default\">Mayor visibilidad para las medianas empresas<\/h2>\t\t<\/div>\n\t\t\t\t<\/div>\n\t\t\t\t<div class=\"elementor-element elementor-element-08a5a23 elementor-widget elementor-widget-text-editor\" data-id=\"08a5a23\" data-element_type=\"widget\" data-widget_type=\"text-editor.default\">\n\t\t\t\t<div class=\"elementor-widget-container\">\n\t\t\t\t\t\t\t<p>Subcontratar tu selecci\u00f3n te permitir\u00e1 beneficiarte de la visibilidad, la red y la reputaci\u00f3n de la empresa para destacar tu proyecto y as\u00ed atraer perfiles internacionales m\u00e1s f\u00e1cilmente.<\/p><p>\u00a0<\/p>\t\t\t\t\t\t<\/div>\n\t\t\t\t<\/div>\n\t\t\t\t<div class=\"elementor-element elementor-element-012bec6 elementor-widget elementor-widget-heading\" data-id=\"012bec6\" data-element_type=\"widget\" data-widget_type=\"heading.default\">\n\t\t\t\t<div class=\"elementor-widget-container\">\n\t\t\t<h2 class=\"elementor-heading-title elementor-size-default\">Limitar los costos de una contrataci\u00f3n fallida<\/h2>\t\t<\/div>\n\t\t\t\t<\/div>\n\t\t\t\t<div class=\"elementor-element elementor-element-38b0083 elementor-widget elementor-widget-text-editor\" data-id=\"38b0083\" data-element_type=\"widget\" data-widget_type=\"text-editor.default\">\n\t\t\t\t<div class=\"elementor-widget-container\">\n\t\t\t\t\t\t\t<p>El costo de una contrataci\u00f3n fallida es alto porque ciertamente implica costos directos, pero tambi\u00e9n muchos costos indirectos que implican p\u00e9rdidas de productividad y problemas de recursos humanos. Crear una relaci\u00f3n a largo plazo con una agencia que te conoce y act\u00faa como socio ayuda a limitar este riesgo y, por lo tanto, asegura su contrataci\u00f3n.<\/p>\n<p><\/p>\n<p>Por todas estas razones, nuestro equipo est\u00e1 disponible para discutir tus problemas de reclutamiento y recursos humanos.<\/p>\t\t\t\t\t\t<\/div>\n\t\t\t\t<\/div>\n\t\t\t\t<div class=\"elementor-element elementor-element-e9635d8 elementor-hidden-desktop elementor-widget elementor-widget-text-editor\" data-id=\"e9635d8\" data-element_type=\"widget\" data-widget_type=\"text-editor.default\">\n\t\t\t\t<div class=\"elementor-widget-container\">\n\t\t\t\t\t\t\t<p>El objetivo de nuestras misiones es mejorar el rendimiento econ\u00f3mico y humano de las empresas. Recurrir a TC Consulting le permitir\u00e1 beneficiarse de numerosas ventajas<\/p>\n\t\t\t\t\t\t<\/div>\n\t\t\t\t<\/div>\n\t\t\t\t<div class=\"elementor-element elementor-element-3d9e915 elementor-align-left elementor-hidden-desktop elementor-widget elementor-widget-button\" data-id=\"3d9e915\" data-element_type=\"widget\" data-widget_type=\"button.default\">\n\t\t\t\t<div class=\"elementor-widget-container\">\n\t\t\t\t\t<div class=\"elementor-button-wrapper\">\n\t\t\t<a href=\"https:\/\/tc-consulting-rh.com\/es\/?page_id=5170\" class=\"elementor-button-link elementor-button elementor-size-lg\" role=\"button\">\n\t\t\t\t\t\t<span class=\"elementor-button-content-wrapper\">\n\t\t\t\t\t\t<span class=\"elementor-button-text\">P\u00f3ngase en contacto con nosotros<\/span>\n\t\t<\/span>\n\t\t\t\t\t<\/a>\n\t\t<\/div>\n\t\t\t\t<\/div>\n\t\t\t\t<\/div>\n\t\t\t\t\t<\/div>\n\t\t<\/div>\n\t\t\t\t\t\t\t<\/div>\n\t\t<\/section>\n\t\t\t\t<section class=\"elementor-section elementor-top-section elementor-element elementor-element-43c129b elementor-section-boxed elementor-section-height-default elementor-section-height-default\" data-id=\"43c129b\" data-element_type=\"section\">\n\t\t\t\t\t\t<div class=\"elementor-container elementor-column-gap-default\">\n\t\t\t\t\t<div class=\"elementor-column elementor-col-100 elementor-top-column elementor-element elementor-element-d17396b\" data-id=\"d17396b\" data-element_type=\"column\">\n\t\t\t<div class=\"elementor-widget-wrap elementor-element-populated\">\n\t\t\t\t\t\t\t\t<div class=\"elementor-element elementor-element-d593c48 elementor-widget elementor-widget-text-editor\" data-id=\"d593c48\" data-element_type=\"widget\" data-widget_type=\"text-editor.default\">\n\t\t\t\t<div class=\"elementor-widget-container\">\n\t\t\t\t\t\t\t<p>Para misiones puntuales o m\u00e1s peri\u00f3dicas, nuestro equipo de consultores le acompa\u00f1ar\u00e1 para dar respuesta a los problemas de RRHH que se le planteen y le ayudar\u00e1 a definir una estrategia de contrataci\u00f3n eficaz.<\/p>\n\t\t\t\t\t\t<\/div>\n\t\t\t\t<\/div>\n\t\t\t\t\t<\/div>\n\t\t<\/div>\n\t\t\t\t\t\t\t<\/div>\n\t\t<\/section>\n\t\t\t\t\t\t\t<\/div>\n\t\t","protected":false},"excerpt":{"rendered":"<p>\u00bfPOR QU\u00c9 UTILIZARNOS PARA TU RECLUTAMIENTO INTERNACIONAL? Reclutar internacionalmente: experiencia y tiempo dedicado El reclutamiento internacional es un enfoque que combina un conjunto de habilidades comerciales y de redes, conocimientos de recursos humanos y ling\u00fc\u00edstica.\u00a0Es un equilibrio sutil entre el respeto por un proceso de validaci\u00f3n, el sentimiento y la experiencia internacional. Incluso si re\u00fanes [&hellip;]<\/p>\n","protected":false},"author":1,"featured_media":0,"parent":0,"menu_order":0,"comment_status":"closed","ping_status":"closed","template":"elementor_header_footer","meta":[],"yoast_head":"<!-- This site is optimized with the Yoast SEO plugin v19.5.1 - https:\/\/yoast.com\/wordpress\/plugins\/seo\/ -->\n<title>NUESTRO APOYO - TC Consulting<\/title>\n<meta name=\"description\" content=\"TC Consulting puede asesorarle en materia de recursos humanos. P\u00f3ngase en contacto con nuestro equipo ahora mismo.\" \/>\n<meta name=\"robots\" content=\"index, follow, max-snippet:-1, max-image-preview:large, max-video-preview:-1\" \/>\n<link rel=\"canonical\" href=\"https:\/\/tc-consulting-rh.com\/es\/nuestro-apoyo\/\" \/>\n<meta property=\"og:locale\" content=\"es_ES\" \/>\n<meta property=\"og:type\" content=\"article\" \/>\n<meta property=\"og:title\" content=\"NUESTRO APOYO - TC Consulting\" \/>\n<meta property=\"og:description\" content=\"TC Consulting puede asesorarle en materia de recursos humanos. P\u00f3ngase en contacto con nuestro equipo ahora mismo.\" \/>\n<meta property=\"og:url\" content=\"https:\/\/tc-consulting-rh.com\/es\/nuestro-apoyo\/\" \/>\n<meta property=\"og:site_name\" content=\"TC Consulting\" \/>\n<meta property=\"article:modified_time\" content=\"2024-04-25T09:00:46+00:00\" \/>\n<meta property=\"og:image\" content=\"https:\/\/tc-consulting-rh.com\/wp-content\/uploads\/2022\/10\/AdobeStock_298491525-scaled.webp\" \/>\n<meta name=\"twitter:card\" content=\"summary_large_image\" \/>\n<meta name=\"twitter:label1\" content=\"Tiempo de lectura\" \/>\n\t<meta name=\"twitter:data1\" content=\"3 minutos\" \/>\n<script type=\"application\/ld+json\" class=\"yoast-schema-graph\">{\"@context\":\"https:\/\/schema.org\",\"@graph\":[{\"@type\":\"WebPage\",\"@id\":\"https:\/\/tc-consulting-rh.com\/es\/nuestro-apoyo\/\",\"url\":\"https:\/\/tc-consulting-rh.com\/es\/nuestro-apoyo\/\",\"name\":\"NUESTRO APOYO - TC Consulting\",\"isPartOf\":{\"@id\":\"https:\/\/tc-consulting-rh.com\/es\/#website\"},\"datePublished\":\"2022-07-08T08:54:02+00:00\",\"dateModified\":\"2024-04-25T09:00:46+00:00\",\"description\":\"TC Consulting puede asesorarle en materia de recursos humanos. P\u00f3ngase en contacto con nuestro equipo ahora mismo.\",\"breadcrumb\":{\"@id\":\"https:\/\/tc-consulting-rh.com\/es\/nuestro-apoyo\/#breadcrumb\"},\"inLanguage\":\"es\",\"potentialAction\":[{\"@type\":\"ReadAction\",\"target\":[\"https:\/\/tc-consulting-rh.com\/es\/nuestro-apoyo\/\"]}]},{\"@type\":\"BreadcrumbList\",\"@id\":\"https:\/\/tc-consulting-rh.com\/es\/nuestro-apoyo\/#breadcrumb\",\"itemListElement\":[{\"@type\":\"ListItem\",\"position\":1,\"name\":\"Accueil\",\"item\":\"https:\/\/tc-consulting-rh.com\/es\/\"},{\"@type\":\"ListItem\",\"position\":2,\"name\":\"NUESTRO APOYO\"}]},{\"@type\":\"WebSite\",\"@id\":\"https:\/\/tc-consulting-rh.com\/es\/#website\",\"url\":\"https:\/\/tc-consulting-rh.com\/es\/\",\"name\":\"TC Consulting\",\"description\":\"Cabinet de recrutement en Vend\u00e9e\",\"potentialAction\":[{\"@type\":\"SearchAction\",\"target\":{\"@type\":\"EntryPoint\",\"urlTemplate\":\"https:\/\/tc-consulting-rh.com\/es\/?s={search_term_string}\"},\"query-input\":\"required name=search_term_string\"}],\"inLanguage\":\"es\"}]}<\/script>\n<!-- \/ Yoast SEO plugin. -->","yoast_head_json":{"title":"NUESTRO APOYO - TC Consulting","description":"TC Consulting puede asesorarle en materia de recursos humanos. P\u00f3ngase en contacto con nuestro equipo ahora mismo.","robots":{"index":"index","follow":"follow","max-snippet":"max-snippet:-1","max-image-preview":"max-image-preview:large","max-video-preview":"max-video-preview:-1"},"canonical":"https:\/\/tc-consulting-rh.com\/es\/nuestro-apoyo\/","og_locale":"es_ES","og_type":"article","og_title":"NUESTRO APOYO - TC Consulting","og_description":"TC Consulting puede asesorarle en materia de recursos humanos. P\u00f3ngase en contacto con nuestro equipo ahora mismo.","og_url":"https:\/\/tc-consulting-rh.com\/es\/nuestro-apoyo\/","og_site_name":"TC Consulting","article_modified_time":"2024-04-25T09:00:46+00:00","og_image":[{"url":"https:\/\/tc-consulting-rh.com\/wp-content\/uploads\/2022\/10\/AdobeStock_298491525-scaled.webp"}],"twitter_card":"summary_large_image","twitter_misc":{"Tiempo de lectura":"3 minutos"},"schema":{"@context":"https:\/\/schema.org","@graph":[{"@type":"WebPage","@id":"https:\/\/tc-consulting-rh.com\/es\/nuestro-apoyo\/","url":"https:\/\/tc-consulting-rh.com\/es\/nuestro-apoyo\/","name":"NUESTRO APOYO - TC Consulting","isPartOf":{"@id":"https:\/\/tc-consulting-rh.com\/es\/#website"},"datePublished":"2022-07-08T08:54:02+00:00","dateModified":"2024-04-25T09:00:46+00:00","description":"TC Consulting puede asesorarle en materia de recursos humanos. P\u00f3ngase en contacto con nuestro equipo ahora mismo.","breadcrumb":{"@id":"https:\/\/tc-consulting-rh.com\/es\/nuestro-apoyo\/#breadcrumb"},"inLanguage":"es","potentialAction":[{"@type":"ReadAction","target":["https:\/\/tc-consulting-rh.com\/es\/nuestro-apoyo\/"]}]},{"@type":"BreadcrumbList","@id":"https:\/\/tc-consulting-rh.com\/es\/nuestro-apoyo\/#breadcrumb","itemListElement":[{"@type":"ListItem","position":1,"name":"Accueil","item":"https:\/\/tc-consulting-rh.com\/es\/"},{"@type":"ListItem","position":2,"name":"NUESTRO APOYO"}]},{"@type":"WebSite","@id":"https:\/\/tc-consulting-rh.com\/es\/#website","url":"https:\/\/tc-consulting-rh.com\/es\/","name":"TC Consulting","description":"Cabinet de recrutement en Vend\u00e9e","potentialAction":[{"@type":"SearchAction","target":{"@type":"EntryPoint","urlTemplate":"https:\/\/tc-consulting-rh.com\/es\/?s={search_term_string}"},"query-input":"required name=search_term_string"}],"inLanguage":"es"}]}},"_links":{"self":[{"href":"https:\/\/tc-consulting-rh.com\/es\/wp-json\/wp\/v2\/pages\/5303"}],"collection":[{"href":"https:\/\/tc-consulting-rh.com\/es\/wp-json\/wp\/v2\/pages"}],"about":[{"href":"https:\/\/tc-consulting-rh.com\/es\/wp-json\/wp\/v2\/types\/page"}],"author":[{"embeddable":true,"href":"https:\/\/tc-consulting-rh.com\/es\/wp-json\/wp\/v2\/users\/1"}],"replies":[{"embeddable":true,"href":"https:\/\/tc-consulting-rh.com\/es\/wp-json\/wp\/v2\/comments?post=5303"}],"version-history":[{"count":13,"href":"https:\/\/tc-consulting-rh.com\/es\/wp-json\/wp\/v2\/pages\/5303\/revisions"}],"predecessor-version":[{"id":7615,"href":"https:\/\/tc-consulting-rh.com\/es\/wp-json\/wp\/v2\/pages\/5303\/revisions\/7615"}],"wp:attachment":[{"href":"https:\/\/tc-consulting-rh.com\/es\/wp-json\/wp\/v2\/media?parent=5303"}],"curies":[{"name":"wp","href":"https:\/\/api.w.org\/{rel}","templated":true}]}}