{"id":5282,"date":"2022-07-22T07:49:42","date_gmt":"2022-07-22T06:49:42","guid":{"rendered":"https:\/\/tc-consulting-rh.com\/menciones-legales\/"},"modified":"2024-04-25T08:45:33","modified_gmt":"2024-04-25T07:45:33","slug":"notas-legales","status":"publish","type":"page","link":"https:\/\/tc-consulting-rh.com\/es\/notas-legales\/","title":{"rendered":"Notas legales"},"content":{"rendered":"\n<p><strong>Responsable editorial<\/strong><\/p>\n\n\n\n<p>Sr. Thierry Charrier \u2013 <a href=\"mailto:t.charrier@tc-consulting-rh.fr\">t.charrier@tc-consulting-rh.fr<\/a><\/p>\n\n\n\n<p><strong>Desarrollo, gr\u00e1ficos, SEO.<\/strong><\/p>\n\n\n\n<p>Le coin du digital \u2013 188 rue Nationale 49300 Cholet \u2013 <a href=\"mailto:contact@lecoindudigital.fr\">contact@lecoindudigital.fr<\/a><\/p>\n\n\n\n<p>Informamos a los candidatos que el procedimiento de selecci\u00f3n utilizado por TC Consulting incluye: una entrevista telef\u00f3nica, seguida de una entrevista individual en la oficina o por videoconferencia, complementada con pruebas (de personalidad, ofim\u00e1tica, ling\u00fc\u00edstica), verificaci\u00f3n de antecedentes y con la autorizaci\u00f3n de al candidato una comprobaci\u00f3n de la validez de las fechas.<\/p>\n\n\n\n<p>Los resultados de las pruebas generalmente se proporcionan y discuten con el candidato; de lo contrario, se proporcionar\u00e1n a pedido.<\/p>\n\n\n\n<p>Le informamos que los datos son informatizados y tratados de forma confidencial. Tambi\u00e9n se conservan por un plazo m\u00e1ximo de 36 meses desde el \u00faltimo contacto.<\/p>\n\n\n\n<p>S\u00f3lo las personas autorizadas de la empresa podr\u00e1n acceder a sus datos para fines estrictamente internos. La empresa podr\u00e1 comunicar la informaci\u00f3n del candidato a cualquier empresa cliente tras obtener el acuerdo de dicho candidato.<\/p>\n\n\n\n<p>Usted podr\u00e1, previa simple solicitud, acceder a la informaci\u00f3n que le concierne, modificarla o eliminarla, para ello simplemente env\u00edenos su solicitud por correo electr\u00f3nico a:<\/p>\n\n\n\n<p><a href=\"mailto:contact@tc-consulting-rh.fr\">contact@tc-consulting-rh.fr<\/a><\/p>\n\n\n\n<p>Thierry Charrier Consulting SAS \u2013 27 rue d\u2019Ardelay 85500 Les Herbiers \u2013 Francia<\/p>\n\n\n\n<p>+33 252 651 011<\/p>\n\n\n\n<p>Sociedad SAS con capital de 30.000 \u20ac \u2013 Registrada en el RCS de la Roche sur Yon &#8211; Francia<\/p>\n\n\n\n<p>SIRET: 830 218 137 00016<\/p>\n","protected":false},"excerpt":{"rendered":"<p>Responsable editorial Sr. Thierry Charrier \u2013 t.charrier@tc-consulting-rh.fr Desarrollo, gr\u00e1ficos, SEO. Le coin du digital \u2013 188 rue Nationale 49300 Cholet \u2013 contact@lecoindudigital.fr Informamos a los candidatos que el procedimiento de selecci\u00f3n utilizado por TC Consulting incluye: una entrevista telef\u00f3nica, seguida de una entrevista individual en la oficina o por videoconferencia, complementada con pruebas (de personalidad, [&hellip;]<\/p>\n","protected":false},"author":1,"featured_media":0,"parent":0,"menu_order":0,"comment_status":"closed","ping_status":"closed","template":"","meta":[],"yoast_head":"<!-- This site is optimized with the Yoast SEO plugin v19.5.1 - https:\/\/yoast.com\/wordpress\/plugins\/seo\/ -->\n<title>Notas legales - TC Consulting<\/title>\n<meta name=\"robots\" content=\"index, follow, max-snippet:-1, max-image-preview:large, max-video-preview:-1\" \/>\n<link rel=\"canonical\" href=\"https:\/\/tc-consulting-rh.com\/es\/notas-legales\/\" \/>\n<meta property=\"og:locale\" content=\"es_ES\" \/>\n<meta property=\"og:type\" content=\"article\" \/>\n<meta property=\"og:title\" content=\"Notas legales - TC Consulting\" \/>\n<meta property=\"og:description\" content=\"Responsable editorial Sr. Thierry Charrier \u2013 t.charrier@tc-consulting-rh.fr Desarrollo, gr\u00e1ficos, SEO. Le coin du digital \u2013 188 rue Nationale 49300 Cholet \u2013 contact@lecoindudigital.fr Informamos a los candidatos que el procedimiento de selecci\u00f3n utilizado por TC Consulting incluye: una entrevista telef\u00f3nica, seguida de una entrevista individual en la oficina o por videoconferencia, complementada con pruebas (de personalidad, [&hellip;]\" \/>\n<meta property=\"og:url\" content=\"https:\/\/tc-consulting-rh.com\/es\/notas-legales\/\" \/>\n<meta property=\"og:site_name\" content=\"TC Consulting\" \/>\n<meta property=\"article:modified_time\" content=\"2024-04-25T07:45:33+00:00\" \/>\n<meta name=\"twitter:card\" content=\"summary_large_image\" \/>\n<meta name=\"twitter:label1\" content=\"Tiempo de lectura\" \/>\n\t<meta name=\"twitter:data1\" content=\"1 minuto\" \/>\n<script type=\"application\/ld+json\" class=\"yoast-schema-graph\">{\"@context\":\"https:\/\/schema.org\",\"@graph\":[{\"@type\":\"WebPage\",\"@id\":\"https:\/\/tc-consulting-rh.com\/es\/notas-legales\/\",\"url\":\"https:\/\/tc-consulting-rh.com\/es\/notas-legales\/\",\"name\":\"Notas legales - TC Consulting\",\"isPartOf\":{\"@id\":\"https:\/\/tc-consulting-rh.com\/es\/#website\"},\"datePublished\":\"2022-07-22T06:49:42+00:00\",\"dateModified\":\"2024-04-25T07:45:33+00:00\",\"breadcrumb\":{\"@id\":\"https:\/\/tc-consulting-rh.com\/es\/notas-legales\/#breadcrumb\"},\"inLanguage\":\"es\",\"potentialAction\":[{\"@type\":\"ReadAction\",\"target\":[\"https:\/\/tc-consulting-rh.com\/es\/notas-legales\/\"]}]},{\"@type\":\"BreadcrumbList\",\"@id\":\"https:\/\/tc-consulting-rh.com\/es\/notas-legales\/#breadcrumb\",\"itemListElement\":[{\"@type\":\"ListItem\",\"position\":1,\"name\":\"Accueil\",\"item\":\"https:\/\/tc-consulting-rh.com\/es\/\"},{\"@type\":\"ListItem\",\"position\":2,\"name\":\"Notas legales\"}]},{\"@type\":\"WebSite\",\"@id\":\"https:\/\/tc-consulting-rh.com\/es\/#website\",\"url\":\"https:\/\/tc-consulting-rh.com\/es\/\",\"name\":\"TC Consulting\",\"description\":\"Cabinet de recrutement en Vend\u00e9e\",\"potentialAction\":[{\"@type\":\"SearchAction\",\"target\":{\"@type\":\"EntryPoint\",\"urlTemplate\":\"https:\/\/tc-consulting-rh.com\/es\/?s={search_term_string}\"},\"query-input\":\"required name=search_term_string\"}],\"inLanguage\":\"es\"}]}<\/script>\n<!-- \/ Yoast SEO plugin. -->","yoast_head_json":{"title":"Notas legales - TC Consulting","robots":{"index":"index","follow":"follow","max-snippet":"max-snippet:-1","max-image-preview":"max-image-preview:large","max-video-preview":"max-video-preview:-1"},"canonical":"https:\/\/tc-consulting-rh.com\/es\/notas-legales\/","og_locale":"es_ES","og_type":"article","og_title":"Notas legales - TC Consulting","og_description":"Responsable editorial Sr. Thierry Charrier \u2013 t.charrier@tc-consulting-rh.fr Desarrollo, gr\u00e1ficos, SEO. Le coin du digital \u2013 188 rue Nationale 49300 Cholet \u2013 contact@lecoindudigital.fr Informamos a los candidatos que el procedimiento de selecci\u00f3n utilizado por TC Consulting incluye: una entrevista telef\u00f3nica, seguida de una entrevista individual en la oficina o por videoconferencia, complementada con pruebas (de personalidad, [&hellip;]","og_url":"https:\/\/tc-consulting-rh.com\/es\/notas-legales\/","og_site_name":"TC Consulting","article_modified_time":"2024-04-25T07:45:33+00:00","twitter_card":"summary_large_image","twitter_misc":{"Tiempo de lectura":"1 minuto"},"schema":{"@context":"https:\/\/schema.org","@graph":[{"@type":"WebPage","@id":"https:\/\/tc-consulting-rh.com\/es\/notas-legales\/","url":"https:\/\/tc-consulting-rh.com\/es\/notas-legales\/","name":"Notas legales - TC Consulting","isPartOf":{"@id":"https:\/\/tc-consulting-rh.com\/es\/#website"},"datePublished":"2022-07-22T06:49:42+00:00","dateModified":"2024-04-25T07:45:33+00:00","breadcrumb":{"@id":"https:\/\/tc-consulting-rh.com\/es\/notas-legales\/#breadcrumb"},"inLanguage":"es","potentialAction":[{"@type":"ReadAction","target":["https:\/\/tc-consulting-rh.com\/es\/notas-legales\/"]}]},{"@type":"BreadcrumbList","@id":"https:\/\/tc-consulting-rh.com\/es\/notas-legales\/#breadcrumb","itemListElement":[{"@type":"ListItem","position":1,"name":"Accueil","item":"https:\/\/tc-consulting-rh.com\/es\/"},{"@type":"ListItem","position":2,"name":"Notas legales"}]},{"@type":"WebSite","@id":"https:\/\/tc-consulting-rh.com\/es\/#website","url":"https:\/\/tc-consulting-rh.com\/es\/","name":"TC Consulting","description":"Cabinet de recrutement en Vend\u00e9e","potentialAction":[{"@type":"SearchAction","target":{"@type":"EntryPoint","urlTemplate":"https:\/\/tc-consulting-rh.com\/es\/?s={search_term_string}"},"query-input":"required name=search_term_string"}],"inLanguage":"es"}]}},"_links":{"self":[{"href":"https:\/\/tc-consulting-rh.com\/es\/wp-json\/wp\/v2\/pages\/5282"}],"collection":[{"href":"https:\/\/tc-consulting-rh.com\/es\/wp-json\/wp\/v2\/pages"}],"about":[{"href":"https:\/\/tc-consulting-rh.com\/es\/wp-json\/wp\/v2\/types\/page"}],"author":[{"embeddable":true,"href":"https:\/\/tc-consulting-rh.com\/es\/wp-json\/wp\/v2\/users\/1"}],"replies":[{"embeddable":true,"href":"https:\/\/tc-consulting-rh.com\/es\/wp-json\/wp\/v2\/comments?post=5282"}],"version-history":[{"count":3,"href":"https:\/\/tc-consulting-rh.com\/es\/wp-json\/wp\/v2\/pages\/5282\/revisions"}],"predecessor-version":[{"id":7230,"href":"https:\/\/tc-consulting-rh.com\/es\/wp-json\/wp\/v2\/pages\/5282\/revisions\/7230"}],"wp:attachment":[{"href":"https:\/\/tc-consulting-rh.com\/es\/wp-json\/wp\/v2\/media?parent=5282"}],"curies":[{"name":"wp","href":"https:\/\/api.w.org\/{rel}","templated":true}]}}