{"id":5266,"date":"2023-08-24T10:01:01","date_gmt":"2023-08-24T09:01:01","guid":{"rendered":"https:\/\/tc-consulting-rh.com\/chasseur-de-tete\/"},"modified":"2024-04-25T09:59:16","modified_gmt":"2024-04-25T08:59:16","slug":"caza-de-talentos","status":"publish","type":"page","link":"https:\/\/tc-consulting-rh.com\/es\/caza-de-talentos\/","title":{"rendered":"CAZA DE TALENTOS"},"content":{"rendered":"\t\t<div data-elementor-type=\"wp-page\" data-elementor-id=\"5266\" class=\"elementor elementor-5266 elementor-4021\">\n\t\t\t\t\t\t\t\t\t<section class=\"elementor-section elementor-top-section elementor-element elementor-element-4d8b8e9b elementor-section-boxed elementor-section-height-default elementor-section-height-default\" data-id=\"4d8b8e9b\" data-element_type=\"section\" data-settings=\"{&quot;background_background&quot;:&quot;classic&quot;}\">\n\t\t\t\t\t\t<div class=\"elementor-container elementor-column-gap-default\">\n\t\t\t\t\t<div class=\"elementor-column elementor-col-100 elementor-top-column elementor-element elementor-element-7b7f0b29\" data-id=\"7b7f0b29\" data-element_type=\"column\">\n\t\t\t<div class=\"elementor-widget-wrap elementor-element-populated\">\n\t\t\t\t\t\t\t\t<div class=\"elementor-element elementor-element-66ecbaf4 elementor-widget elementor-widget-heading\" data-id=\"66ecbaf4\" data-element_type=\"widget\" data-widget_type=\"heading.default\">\n\t\t\t\t<div class=\"elementor-widget-container\">\n\t\t\t<style>\/*! elementor - v3.6.6 - 08-06-2022 *\/\n.elementor-heading-title{padding:0;margin:0;line-height:1}.elementor-widget-heading .elementor-heading-title[class*=elementor-size-]>a{color:inherit;font-size:inherit;line-height:inherit}.elementor-widget-heading .elementor-heading-title.elementor-size-small{font-size:15px}.elementor-widget-heading .elementor-heading-title.elementor-size-medium{font-size:19px}.elementor-widget-heading .elementor-heading-title.elementor-size-large{font-size:29px}.elementor-widget-heading .elementor-heading-title.elementor-size-xl{font-size:39px}.elementor-widget-heading .elementor-heading-title.elementor-size-xxl{font-size:59px}<\/style><h1 class=\"elementor-heading-title elementor-size-default\">ENFOQUE DIRECTO Y CAZA DE TALENTOS INTERNACIONAL: UN ENFOQUE ESPEC\u00cdFICO\n\n<\/h1>\t\t<\/div>\n\t\t\t\t<\/div>\n\t\t\t\t\t<\/div>\n\t\t<\/div>\n\t\t\t\t\t\t\t<\/div>\n\t\t<\/section>\n\t\t\t\t<section class=\"elementor-section elementor-top-section elementor-element elementor-element-286d9ff elementor-section-boxed elementor-section-height-default elementor-section-height-default\" data-id=\"286d9ff\" data-element_type=\"section\">\n\t\t\t\t\t\t<div class=\"elementor-container elementor-column-gap-default\">\n\t\t\t\t\t<div class=\"elementor-column elementor-col-100 elementor-top-column elementor-element elementor-element-188cbef2\" data-id=\"188cbef2\" data-element_type=\"column\">\n\t\t\t<div class=\"elementor-widget-wrap elementor-element-populated\">\n\t\t\t\t\t\t\t\t<div class=\"elementor-element elementor-element-3078bbf3 elementor-widget elementor-widget-heading\" data-id=\"3078bbf3\" data-element_type=\"widget\" data-widget_type=\"heading.default\">\n\t\t\t\t<div class=\"elementor-widget-container\">\n\t\t\t<h2 class=\"elementor-heading-title elementor-size-default\">\u00bfQu\u00e9 es el acercamiento directo o headhunting?<\/h2>\t\t<\/div>\n\t\t\t\t<\/div>\n\t\t\t\t<div class=\"elementor-element elementor-element-2bed5a38 elementor-widget elementor-widget-text-editor\" data-id=\"2bed5a38\" data-element_type=\"widget\" data-widget_type=\"text-editor.default\">\n\t\t\t\t<div class=\"elementor-widget-container\">\n\t\t\t<style>\/*! elementor - v3.6.6 - 08-06-2022 *\/\n.elementor-widget-text-editor.elementor-drop-cap-view-stacked .elementor-drop-cap{background-color:#818a91;color:#fff}.elementor-widget-text-editor.elementor-drop-cap-view-framed .elementor-drop-cap{color:#818a91;border:3px solid;background-color:transparent}.elementor-widget-text-editor:not(.elementor-drop-cap-view-default) .elementor-drop-cap{margin-top:8px}.elementor-widget-text-editor:not(.elementor-drop-cap-view-default) .elementor-drop-cap-letter{width:1em;height:1em}.elementor-widget-text-editor .elementor-drop-cap{float:left;text-align:center;line-height:1;font-size:50px}.elementor-widget-text-editor .elementor-drop-cap-letter{display:inline-block}<\/style>\t\t\t\t<p>La \u201ccaza de talentos\u201d consiste en contactar con talentos que no parecen estar buscando activamente pero que pueden estar abiertos al mercado. Las principales herramientas de este enfoque son principalmente las redes sociales internacionales, como LinkedIn, que tambi\u00e9n pueden asociarse con las distintas bibliotecas de CV y \u200b\u200bbases de datos disponibles en los pa\u00edses en cuesti\u00f3n. El \u201cacercamiento directo\u201d suele asociarse a publicaciones publicitarias, excepto en el caso en que la empresa desee mantener la confidencialidad de su contrataci\u00f3n por razones estrat\u00e9gicas.<\/p>\t\t\t\t\t\t<\/div>\n\t\t\t\t<\/div>\n\t\t\t\t<div class=\"elementor-element elementor-element-af4fb38 elementor-widget elementor-widget-heading\" data-id=\"af4fb38\" data-element_type=\"widget\" data-widget_type=\"heading.default\">\n\t\t\t\t<div class=\"elementor-widget-container\">\n\t\t\t<h2 class=\"elementor-heading-title elementor-size-default\">\u00bfQu\u00e9 valor a\u00f1adido aporta un \u201cheadhunter\u201d?<\/h2>\t\t<\/div>\n\t\t\t\t<\/div>\n\t\t\t\t<div class=\"elementor-element elementor-element-33b4d90 elementor-widget elementor-widget-text-editor\" data-id=\"33b4d90\" data-element_type=\"widget\" data-widget_type=\"text-editor.default\">\n\t\t\t\t<div class=\"elementor-widget-container\">\n\t\t\t\t\t\t\t<p>Un \u201cHead Hunter\u201d internacional es un experto en selecci\u00f3n de personal que dispone de una red de candidatos, a los que sigue de forma m\u00e1s o menos activa, pero tambi\u00e9n de una red de profesionales en los que puede confiar. De este modo podr\u00e1 activar su red seg\u00fan sus necesidades.<\/p><p>En una estructura como TC CONSULTING, el Consultor no est\u00e1 solo y trabaja con un equipo de Asistentes de reclutamiento que tambi\u00e9n pueden acercarse al talento.<\/p><p>El reclutador dedica su tiempo a este proceso, que ciertamente requiere mucho tiempo pero que tambi\u00e9n puede optimizar porque su organizaci\u00f3n est\u00e1 dedicada a esta tarea.<\/p><p><strong>\u00a0<\/strong><\/p>\t\t\t\t\t\t<\/div>\n\t\t\t\t<\/div>\n\t\t\t\t<div class=\"elementor-element elementor-element-82c8fc6 elementor-widget elementor-widget-heading\" data-id=\"82c8fc6\" data-element_type=\"widget\" data-widget_type=\"heading.default\">\n\t\t\t\t<div class=\"elementor-widget-container\">\n\t\t\t<h2 class=\"elementor-heading-title elementor-size-default\">\u00bfC\u00f3mo funciona un \u201ccazatalentos\u201d?<\/h2>\t\t<\/div>\n\t\t\t\t<\/div>\n\t\t\t\t<div class=\"elementor-element elementor-element-1d84b03 elementor-widget elementor-widget-text-editor\" data-id=\"1d84b03\" data-element_type=\"widget\" data-widget_type=\"text-editor.default\">\n\t\t\t\t<div class=\"elementor-widget-container\">\n\t\t\t\t\t\t\t<p>Para tener \u00e9xito en una misi\u00f3n de cazatalentos, los reclutadores de TC CONSULTING siguen un enfoque muy organizado e id\u00e9ntico para todas las contrataciones:<\/p><p><strong>\u00a0<\/strong><\/p>\t\t\t\t\t\t<\/div>\n\t\t\t\t<\/div>\n\t\t\t\t\t<\/div>\n\t\t<\/div>\n\t\t\t\t\t\t\t<\/div>\n\t\t<\/section>\n\t\t\t\t<section class=\"elementor-section elementor-top-section elementor-element elementor-element-9501dca elementor-section-boxed elementor-section-height-default elementor-section-height-default\" data-id=\"9501dca\" data-element_type=\"section\">\n\t\t\t\t\t\t<div class=\"elementor-container elementor-column-gap-wide\">\n\t\t\t\t\t<div class=\"elementor-column elementor-col-50 elementor-top-column elementor-element elementor-element-620e6650\" data-id=\"620e6650\" data-element_type=\"column\">\n\t\t\t<div class=\"elementor-widget-wrap elementor-element-populated\">\n\t\t\t\t\t\t\t\t<div class=\"elementor-element elementor-element-7673a2ac elementor-widget elementor-widget-heading\" data-id=\"7673a2ac\" data-element_type=\"widget\" data-widget_type=\"heading.default\">\n\t\t\t\t<div class=\"elementor-widget-container\">\n\t\t\t<h3 class=\"elementor-heading-title elementor-size-default\">Especificaciones de trabajo<\/h3>\t\t<\/div>\n\t\t\t\t<\/div>\n\t\t\t\t<div class=\"elementor-element elementor-element-4780f46e elementor-widget elementor-widget-text-editor\" data-id=\"4780f46e\" data-element_type=\"widget\" data-widget_type=\"text-editor.default\">\n\t\t\t\t<div class=\"elementor-widget-container\">\n\t\t\t\t\t\t\t<p><strong>\u201cNo hay viento favorable para quien no sabe ad\u00f3nde va\u201d S\u00e9neca<\/strong><\/p><p>Un proceso de selecci\u00f3n se basa en una definici\u00f3n clara del puesto y de las expectativas de la empresa, en particular en materia de habilidades y personalidad.<\/p><p>Por lo tanto, un Consultor no puede iniciar una misi\u00f3n de acercamiento directo sin conocer con precisi\u00f3n la empresa y sus expectativas. Por tanto, son esenciales una entrevista en profundidad con el cliente al inicio de la misi\u00f3n y debates continuos.<\/p>\t\t\t\t\t\t<\/div>\n\t\t\t\t<\/div>\n\t\t\t\t\t<\/div>\n\t\t<\/div>\n\t\t\t\t<div class=\"elementor-column elementor-col-50 elementor-top-column elementor-element elementor-element-5c0b4055\" data-id=\"5c0b4055\" data-element_type=\"column\">\n\t\t\t<div class=\"elementor-widget-wrap elementor-element-populated\">\n\t\t\t\t\t\t\t\t<div class=\"elementor-element elementor-element-1306644 elementor-widget elementor-widget-heading\" data-id=\"1306644\" data-element_type=\"widget\" data-widget_type=\"heading.default\">\n\t\t\t\t<div class=\"elementor-widget-container\">\n\t\t\t<h3 class=\"elementor-heading-title elementor-size-default\">Entrevistas a candidatos<\/h3>\t\t<\/div>\n\t\t\t\t<\/div>\n\t\t\t\t<div class=\"elementor-element elementor-element-7fe1f445 elementor-widget elementor-widget-text-editor\" data-id=\"7fe1f445\" data-element_type=\"widget\" data-widget_type=\"text-editor.default\">\n\t\t\t\t<div class=\"elementor-widget-container\">\n\t\t\t\t\t\t\t<p>Una vez finalizado el proceso de \u201cheadhunting\u201d y preseleccionados los perfiles, el candidato entra en el proceso de selecci\u00f3n cl\u00e1sico.<\/p><p>Por tanto, participa en una o m\u00e1s entrevistas con el Reclutador y realiza las distintas pruebas previstas en el proceso.<\/p><p>S\u00f3lo una vez validado este paso se pasar\u00e1 al siguiente paso con el cliente.<\/p>\t\t\t\t\t\t<\/div>\n\t\t\t\t<\/div>\n\t\t\t\t\t<\/div>\n\t\t<\/div>\n\t\t\t\t\t\t\t<\/div>\n\t\t<\/section>\n\t\t\t\t<section class=\"elementor-section elementor-top-section elementor-element elementor-element-96bcdf7 elementor-section-boxed elementor-section-height-default elementor-section-height-default\" data-id=\"96bcdf7\" data-element_type=\"section\">\n\t\t\t\t\t\t<div class=\"elementor-container elementor-column-gap-wide\">\n\t\t\t\t\t<div class=\"elementor-column elementor-col-50 elementor-top-column elementor-element elementor-element-02e56d3\" data-id=\"02e56d3\" data-element_type=\"column\">\n\t\t\t<div class=\"elementor-widget-wrap elementor-element-populated\">\n\t\t\t\t\t\t\t\t<div class=\"elementor-element elementor-element-a097306 elementor-widget elementor-widget-heading\" data-id=\"a097306\" data-element_type=\"widget\" data-widget_type=\"heading.default\">\n\t\t\t\t<div class=\"elementor-widget-container\">\n\t\t\t<h3 class=\"elementor-heading-title elementor-size-default\">\u201cCaza de talentos\u201d<\/h3>\t\t<\/div>\n\t\t\t\t<\/div>\n\t\t\t\t<div class=\"elementor-element elementor-element-404f1e37 elementor-widget elementor-widget-text-editor\" data-id=\"404f1e37\" data-element_type=\"widget\" data-widget_type=\"text-editor.default\">\n\t\t\t\t<div class=\"elementor-widget-container\">\n\t\t\t\t\t\t\t<p>Cazar significa buscar talento que coincida con las especificaciones establecidas con el cliente, pero acerc\u00e1ndose a aquellos que no est\u00e1n buscando oficialmente.<\/p><p>Este es un enfoque que puede llevarse a cabo a trav\u00e9s de la red profesional de la firma o a trav\u00e9s de una base de datos interna. La herramienta principal siguen siendo las redes sociales profesionales como LinkedIn o diversas bases de datos por pa\u00edses (bibliotecas de CV).<\/p><p>Se trata de un proceso digitalizado mediante palabras clave que permite detectar perfiles, contactar con ellos e iniciar un debate sobre la oportunidad o no, en funci\u00f3n de su inter\u00e9s.<\/p>\t\t\t\t\t\t<\/div>\n\t\t\t\t<\/div>\n\t\t\t\t\t<\/div>\n\t\t<\/div>\n\t\t\t\t<div class=\"elementor-column elementor-col-50 elementor-top-column elementor-element elementor-element-b2982c4\" data-id=\"b2982c4\" data-element_type=\"column\">\n\t\t\t<div class=\"elementor-widget-wrap elementor-element-populated\">\n\t\t\t\t\t\t\t\t<div class=\"elementor-element elementor-element-46fc89a1 elementor-widget elementor-widget-heading\" data-id=\"46fc89a1\" data-element_type=\"widget\" data-widget_type=\"heading.default\">\n\t\t\t\t<div class=\"elementor-widget-container\">\n\t\t\t<h3 class=\"elementor-heading-title elementor-size-default\">B\u00fasqueda y ofertas de empleo<\/h3>\t\t<\/div>\n\t\t\t\t<\/div>\n\t\t\t\t<div class=\"elementor-element elementor-element-653f18ac elementor-widget elementor-widget-text-editor\" data-id=\"653f18ac\" data-element_type=\"widget\" data-widget_type=\"text-editor.default\">\n\t\t\t\t<div class=\"elementor-widget-container\">\n\t\t\t\t\t\t\t<p>Salvo que la empresa solicite absoluta confidencialidad respecto del proceso de selecci\u00f3n, el proceso de acercamiento directo siempre se complementa con la publicaci\u00f3n de ofertas de empleo en diversos medios.<\/p><p>\u00a0<\/p><p>Las plataformas digitales utilizadas se eligen en funci\u00f3n de su audiencia en el pa\u00eds en cuesti\u00f3n.<\/p><p>Su objetivo ser\u00e1 promocionar el puesto y sumarse a la lista de candidatos que se postulan. Estos \u00faltimos presentan un enfoque diferente y complementario.<\/p>\t\t\t\t\t\t<\/div>\n\t\t\t\t<\/div>\n\t\t\t\t\t<\/div>\n\t\t<\/div>\n\t\t\t\t\t\t\t<\/div>\n\t\t<\/section>\n\t\t\t\t<section class=\"elementor-section elementor-top-section elementor-element elementor-element-fb289a5 elementor-section-boxed elementor-section-height-default elementor-section-height-default\" data-id=\"fb289a5\" data-element_type=\"section\">\n\t\t\t\t\t\t<div class=\"elementor-container elementor-column-gap-default\">\n\t\t\t\t\t<div class=\"elementor-column elementor-col-100 elementor-top-column elementor-element elementor-element-1996a47\" data-id=\"1996a47\" data-element_type=\"column\">\n\t\t\t<div class=\"elementor-widget-wrap elementor-element-populated\">\n\t\t\t\t\t\t\t\t<div class=\"elementor-element elementor-element-6d1faa8 elementor-widget elementor-widget-heading\" data-id=\"6d1faa8\" data-element_type=\"widget\" data-widget_type=\"heading.default\">\n\t\t\t\t<div class=\"elementor-widget-container\">\n\t\t\t<h3 class=\"elementor-heading-title elementor-size-default\">El acompa\u00f1amiento final\n\n<\/h3>\t\t<\/div>\n\t\t\t\t<\/div>\n\t\t\t\t<div class=\"elementor-element elementor-element-b9f017f elementor-widget elementor-widget-text-editor\" data-id=\"b9f017f\" data-element_type=\"widget\" data-widget_type=\"text-editor.default\">\n\t\t\t\t<div class=\"elementor-widget-container\">\n\t\t\t\t\t\t\t<p>Al finalizar el proceso, el cliente recibir\u00e1 la ficha de cada candidato (CV, resumen de la entrevista e informe de prueba) antes de iniciar las entrevistas que organizamos en sus instalaciones.<\/p>\n<p>En esta etapa, el consultor permanece de apoyo y acompa\u00f1a al cliente en la elecci\u00f3n final del candidato.<\/p>\t\t\t\t\t\t<\/div>\n\t\t\t\t<\/div>\n\t\t\t\t\t<\/div>\n\t\t<\/div>\n\t\t\t\t\t\t\t<\/div>\n\t\t<\/section>\n\t\t\t\t<section class=\"elementor-section elementor-top-section elementor-element elementor-element-1fb46a8c elementor-section-boxed elementor-section-height-default elementor-section-height-default\" data-id=\"1fb46a8c\" data-element_type=\"section\">\n\t\t\t\t\t\t<div class=\"elementor-container elementor-column-gap-default\">\n\t\t\t\t\t<div class=\"elementor-column elementor-col-100 elementor-top-column elementor-element elementor-element-65c4e628\" data-id=\"65c4e628\" data-element_type=\"column\">\n\t\t\t<div class=\"elementor-widget-wrap elementor-element-populated\">\n\t\t\t\t\t\t\t\t<div class=\"elementor-element elementor-element-2d97f377 elementor-widget elementor-widget-heading\" data-id=\"2d97f377\" data-element_type=\"widget\" data-widget_type=\"heading.default\">\n\t\t\t\t<div class=\"elementor-widget-container\">\n\t\t\t<h2 class=\"elementor-heading-title elementor-size-default\">\n\u00a1La caza de talentos, una profesi\u00f3n, una experiencia!\n\n<\/h2>\t\t<\/div>\n\t\t\t\t<\/div>\n\t\t\t\t<div class=\"elementor-element elementor-element-3637bafe elementor-widget elementor-widget-text-editor\" data-id=\"3637bafe\" data-element_type=\"widget\" data-widget_type=\"text-editor.default\">\n\t\t\t\t<div class=\"elementor-widget-container\">\n\t\t\t\t\t\t\t<p>Lo que te ofrecemos en TC CONSULTING es una estructura organizada para el acercamiento directo y la contrataci\u00f3n en general. Nuestro proceso se basa en una relaci\u00f3n de confianza con la empresa y el candidato, siempre con vistas al pragmatismo y la eficiencia.<\/p><p>\u00a0<\/p><p>Para encontrar el perfil que se ajuste a tus necesidades, \u00a1cont\u00e1ctanos!<\/p><p>\u00a0<\/p><p>\u00a0<\/p>\t\t\t\t\t\t<\/div>\n\t\t\t\t<\/div>\n\t\t\t\t\t<\/div>\n\t\t<\/div>\n\t\t\t\t\t\t\t<\/div>\n\t\t<\/section>\n\t\t\t\t\t\t\t<\/div>\n\t\t","protected":false},"excerpt":{"rendered":"<p>ENFOQUE DIRECTO Y CAZA DE TALENTOS INTERNACIONAL: UN ENFOQUE ESPEC\u00cdFICO \u00bfQu\u00e9 es el acercamiento directo o headhunting? La \u201ccaza de talentos\u201d consiste en contactar con talentos que no parecen estar buscando activamente pero que pueden estar abiertos al mercado. Las principales herramientas de este enfoque son principalmente las redes sociales internacionales, como LinkedIn, que tambi\u00e9n [&hellip;]<\/p>\n","protected":false},"author":1,"featured_media":0,"parent":0,"menu_order":0,"comment_status":"closed","ping_status":"closed","template":"elementor_header_footer","meta":[],"yoast_head":"<!-- This site is optimized with the Yoast SEO plugin v19.5.1 - https:\/\/yoast.com\/wordpress\/plugins\/seo\/ -->\n<title>Chasseur de tete : du recrutement de pr\u00e9cision - TC Consulting<\/title>\n<meta name=\"description\" content=\"Le terme chasseur de tete, \u00e7a vous parle ? Descubra c\u00f3mo este profesional de la contrataci\u00f3n puede ayudarle en su b\u00fasqueda.\" \/>\n<meta name=\"robots\" content=\"index, follow, max-snippet:-1, max-image-preview:large, max-video-preview:-1\" \/>\n<link rel=\"canonical\" href=\"https:\/\/tc-consulting-rh.com\/es\/caza-de-talentos\/\" \/>\n<meta property=\"og:locale\" content=\"es_ES\" \/>\n<meta property=\"og:type\" content=\"article\" \/>\n<meta property=\"og:title\" content=\"Chasseur de tete : du recrutement de pr\u00e9cision - TC Consulting\" \/>\n<meta property=\"og:description\" content=\"Le terme chasseur de tete, \u00e7a vous parle ? Descubra c\u00f3mo este profesional de la contrataci\u00f3n puede ayudarle en su b\u00fasqueda.\" \/>\n<meta property=\"og:url\" content=\"https:\/\/tc-consulting-rh.com\/es\/caza-de-talentos\/\" \/>\n<meta property=\"og:site_name\" content=\"TC Consulting\" \/>\n<meta property=\"article:modified_time\" content=\"2024-04-25T08:59:16+00:00\" \/>\n<meta name=\"twitter:card\" content=\"summary_large_image\" \/>\n<meta name=\"twitter:label1\" content=\"Tiempo de lectura\" \/>\n\t<meta name=\"twitter:data1\" content=\"4 minutos\" \/>\n<script type=\"application\/ld+json\" class=\"yoast-schema-graph\">{\"@context\":\"https:\/\/schema.org\",\"@graph\":[{\"@type\":\"WebPage\",\"@id\":\"https:\/\/tc-consulting-rh.com\/es\/caza-de-talentos\/\",\"url\":\"https:\/\/tc-consulting-rh.com\/es\/caza-de-talentos\/\",\"name\":\"Chasseur de tete : du recrutement de pr\u00e9cision - TC Consulting\",\"isPartOf\":{\"@id\":\"https:\/\/tc-consulting-rh.com\/es\/#website\"},\"datePublished\":\"2023-08-24T09:01:01+00:00\",\"dateModified\":\"2024-04-25T08:59:16+00:00\",\"description\":\"Le terme chasseur de tete, \u00e7a vous parle ? Descubra c\u00f3mo este profesional de la contrataci\u00f3n puede ayudarle en su b\u00fasqueda.\",\"breadcrumb\":{\"@id\":\"https:\/\/tc-consulting-rh.com\/es\/caza-de-talentos\/#breadcrumb\"},\"inLanguage\":\"es\",\"potentialAction\":[{\"@type\":\"ReadAction\",\"target\":[\"https:\/\/tc-consulting-rh.com\/es\/caza-de-talentos\/\"]}]},{\"@type\":\"BreadcrumbList\",\"@id\":\"https:\/\/tc-consulting-rh.com\/es\/caza-de-talentos\/#breadcrumb\",\"itemListElement\":[{\"@type\":\"ListItem\",\"position\":1,\"name\":\"Accueil\",\"item\":\"https:\/\/tc-consulting-rh.com\/es\/\"},{\"@type\":\"ListItem\",\"position\":2,\"name\":\"CAZA DE TALENTOS\"}]},{\"@type\":\"WebSite\",\"@id\":\"https:\/\/tc-consulting-rh.com\/es\/#website\",\"url\":\"https:\/\/tc-consulting-rh.com\/es\/\",\"name\":\"TC Consulting\",\"description\":\"Cabinet de recrutement en Vend\u00e9e\",\"potentialAction\":[{\"@type\":\"SearchAction\",\"target\":{\"@type\":\"EntryPoint\",\"urlTemplate\":\"https:\/\/tc-consulting-rh.com\/es\/?s={search_term_string}\"},\"query-input\":\"required name=search_term_string\"}],\"inLanguage\":\"es\"}]}<\/script>\n<!-- \/ Yoast SEO plugin. -->","yoast_head_json":{"title":"Chasseur de tete : du recrutement de pr\u00e9cision - TC Consulting","description":"Le terme chasseur de tete, \u00e7a vous parle ? Descubra c\u00f3mo este profesional de la contrataci\u00f3n puede ayudarle en su b\u00fasqueda.","robots":{"index":"index","follow":"follow","max-snippet":"max-snippet:-1","max-image-preview":"max-image-preview:large","max-video-preview":"max-video-preview:-1"},"canonical":"https:\/\/tc-consulting-rh.com\/es\/caza-de-talentos\/","og_locale":"es_ES","og_type":"article","og_title":"Chasseur de tete : du recrutement de pr\u00e9cision - TC Consulting","og_description":"Le terme chasseur de tete, \u00e7a vous parle ? Descubra c\u00f3mo este profesional de la contrataci\u00f3n puede ayudarle en su b\u00fasqueda.","og_url":"https:\/\/tc-consulting-rh.com\/es\/caza-de-talentos\/","og_site_name":"TC Consulting","article_modified_time":"2024-04-25T08:59:16+00:00","twitter_card":"summary_large_image","twitter_misc":{"Tiempo de lectura":"4 minutos"},"schema":{"@context":"https:\/\/schema.org","@graph":[{"@type":"WebPage","@id":"https:\/\/tc-consulting-rh.com\/es\/caza-de-talentos\/","url":"https:\/\/tc-consulting-rh.com\/es\/caza-de-talentos\/","name":"Chasseur de tete : du recrutement de pr\u00e9cision - TC Consulting","isPartOf":{"@id":"https:\/\/tc-consulting-rh.com\/es\/#website"},"datePublished":"2023-08-24T09:01:01+00:00","dateModified":"2024-04-25T08:59:16+00:00","description":"Le terme chasseur de tete, \u00e7a vous parle ? Descubra c\u00f3mo este profesional de la contrataci\u00f3n puede ayudarle en su b\u00fasqueda.","breadcrumb":{"@id":"https:\/\/tc-consulting-rh.com\/es\/caza-de-talentos\/#breadcrumb"},"inLanguage":"es","potentialAction":[{"@type":"ReadAction","target":["https:\/\/tc-consulting-rh.com\/es\/caza-de-talentos\/"]}]},{"@type":"BreadcrumbList","@id":"https:\/\/tc-consulting-rh.com\/es\/caza-de-talentos\/#breadcrumb","itemListElement":[{"@type":"ListItem","position":1,"name":"Accueil","item":"https:\/\/tc-consulting-rh.com\/es\/"},{"@type":"ListItem","position":2,"name":"CAZA DE TALENTOS"}]},{"@type":"WebSite","@id":"https:\/\/tc-consulting-rh.com\/es\/#website","url":"https:\/\/tc-consulting-rh.com\/es\/","name":"TC Consulting","description":"Cabinet de recrutement en Vend\u00e9e","potentialAction":[{"@type":"SearchAction","target":{"@type":"EntryPoint","urlTemplate":"https:\/\/tc-consulting-rh.com\/es\/?s={search_term_string}"},"query-input":"required name=search_term_string"}],"inLanguage":"es"}]}},"_links":{"self":[{"href":"https:\/\/tc-consulting-rh.com\/es\/wp-json\/wp\/v2\/pages\/5266"}],"collection":[{"href":"https:\/\/tc-consulting-rh.com\/es\/wp-json\/wp\/v2\/pages"}],"about":[{"href":"https:\/\/tc-consulting-rh.com\/es\/wp-json\/wp\/v2\/types\/page"}],"author":[{"embeddable":true,"href":"https:\/\/tc-consulting-rh.com\/es\/wp-json\/wp\/v2\/users\/1"}],"replies":[{"embeddable":true,"href":"https:\/\/tc-consulting-rh.com\/es\/wp-json\/wp\/v2\/comments?post=5266"}],"version-history":[{"count":13,"href":"https:\/\/tc-consulting-rh.com\/es\/wp-json\/wp\/v2\/pages\/5266\/revisions"}],"predecessor-version":[{"id":7603,"href":"https:\/\/tc-consulting-rh.com\/es\/wp-json\/wp\/v2\/pages\/5266\/revisions\/7603"}],"wp:attachment":[{"href":"https:\/\/tc-consulting-rh.com\/es\/wp-json\/wp\/v2\/media?parent=5266"}],"curies":[{"name":"wp","href":"https:\/\/api.w.org\/{rel}","templated":true}]}}