{"id":5219,"date":"2022-07-08T09:54:43","date_gmt":"2022-07-08T08:54:43","guid":{"rendered":"https:\/\/tc-consulting-rh.com\/test-psicotecnico-de-contratacion\/"},"modified":"2024-04-25T10:00:27","modified_gmt":"2024-04-25T09:00:27","slug":"evaluacion-y-pruebas","status":"publish","type":"page","link":"https:\/\/tc-consulting-rh.com\/es\/evaluacion-y-pruebas\/","title":{"rendered":"EVALUACI\u00d3N Y PRUEBAS"},"content":{"rendered":"\t\t<div data-elementor-type=\"wp-page\" data-elementor-id=\"5219\" class=\"elementor elementor-5219 elementor-296\">\n\t\t\t\t\t\t\t\t\t<section class=\"elementor-section elementor-top-section elementor-element elementor-element-7f84acc5 elementor-section-boxed elementor-section-height-default elementor-section-height-default\" data-id=\"7f84acc5\" data-element_type=\"section\" data-settings=\"{&quot;background_background&quot;:&quot;classic&quot;}\">\n\t\t\t\t\t\t<div class=\"elementor-container elementor-column-gap-default\">\n\t\t\t\t\t<div class=\"elementor-column elementor-col-100 elementor-top-column elementor-element elementor-element-63c56e79\" data-id=\"63c56e79\" data-element_type=\"column\">\n\t\t\t<div class=\"elementor-widget-wrap elementor-element-populated\">\n\t\t\t\t\t\t\t\t<div class=\"elementor-element elementor-element-6b6d9220 elementor-widget elementor-widget-heading\" data-id=\"6b6d9220\" data-element_type=\"widget\" data-widget_type=\"heading.default\">\n\t\t\t\t<div class=\"elementor-widget-container\">\n\t\t\t<style>\/*! elementor - v3.6.6 - 08-06-2022 *\/\n.elementor-heading-title{padding:0;margin:0;line-height:1}.elementor-widget-heading .elementor-heading-title[class*=elementor-size-]>a{color:inherit;font-size:inherit;line-height:inherit}.elementor-widget-heading .elementor-heading-title.elementor-size-small{font-size:15px}.elementor-widget-heading .elementor-heading-title.elementor-size-medium{font-size:19px}.elementor-widget-heading .elementor-heading-title.elementor-size-large{font-size:29px}.elementor-widget-heading .elementor-heading-title.elementor-size-xl{font-size:39px}.elementor-widget-heading .elementor-heading-title.elementor-size-xxl{font-size:59px}<\/style><h1 class=\"elementor-heading-title elementor-size-default\">ENTREVISTAS CON LOS EMPLEADOS Y PRUEBAS PSICOT\u00c9CNICAS: UNA EVALUACI\u00d3N GLOBAL<\/h1>\t\t<\/div>\n\t\t\t\t<\/div>\n\t\t\t\t\t<\/div>\n\t\t<\/div>\n\t\t\t\t\t\t\t<\/div>\n\t\t<\/section>\n\t\t\t\t<section class=\"elementor-section elementor-top-section elementor-element elementor-element-396c35c elementor-section-content-middle elementor-section-boxed elementor-section-height-default elementor-section-height-default\" data-id=\"396c35c\" data-element_type=\"section\">\n\t\t\t\t\t\t<div class=\"elementor-container elementor-column-gap-default\">\n\t\t\t\t\t<div class=\"elementor-column elementor-col-50 elementor-top-column elementor-element elementor-element-4eea1f2\" data-id=\"4eea1f2\" data-element_type=\"column\">\n\t\t\t<div class=\"elementor-widget-wrap elementor-element-populated\">\n\t\t\t\t\t\t\t\t<div class=\"elementor-element elementor-element-a98e711 elementor-widget elementor-widget-image\" data-id=\"a98e711\" data-element_type=\"widget\" data-widget_type=\"image.default\">\n\t\t\t\t<div class=\"elementor-widget-container\">\n\t\t\t<style>\/*! elementor - v3.6.6 - 08-06-2022 *\/\n.elementor-widget-image{text-align:center}.elementor-widget-image a{display:inline-block}.elementor-widget-image a img[src$=\".svg\"]{width:48px}.elementor-widget-image img{vertical-align:middle;display:inline-block}<\/style>\t\t\t\t\t\t\t\t\t\t\t\t<img decoding=\"async\" width=\"2560\" height=\"1931\" src=\"https:\/\/tc-consulting-rh.com\/wp-content\/uploads\/2022\/10\/AdobeStock_263072946-scaled.webp\" class=\"attachment-large size-large\" alt=\"\" loading=\"lazy\" srcset=\"https:\/\/tc-consulting-rh.com\/wp-content\/uploads\/2022\/10\/AdobeStock_263072946-scaled.webp 2560w, https:\/\/tc-consulting-rh.com\/wp-content\/uploads\/2022\/10\/AdobeStock_263072946-768x579.webp 768w, https:\/\/tc-consulting-rh.com\/wp-content\/uploads\/2022\/10\/AdobeStock_263072946-1536x1159.webp 1536w, https:\/\/tc-consulting-rh.com\/wp-content\/uploads\/2022\/10\/AdobeStock_263072946-2048x1545.webp 2048w, https:\/\/tc-consulting-rh.com\/wp-content\/uploads\/2022\/10\/AdobeStock_263072946-600x453.webp 600w\" sizes=\"(max-width: 2560px) 100vw, 2560px\" \/>\t\t\t\t\t\t\t\t\t\t\t\t\t\t\t<\/div>\n\t\t\t\t<\/div>\n\t\t\t\t\t<\/div>\n\t\t<\/div>\n\t\t\t\t<div class=\"elementor-column elementor-col-50 elementor-top-column elementor-element elementor-element-ac9fe1b\" data-id=\"ac9fe1b\" data-element_type=\"column\">\n\t\t\t<div class=\"elementor-widget-wrap elementor-element-populated\">\n\t\t\t\t\t\t\t\t<div class=\"elementor-element elementor-element-843b4b3 elementor-widget elementor-widget-heading\" data-id=\"843b4b3\" data-element_type=\"widget\" data-widget_type=\"heading.default\">\n\t\t\t\t<div class=\"elementor-widget-container\">\n\t\t\t<h2 class=\"elementor-heading-title elementor-size-default\">PRUEBAS PSICOT\u00c9CNICAS<\/h2>\t\t<\/div>\n\t\t\t\t<\/div>\n\t\t\t\t<div class=\"elementor-element elementor-element-3e65ffa elementor-widget elementor-widget-text-editor\" data-id=\"3e65ffa\" data-element_type=\"widget\" data-widget_type=\"text-editor.default\">\n\t\t\t\t<div class=\"elementor-widget-container\">\n\t\t\t<style>\/*! elementor - v3.6.6 - 08-06-2022 *\/\n.elementor-widget-text-editor.elementor-drop-cap-view-stacked .elementor-drop-cap{background-color:#818a91;color:#fff}.elementor-widget-text-editor.elementor-drop-cap-view-framed .elementor-drop-cap{color:#818a91;border:3px solid;background-color:transparent}.elementor-widget-text-editor:not(.elementor-drop-cap-view-default) .elementor-drop-cap{margin-top:8px}.elementor-widget-text-editor:not(.elementor-drop-cap-view-default) .elementor-drop-cap-letter{width:1em;height:1em}.elementor-widget-text-editor .elementor-drop-cap{float:left;text-align:center;line-height:1;font-size:50px}.elementor-widget-text-editor .elementor-drop-cap-letter{display:inline-block}<\/style>\t\t\t\t<p>Las pruebas psicot\u00e9cnicas apoyan el enfoque de an\u00e1lisis de los consultores. No pretenden ofrecer una verdad absoluta sobre el candidato sino apoyar el trabajo del consultor. A veces plantean preguntas que no se tratan en el entorno t\u00edpico de una entrevista.<\/p><p>Utilizamos varios tipos de pruebas que pueden cuestionar la personalidad, la motivaci\u00f3n o las habilidades (Gesti\u00f3n, enfoque t\u00e9cnico, etc.).<\/p><p>Las pruebas se pueden realizar en varios idiomas con informe final en uno de los siguientes idiomas: ingl\u00e9s, franc\u00e9s, italiano, alem\u00e1n, portugu\u00e9s<\/p><p>Calificamos todo el proceso de \u201centrevista y prueba\u201d como \u201cevaluaci\u00f3n\u201d y consideramos en TC CONSULTING que no prescinde uno del otro para poder realizar una evaluaci\u00f3n completa.<\/p><p>Tambi\u00e9n somos muy sensibles al contexto y al ambiente en el que se recibe al candidato o empleado. Si el objetivo de los intercambios sigue siendo siempre una evaluaci\u00f3n, nos parece absolutamente esencial que el proceso sea respetuoso de las culturas de cada uno, al mismo tiempo que aut\u00e9ntico y, sobre todo, muy pragm\u00e1tico.<\/p>\t\t\t\t\t\t<\/div>\n\t\t\t\t<\/div>\n\t\t\t\t\t<\/div>\n\t\t<\/div>\n\t\t\t\t\t\t\t<\/div>\n\t\t<\/section>\n\t\t\t\t<section class=\"elementor-section elementor-top-section elementor-element elementor-element-9014f47 elementor-section-boxed elementor-section-height-default elementor-section-height-default\" data-id=\"9014f47\" data-element_type=\"section\">\n\t\t\t\t\t\t<div class=\"elementor-container elementor-column-gap-default\">\n\t\t\t\t\t<div class=\"elementor-column elementor-col-100 elementor-top-column elementor-element elementor-element-7f0fa779\" data-id=\"7f0fa779\" data-element_type=\"column\">\n\t\t\t<div class=\"elementor-widget-wrap elementor-element-populated\">\n\t\t\t\t\t\t\t\t<div class=\"elementor-element elementor-element-65f11cfc elementor-align-center elementor-widget elementor-widget-button\" data-id=\"65f11cfc\" data-element_type=\"widget\" data-widget_type=\"button.default\">\n\t\t\t\t<div class=\"elementor-widget-container\">\n\t\t\t\t\t<div class=\"elementor-button-wrapper\">\n\t\t\t<a href=\"https:\/\/tc-consulting-rh.com\/es\/contacto\/\" class=\"elementor-button-link elementor-button elementor-size-lg\" role=\"button\">\n\t\t\t\t\t\t<span class=\"elementor-button-content-wrapper\">\n\t\t\t\t\t\t<span class=\"elementor-button-text\">CONT\u00c1CTANOS<\/span>\n\t\t<\/span>\n\t\t\t\t\t<\/a>\n\t\t<\/div>\n\t\t\t\t<\/div>\n\t\t\t\t<\/div>\n\t\t\t\t<div class=\"elementor-element elementor-element-1878d02f elementor-widget elementor-widget-heading\" data-id=\"1878d02f\" data-element_type=\"widget\" data-widget_type=\"heading.default\">\n\t\t\t\t<div class=\"elementor-widget-container\">\n\t\t\t<h2 class=\"elementor-heading-title elementor-size-default\">\u00bfPOR QU\u00c9 REALIZAR UNA EVALUACI\u00d3N?<\/h2>\t\t<\/div>\n\t\t\t\t<\/div>\n\t\t\t\t<div class=\"elementor-element elementor-element-1988677b elementor-widget elementor-widget-text-editor\" data-id=\"1988677b\" data-element_type=\"widget\" data-widget_type=\"text-editor.default\">\n\t\t\t\t<div class=\"elementor-widget-container\">\n\t\t\t\t\t\t\t<p>A partir de entrevistas sobre<\/p><p>La utilidad de una evaluaci\u00f3n no se limita a situaciones de reclutamiento, tambi\u00e9n se puede aplicar a otras situaciones de recursos humanos:<\/p>\t\t\t\t\t\t<\/div>\n\t\t\t\t<\/div>\n\t\t\t\t<div class=\"elementor-element elementor-element-182b8fc elementor-icon-list--layout-traditional elementor-list-item-link-full_width elementor-widget elementor-widget-icon-list\" data-id=\"182b8fc\" data-element_type=\"widget\" data-widget_type=\"icon-list.default\">\n\t\t\t\t<div class=\"elementor-widget-container\">\n\t\t\t<link rel=\"stylesheet\" href=\"https:\/\/tc-consulting-rh.com\/wp-content\/plugins\/elementor\/assets\/css\/widget-icon-list.min.css\">\t\t<ul class=\"elementor-icon-list-items\">\n\t\t\t\t\t\t\t<li class=\"elementor-icon-list-item\">\n\t\t\t\t\t\t\t\t\t\t\t<span class=\"elementor-icon-list-icon\">\n\t\t\t\t\t\t\t<svg xmlns=\"http:\/\/www.w3.org\/2000\/svg\" xmlns:xlink=\"http:\/\/www.w3.org\/1999\/xlink\" id=\"Calque_1\" x=\"0px\" y=\"0px\" viewBox=\"0 0 447.5 500\" style=\"enable-background:new 0 0 447.5 500;\" xml:space=\"preserve\"><style type=\"text\/css\">\t.st0{fill-rule:evenodd;clip-rule:evenodd;fill:#09182F;}\t.st1{fill-rule:evenodd;clip-rule:evenodd;fill:url(#SVGID_1_);}\t.st2{fill-rule:evenodd;clip-rule:evenodd;fill:#FCFCFC;}<\/style><path class=\"st0\" d=\"M447.5,276.2c0,123.6-100.2,223.8-223.8,223.8S0,399.8,0,276.2V86.8L223.8,0l223.8,86.8V276.2L447.5,276.2z\"><\/path><linearGradient id=\"SVGID_1_\" gradientUnits=\"userSpaceOnUse\" x1=\"107.391\" y1=\"974.3352\" x2=\"382.6564\" y2=\"470.5233\" gradientTransform=\"matrix(1 0 0 1 0 -542)\">\t<stop offset=\"0\" style=\"stop-color:#00A3E0\"><\/stop>\t<stop offset=\"8.681521e-02\" style=\"stop-color:#019CD5\"><\/stop>\t<stop offset=\"0.2379\" style=\"stop-color:#0488B9\"><\/stop>\t<stop offset=\"0.4353\" style=\"stop-color:#09678A\"><\/stop>\t<stop offset=\"0.6686\" style=\"stop-color:#103B4B\"><\/stop>\t<stop offset=\"0.8449\" style=\"stop-color:#161616\"><\/stop><\/linearGradient><path class=\"st1\" d=\"M399.2,271.1c0,96.8-78.5,175.4-175.4,175.4S48.5,367.9,48.5,271.1V122.6l175.4-68l175.4,68L399.2,271.1 L399.2,271.1z\"><\/path><path class=\"st2\" d=\"M223.8,121.8L339,166.5V264c0,63.7-51.6,115.2-115.2,115.2V121.8z\"><\/path><\/svg>\t\t\t\t\t\t<\/span>\n\t\t\t\t\t\t\t\t\t\t<span class=\"elementor-icon-list-text\">Evaluar a un colaborador como parte de una evoluci\u00f3n.<\/span>\n\t\t\t\t\t\t\t\t\t<\/li>\n\t\t\t\t\t\t\t\t<li class=\"elementor-icon-list-item\">\n\t\t\t\t\t\t\t\t\t\t\t<span class=\"elementor-icon-list-icon\">\n\t\t\t\t\t\t\t<svg xmlns=\"http:\/\/www.w3.org\/2000\/svg\" xmlns:xlink=\"http:\/\/www.w3.org\/1999\/xlink\" id=\"Calque_1\" x=\"0px\" y=\"0px\" viewBox=\"0 0 447.5 500\" style=\"enable-background:new 0 0 447.5 500;\" xml:space=\"preserve\"><style type=\"text\/css\">\t.st0{fill-rule:evenodd;clip-rule:evenodd;fill:#09182F;}\t.st1{fill-rule:evenodd;clip-rule:evenodd;fill:url(#SVGID_1_);}\t.st2{fill-rule:evenodd;clip-rule:evenodd;fill:#FCFCFC;}<\/style><path class=\"st0\" d=\"M447.5,276.2c0,123.6-100.2,223.8-223.8,223.8S0,399.8,0,276.2V86.8L223.8,0l223.8,86.8V276.2L447.5,276.2z\"><\/path><linearGradient id=\"SVGID_1_\" gradientUnits=\"userSpaceOnUse\" x1=\"107.391\" y1=\"974.3352\" x2=\"382.6564\" y2=\"470.5233\" gradientTransform=\"matrix(1 0 0 1 0 -542)\">\t<stop offset=\"0\" style=\"stop-color:#00A3E0\"><\/stop>\t<stop offset=\"8.681521e-02\" style=\"stop-color:#019CD5\"><\/stop>\t<stop offset=\"0.2379\" style=\"stop-color:#0488B9\"><\/stop>\t<stop offset=\"0.4353\" style=\"stop-color:#09678A\"><\/stop>\t<stop offset=\"0.6686\" style=\"stop-color:#103B4B\"><\/stop>\t<stop offset=\"0.8449\" style=\"stop-color:#161616\"><\/stop><\/linearGradient><path class=\"st1\" d=\"M399.2,271.1c0,96.8-78.5,175.4-175.4,175.4S48.5,367.9,48.5,271.1V122.6l175.4-68l175.4,68L399.2,271.1 L399.2,271.1z\"><\/path><path class=\"st2\" d=\"M223.8,121.8L339,166.5V264c0,63.7-51.6,115.2-115.2,115.2V121.8z\"><\/path><\/svg>\t\t\t\t\t\t<\/span>\n\t\t\t\t\t\t\t\t\t\t<span class=\"elementor-icon-list-text\">Asegurar la integraci\u00f3n de un nuevo empleado<\/span>\n\t\t\t\t\t\t\t\t\t<\/li>\n\t\t\t\t\t\t\t\t<li class=\"elementor-icon-list-item\">\n\t\t\t\t\t\t\t\t\t\t\t<span class=\"elementor-icon-list-icon\">\n\t\t\t\t\t\t\t<svg xmlns=\"http:\/\/www.w3.org\/2000\/svg\" xmlns:xlink=\"http:\/\/www.w3.org\/1999\/xlink\" id=\"Calque_1\" x=\"0px\" y=\"0px\" viewBox=\"0 0 447.5 500\" style=\"enable-background:new 0 0 447.5 500;\" xml:space=\"preserve\"><style type=\"text\/css\">\t.st0{fill-rule:evenodd;clip-rule:evenodd;fill:#09182F;}\t.st1{fill-rule:evenodd;clip-rule:evenodd;fill:url(#SVGID_1_);}\t.st2{fill-rule:evenodd;clip-rule:evenodd;fill:#FCFCFC;}<\/style><path class=\"st0\" d=\"M447.5,276.2c0,123.6-100.2,223.8-223.8,223.8S0,399.8,0,276.2V86.8L223.8,0l223.8,86.8V276.2L447.5,276.2z\"><\/path><linearGradient id=\"SVGID_1_\" gradientUnits=\"userSpaceOnUse\" x1=\"107.391\" y1=\"974.3352\" x2=\"382.6564\" y2=\"470.5233\" gradientTransform=\"matrix(1 0 0 1 0 -542)\">\t<stop offset=\"0\" style=\"stop-color:#00A3E0\"><\/stop>\t<stop offset=\"8.681521e-02\" style=\"stop-color:#019CD5\"><\/stop>\t<stop offset=\"0.2379\" style=\"stop-color:#0488B9\"><\/stop>\t<stop offset=\"0.4353\" style=\"stop-color:#09678A\"><\/stop>\t<stop offset=\"0.6686\" style=\"stop-color:#103B4B\"><\/stop>\t<stop offset=\"0.8449\" style=\"stop-color:#161616\"><\/stop><\/linearGradient><path class=\"st1\" d=\"M399.2,271.1c0,96.8-78.5,175.4-175.4,175.4S48.5,367.9,48.5,271.1V122.6l175.4-68l175.4,68L399.2,271.1 L399.2,271.1z\"><\/path><path class=\"st2\" d=\"M223.8,121.8L339,166.5V264c0,63.7-51.6,115.2-115.2,115.2V121.8z\"><\/path><\/svg>\t\t\t\t\t\t<\/span>\n\t\t\t\t\t\t\t\t\t\t<span class=\"elementor-icon-list-text\">Validar una contrataci\u00f3n que hayas realizado por tu cuenta<\/span>\n\t\t\t\t\t\t\t\t\t<\/li>\n\t\t\t\t\t\t\t\t<li class=\"elementor-icon-list-item\">\n\t\t\t\t\t\t\t\t\t\t\t<span class=\"elementor-icon-list-icon\">\n\t\t\t\t\t\t\t<svg xmlns=\"http:\/\/www.w3.org\/2000\/svg\" xmlns:xlink=\"http:\/\/www.w3.org\/1999\/xlink\" id=\"Calque_1\" x=\"0px\" y=\"0px\" viewBox=\"0 0 447.5 500\" style=\"enable-background:new 0 0 447.5 500;\" xml:space=\"preserve\"><style type=\"text\/css\">\t.st0{fill-rule:evenodd;clip-rule:evenodd;fill:#09182F;}\t.st1{fill-rule:evenodd;clip-rule:evenodd;fill:url(#SVGID_1_);}\t.st2{fill-rule:evenodd;clip-rule:evenodd;fill:#FCFCFC;}<\/style><path class=\"st0\" d=\"M447.5,276.2c0,123.6-100.2,223.8-223.8,223.8S0,399.8,0,276.2V86.8L223.8,0l223.8,86.8V276.2L447.5,276.2z\"><\/path><linearGradient id=\"SVGID_1_\" gradientUnits=\"userSpaceOnUse\" x1=\"107.391\" y1=\"974.3352\" x2=\"382.6564\" y2=\"470.5233\" gradientTransform=\"matrix(1 0 0 1 0 -542)\">\t<stop offset=\"0\" style=\"stop-color:#00A3E0\"><\/stop>\t<stop offset=\"8.681521e-02\" style=\"stop-color:#019CD5\"><\/stop>\t<stop offset=\"0.2379\" style=\"stop-color:#0488B9\"><\/stop>\t<stop offset=\"0.4353\" style=\"stop-color:#09678A\"><\/stop>\t<stop offset=\"0.6686\" style=\"stop-color:#103B4B\"><\/stop>\t<stop offset=\"0.8449\" style=\"stop-color:#161616\"><\/stop><\/linearGradient><path class=\"st1\" d=\"M399.2,271.1c0,96.8-78.5,175.4-175.4,175.4S48.5,367.9,48.5,271.1V122.6l175.4-68l175.4,68L399.2,271.1 L399.2,271.1z\"><\/path><path class=\"st2\" d=\"M223.8,121.8L339,166.5V264c0,63.7-51.6,115.2-115.2,115.2V121.8z\"><\/path><\/svg>\t\t\t\t\t\t<\/span>\n\t\t\t\t\t\t\t\t\t\t<span class=\"elementor-icon-list-text\">Realizar una auditor\u00eda de un departamento de la empresa<\/span>\n\t\t\t\t\t\t\t\t\t<\/li>\n\t\t\t\t\t\t<\/ul>\n\t\t\t\t<\/div>\n\t\t\t\t<\/div>\n\t\t\t\t<div class=\"elementor-element elementor-element-c032fe6 elementor-widget elementor-widget-text-editor\" data-id=\"c032fe6\" data-element_type=\"widget\" data-widget_type=\"text-editor.default\">\n\t\t\t\t<div class=\"elementor-widget-container\">\n\t\t\t\t\t\t\t<p>En TC CONSULTING nuestros tests psicot\u00e9cnicos provienen de conocidas y reconocidas plataformas especializadas, que utilizan tests creados por psic\u00f3logos y neurocient\u00edficos y que han demostrado su eficacia.<\/p><p>Adem\u00e1s, una prueba de este tipo s\u00f3lo tiene inter\u00e9s si se integra en el marco de una evaluaci\u00f3n global. De este modo, el Consultor podr\u00e1 explicar y ponderar los resultados de la prueba con respecto a los intercambios.<\/p>\t\t\t\t\t\t<\/div>\n\t\t\t\t<\/div>\n\t\t\t\t\t<\/div>\n\t\t<\/div>\n\t\t\t\t\t\t\t<\/div>\n\t\t<\/section>\n\t\t\t\t\t\t\t<\/div>\n\t\t","protected":false},"excerpt":{"rendered":"<p>ENTREVISTAS CON LOS EMPLEADOS Y PRUEBAS PSICOT\u00c9CNICAS: UNA EVALUACI\u00d3N GLOBAL PRUEBAS PSICOT\u00c9CNICAS Las pruebas psicot\u00e9cnicas apoyan el enfoque de an\u00e1lisis de los consultores. No pretenden ofrecer una verdad absoluta sobre el candidato sino apoyar el trabajo del consultor. A veces plantean preguntas que no se tratan en el entorno t\u00edpico de una entrevista. Utilizamos varios [&hellip;]<\/p>\n","protected":false},"author":1,"featured_media":0,"parent":0,"menu_order":0,"comment_status":"closed","ping_status":"closed","template":"elementor_header_footer","meta":[],"yoast_head":"<!-- This site is optimized with the Yoast SEO plugin v19.5.1 - https:\/\/yoast.com\/wordpress\/plugins\/seo\/ -->\n<title>EVALUACI\u00d3N Y PRUEBAS - TC Consulting<\/title>\n<meta name=\"description\" content=\"TC Consulting le acompa\u00f1a en la realizaci\u00f3n de test psicot\u00e9cnicos de reclutamiento en su b\u00fasqueda de candidato.\" \/>\n<meta name=\"robots\" content=\"index, follow, max-snippet:-1, max-image-preview:large, max-video-preview:-1\" \/>\n<link rel=\"canonical\" href=\"https:\/\/tc-consulting-rh.com\/es\/evaluacion-y-pruebas\/\" \/>\n<meta property=\"og:locale\" content=\"es_ES\" \/>\n<meta property=\"og:type\" content=\"article\" \/>\n<meta property=\"og:title\" content=\"EVALUACI\u00d3N Y PRUEBAS - TC Consulting\" \/>\n<meta property=\"og:description\" content=\"TC Consulting le acompa\u00f1a en la realizaci\u00f3n de test psicot\u00e9cnicos de reclutamiento en su b\u00fasqueda de candidato.\" \/>\n<meta property=\"og:url\" content=\"https:\/\/tc-consulting-rh.com\/es\/evaluacion-y-pruebas\/\" \/>\n<meta property=\"og:site_name\" content=\"TC Consulting\" \/>\n<meta property=\"article:modified_time\" content=\"2024-04-25T09:00:27+00:00\" \/>\n<meta property=\"og:image\" content=\"https:\/\/tc-consulting-rh.com\/wp-content\/uploads\/2022\/10\/AdobeStock_263072946-scaled.webp\" \/>\n<meta name=\"twitter:card\" content=\"summary_large_image\" \/>\n<meta name=\"twitter:label1\" content=\"Tiempo de lectura\" \/>\n\t<meta name=\"twitter:data1\" content=\"2 minutos\" \/>\n<script type=\"application\/ld+json\" class=\"yoast-schema-graph\">{\"@context\":\"https:\/\/schema.org\",\"@graph\":[{\"@type\":\"WebPage\",\"@id\":\"https:\/\/tc-consulting-rh.com\/es\/evaluacion-y-pruebas\/\",\"url\":\"https:\/\/tc-consulting-rh.com\/es\/evaluacion-y-pruebas\/\",\"name\":\"EVALUACI\u00d3N Y PRUEBAS - TC Consulting\",\"isPartOf\":{\"@id\":\"https:\/\/tc-consulting-rh.com\/es\/#website\"},\"datePublished\":\"2022-07-08T08:54:43+00:00\",\"dateModified\":\"2024-04-25T09:00:27+00:00\",\"description\":\"TC Consulting le acompa\u00f1a en la realizaci\u00f3n de test psicot\u00e9cnicos de reclutamiento en su b\u00fasqueda de candidato.\",\"breadcrumb\":{\"@id\":\"https:\/\/tc-consulting-rh.com\/es\/evaluacion-y-pruebas\/#breadcrumb\"},\"inLanguage\":\"es\",\"potentialAction\":[{\"@type\":\"ReadAction\",\"target\":[\"https:\/\/tc-consulting-rh.com\/es\/evaluacion-y-pruebas\/\"]}]},{\"@type\":\"BreadcrumbList\",\"@id\":\"https:\/\/tc-consulting-rh.com\/es\/evaluacion-y-pruebas\/#breadcrumb\",\"itemListElement\":[{\"@type\":\"ListItem\",\"position\":1,\"name\":\"Accueil\",\"item\":\"https:\/\/tc-consulting-rh.com\/es\/\"},{\"@type\":\"ListItem\",\"position\":2,\"name\":\"EVALUACI\u00d3N Y PRUEBAS\"}]},{\"@type\":\"WebSite\",\"@id\":\"https:\/\/tc-consulting-rh.com\/es\/#website\",\"url\":\"https:\/\/tc-consulting-rh.com\/es\/\",\"name\":\"TC Consulting\",\"description\":\"Cabinet de recrutement en Vend\u00e9e\",\"potentialAction\":[{\"@type\":\"SearchAction\",\"target\":{\"@type\":\"EntryPoint\",\"urlTemplate\":\"https:\/\/tc-consulting-rh.com\/es\/?s={search_term_string}\"},\"query-input\":\"required name=search_term_string\"}],\"inLanguage\":\"es\"}]}<\/script>\n<!-- \/ Yoast SEO plugin. -->","yoast_head_json":{"title":"EVALUACI\u00d3N Y PRUEBAS - TC Consulting","description":"TC Consulting le acompa\u00f1a en la realizaci\u00f3n de test psicot\u00e9cnicos de reclutamiento en su b\u00fasqueda de candidato.","robots":{"index":"index","follow":"follow","max-snippet":"max-snippet:-1","max-image-preview":"max-image-preview:large","max-video-preview":"max-video-preview:-1"},"canonical":"https:\/\/tc-consulting-rh.com\/es\/evaluacion-y-pruebas\/","og_locale":"es_ES","og_type":"article","og_title":"EVALUACI\u00d3N Y PRUEBAS - TC Consulting","og_description":"TC Consulting le acompa\u00f1a en la realizaci\u00f3n de test psicot\u00e9cnicos de reclutamiento en su b\u00fasqueda de candidato.","og_url":"https:\/\/tc-consulting-rh.com\/es\/evaluacion-y-pruebas\/","og_site_name":"TC Consulting","article_modified_time":"2024-04-25T09:00:27+00:00","og_image":[{"url":"https:\/\/tc-consulting-rh.com\/wp-content\/uploads\/2022\/10\/AdobeStock_263072946-scaled.webp"}],"twitter_card":"summary_large_image","twitter_misc":{"Tiempo de lectura":"2 minutos"},"schema":{"@context":"https:\/\/schema.org","@graph":[{"@type":"WebPage","@id":"https:\/\/tc-consulting-rh.com\/es\/evaluacion-y-pruebas\/","url":"https:\/\/tc-consulting-rh.com\/es\/evaluacion-y-pruebas\/","name":"EVALUACI\u00d3N Y PRUEBAS - TC Consulting","isPartOf":{"@id":"https:\/\/tc-consulting-rh.com\/es\/#website"},"datePublished":"2022-07-08T08:54:43+00:00","dateModified":"2024-04-25T09:00:27+00:00","description":"TC Consulting le acompa\u00f1a en la realizaci\u00f3n de test psicot\u00e9cnicos de reclutamiento en su b\u00fasqueda de candidato.","breadcrumb":{"@id":"https:\/\/tc-consulting-rh.com\/es\/evaluacion-y-pruebas\/#breadcrumb"},"inLanguage":"es","potentialAction":[{"@type":"ReadAction","target":["https:\/\/tc-consulting-rh.com\/es\/evaluacion-y-pruebas\/"]}]},{"@type":"BreadcrumbList","@id":"https:\/\/tc-consulting-rh.com\/es\/evaluacion-y-pruebas\/#breadcrumb","itemListElement":[{"@type":"ListItem","position":1,"name":"Accueil","item":"https:\/\/tc-consulting-rh.com\/es\/"},{"@type":"ListItem","position":2,"name":"EVALUACI\u00d3N Y PRUEBAS"}]},{"@type":"WebSite","@id":"https:\/\/tc-consulting-rh.com\/es\/#website","url":"https:\/\/tc-consulting-rh.com\/es\/","name":"TC Consulting","description":"Cabinet de recrutement en Vend\u00e9e","potentialAction":[{"@type":"SearchAction","target":{"@type":"EntryPoint","urlTemplate":"https:\/\/tc-consulting-rh.com\/es\/?s={search_term_string}"},"query-input":"required name=search_term_string"}],"inLanguage":"es"}]}},"_links":{"self":[{"href":"https:\/\/tc-consulting-rh.com\/es\/wp-json\/wp\/v2\/pages\/5219"}],"collection":[{"href":"https:\/\/tc-consulting-rh.com\/es\/wp-json\/wp\/v2\/pages"}],"about":[{"href":"https:\/\/tc-consulting-rh.com\/es\/wp-json\/wp\/v2\/types\/page"}],"author":[{"embeddable":true,"href":"https:\/\/tc-consulting-rh.com\/es\/wp-json\/wp\/v2\/users\/1"}],"replies":[{"embeddable":true,"href":"https:\/\/tc-consulting-rh.com\/es\/wp-json\/wp\/v2\/comments?post=5219"}],"version-history":[{"count":10,"href":"https:\/\/tc-consulting-rh.com\/es\/wp-json\/wp\/v2\/pages\/5219\/revisions"}],"predecessor-version":[{"id":7612,"href":"https:\/\/tc-consulting-rh.com\/es\/wp-json\/wp\/v2\/pages\/5219\/revisions\/7612"}],"wp:attachment":[{"href":"https:\/\/tc-consulting-rh.com\/es\/wp-json\/wp\/v2\/media?parent=5219"}],"curies":[{"name":"wp","href":"https:\/\/api.w.org\/{rel}","templated":true}]}}