{"id":5201,"date":"2022-07-22T06:16:00","date_gmt":"2022-07-22T05:16:00","guid":{"rendered":"https:\/\/tc-consulting-rh.com\/nuestros-anuncios\/"},"modified":"2024-04-25T13:03:33","modified_gmt":"2024-04-25T12:03:33","slug":"nuestros-anuncios","status":"publish","type":"page","link":"https:\/\/tc-consulting-rh.com\/es\/nuestros-anuncios\/","title":{"rendered":"NUESTROS ANUNCIOS"},"content":{"rendered":"            <div class=\"wp-dp-job-content\" id=\"wp-dp-job-content-2759\">\n                <div class=\"dev-map-class-changer\">\n                    <div id=\"Job-content-2759\">\n                                    <form autocomplete=\"off\" id=\"jobsearch_job_frm_2759\">\n                                <div style=\"display:none\" id=\"job_arg2759\">\n                    <script type=\"text\/javascript\">\n                                                document.getElementById(\"job_arg2759\").innerHTML = '{\"job_short_counter\":2759,\"atts\":{\"job_cat\":\"\",\"display_per_page\":\"no\",\"featured_only\":\"no\",\"job_custom_fields_switch\":\"yes\",\"quick_apply_job\":\"off\",\"job_loc_listing\":\"city\",\"job_deadline_switch\":\"no\",\"job_filters\":\"yes\",\"job_filters_count\":\"no\",\"job_filters_sortby\":\"default\",\"job_filters_keyword\":\"no\",\"job_filters_loc\":\"yes\",\"job_filters_loc_collapse\":\"no\",\"job_filters_loc_view\":\"dropdowns\",\"job_filters_date\":\"no\",\"job_filters_date_collapse\":\"no\",\"job_filters_type\":\"yes\",\"job_filters_type_collapse\":\"no\",\"job_filters_sector\":\"no\",\"job_filters_sector_collapse\":\"no\",\"job_filters_skill\":\"no\",\"job_filters_skill_collapse\":\"no\",\"job_top_map\":\"no\",\"job_top_map_height\":\"450\",\"job_top_map_zoom\":\"8\",\"job_feat_jobs_top\":\"no\",\"num_of_feat_jobs\":\"5\",\"job_top_search_view\":\"advance\",\"top_search_title\":\"yes\",\"top_search_location\":\"no\",\"top_search_sector\":\"yes\",\"top_search_autofill\":\"yes\",\"job_elem_custom_fields\":\"\",\"job_sort_by\":\"no\",\"job_rss_feed\":\"no\",\"jobs_emp_base\":\"yes\",\"jobs_emp_base_id\":\"\",\"job_excerpt\":\"20\",\"job_order\":\"DESC\",\"job_pagination\":\"yes\",\"job_per_page\":\"15\",\"job_view\":\"view-default\",\"job_top_search\":\"\",\"job_orderby\":\"date\",\"job_type\":\"\"},\"content\":\" \",\"job_map_counter\":38379119,\"page_id\":5201,\"page_url\":\"https:\\\/\\\/tc-consulting-rh.com\\\/es\\\/nuestros-anuncios\\\/\",\"custom_fields\":[]}';\n                    <\/script>\n                <\/div>\n                <div style=\"display:none\" id=\"job_small_arg2759\">\n                    {\"job_short_counter\":2759,\"content\":\" \",\"job_map_counter\":38379119,\"page_id\":5201,\"page_url\":\"https:\\\/\\\/tc-consulting-rh.com\\\/es\\\/nuestros-anuncios\\\/\",\"custom_fields\":[]}                <\/div>\n                                        <div class=\"jobsearch-top-searchbar jobsearch-typo-wrap jobsearch-advance-search-holdr has-advance-search\">\n                            <!-- Sub Header Form -->\n                            <div class=\"jobsearch-subheader-form\">\n                                <div class=\"jobsearch-banner-search   search-loc-off\">\n                                    <ul class=\"jobsearch-jobs-topsrchul\">\n                                                                                    <li>\n                                                <div class=\"jobsearch-sugges-search\">\n                                                    <input placeholder=\"T\u00edtulo del trabajo, palabras clave o frase\"\n                                                           class=\"jobsearch-keywordsrch-inp-field\" name=\"search_title\"\n                                                           value=\"\"\n                                                           data-type=\"job\" type=\"text\">\n                                                    <span class=\"sugg-search-loader\"><\/span>\n                                                <\/div>\n                                            <\/li>\n                                                                                                                                    <li>\n                                                    <div class=\"jobsearch-select-style\">\n                                                        <select name=\"sector_cat\" class=\"selectize-select\"\n                                                                placeholder=\"Seleccionar Sector\">\n                                                            <option value=\"\">Seleccionar Sector<\/option>\n                                                            <option value=\"all\"> <\/option>\n                                                                        <option value=\"administracion-de-ventas\">Administraci\u00f3n de ventas<\/option>\n                        <option value=\"cadena-de-suministro-logistica\">Cadena de suministro - Log\u00edstica<\/option>\n                        <option value=\"calidad-y-seguridad-en-el-trabajo\">Calidad y seguridad en el trabajo<\/option>\n                        <option value=\"comercio-y-ventas\">Comercio y ventas<\/option>\n                        <option value=\"formacion\">Formaci\u00f3n<\/option>\n                        <option value=\"gestion-contabilidad-controlling\">Gesti\u00f3n - Contabilidad - Controlling<\/option>\n                        <option value=\"gestion-gestion-empresarial-y-de-operaciones-top-management\">Gesti\u00f3n gesti\u00f3n empresarial y de operaciones (top management)<\/option>\n                        <option value=\"informatica-y-si\">Inform\u00e1tica y SI<\/option>\n                        <option value=\"juridico\">Jur\u00eddico<\/option>\n                        <option value=\"marketing-y-comunicacion\">Marketing y comunicaci\u00f3n<\/option>\n                        <option value=\"oficina-de-proyectos\">Oficina de proyectos<\/option>\n                        <option value=\"produccion-metodos-industriales\">Producci\u00f3n - M\u00e9todos industriales<\/option>\n                        <option value=\"recursos-humanos\">Recursos humanos<\/option>\n                        <option value=\"relaciones-internacionales\">Relaciones Internacionales<\/option>\n                        <option value=\"responsabilidad-social-de-la-empresa\">Responsabilidad social de la empresa<\/option>\n                        <option value=\"tecnico\">T\u00e9cnico<\/option>\n                        <option value=\"transporte\">Transporte<\/option>\n                                                                    <\/select>\n                                                    <\/div>\n                                                <\/li>\n                                                                                        <div class=\"adv-search-options\">\n                                                                                        <ul>\n                                                            <li>\n                <div class=\"jobsearch-select-style\">\n                    <select name=\"job_type\" class=\"selectize-select\"\n                            placeholder=\"Tipo de contracto\">\n                        <option value=\"\">Tipo de contracto<\/option>\n                                                    <option value=\"contrato-de-voluntariado-internacional\" >Contrato de voluntariado internacional<\/option>\n                                                        <option value=\"contrato-permanente\" >Contrato permanente<\/option>\n                                                        <option value=\"practicas-o-aprendizaje\" >Pr\u00e1cticas o aprendizaje<\/option>\n                                                <\/select>\n                <\/div>\n            <\/li>\n                                                        <\/ul>\n                                        <\/div>\n                                                                                                                                    <li class=\"adv-srch-toggler\">\n                                                <a href=\"javascript:void(0);\"\n                                                   class=\"adv-srch-toggle-btn\"><span>+<\/span> Advance Search                                                <\/a>\n                                            <\/li>\n                                                                                    <li class=\"jobsearch-banner-submit\">\n                                            <input type=\"hidden\" name=\"ajax_filter\" value=\"true\">\n                                            <input id=\"jobsearch-jobadvserach-submit\" type=\"submit\" value=\"Chercher des annonces\"> <i\n                                                class=\"jobsearch-icon jobsearch-search\"><\/i>\n                                        <\/li>\n                                    <\/ul>\n                                    \n                                <\/div>\n                            <\/div>\n                            <!-- Sub Header Form -->\n                        <\/div>\n                                        <div class=\"jobsearch-row\">\n                    \n<div class=\"jobsearch-column-3 jobsearch-typo-wrap listin-filters-sidebar\">\n    <a href=\"javascript:void(0);\" class=\"close-listin-mobfiltrs\"><i class=\"fa fa-close\"><\/i><\/a>\n            <script type=\"text\/javascript\">\n            var jobsearch_sloc_country = \"\";\n            var jobsearch_sloc_state = \"\";\n            var jobsearch_sloc_city = \"\";\n            var jobsearch_is_admin = \"\";\n        <\/script>\n        \n        <div class=\"jobsearch-filter-responsive-wrap\">\n            <div class=\"jobsearch-search-filter-wrap jobsearch-search-filter-toggle \">\n                <div class=\"jobsearch-fltbox-title\"><a href=\"javascript:void(0);\"\n                                                       data-cname=\"job_loc_filter_collapse\"\n                                                       data-cval=\"open\"\n                                                       class=\"jobsearch-click-btn\">Locations<\/a>\n                <\/div>\n                    <div class=\"jobsearch-checkbox-toggle\" style=\"display: block;\">\n        <script>\n                            jQuery(document).ready(function () {\n                    if (jQuery('.filter_location_location1').length > 0) {\n                        jQuery('.filter_location_location1').trigger('change');\n                    }\n                });\n                        <\/script>\n        <ul class=\"jobsearch-row jobsearch-employer-profile-form\">\n            <li class=\"jobsearch-column-12\">\n                <label>Localizaci\u00f3n<\/label>\n                <div class=\"jobsearch-profile-select\">\n                    <select id=\"location_location1_7304997\" name=\"location_location1\" class=\"filter_location_location1 selectize-select\"  data-randid=\"7304997\" data-nextfieldelement=\"Please select R\u00e9gion\" data-nextfieldval=\"\"><option selected=\"selected\" value=\"\">Please select Localizaci\u00f3n<\/option>\n<option value=\"africa-excepto-magreb\">\u00c1frica (excepto Magreb)<\/option>\n<option value=\"america-del-norte-ee-uu-canada-mexico\">Am\u00e9rica del Norte (EE.UU., Canad\u00e1, M\u00e9xico)<\/option>\n<option value=\"america-del-sur-y-central\">Am\u00e9rica del Sur y Central<\/option>\n<option value=\"asia-es\">Asia<\/option>\n<option value=\"europa-no-ue\">Europa (no UE)<\/option>\n<option value=\"magreb-marruecos-tunez-argelia\">Magreb (Marruecos, T\u00fanez, Argelia)<\/option>\n<option value=\"oceania-es\">Ocean\u00eda<\/option>\n<option value=\"union-europea\">Uni\u00f3n Europea<\/option>\n<\/select>                <\/div>\n            <\/li>\n                    <\/ul>\n                <div class=\"onsubmit-apilocs-con\">\n            <a href=\"javascript:void(0);\" class=\"jobsearch-onsubmit-apilocs btn jobsearch-bgcolor\"\n               onclick=\"jobsearch_job_content_load(2759);\">Validar<\/a>\n        <\/div>\n    <\/div>\n                <\/div>\n        <\/div>\n        \n<\/div>\n                    <div class=\"jobsearch-column-9 jobsearch-typo-wrap\">\n                                                <div class=\"wp-jobsearch-job-content jobsearch-listing-maincon wp-jobsearch-dev-job-content\"\n                             id=\"jobsearch-data-job-content-2759\"\n                             data-id=\"2759\">\n                            <div id=\"jobsearch-loader-2759\"><\/div>\n                            <div class=\"jobsearch-job jobsearch-joblisting-classic\" id=\"jobsearch-job-2759\">\n\n\n    <ul class=\"jobsearch-row\">\n                        <li class=\"jobsearch-column-12\">\n                                        <div class=\"jobsearch-joblisting-classic-wrap\">\n                                                                            <figure>\n                                <a href=\"https:\/\/tc-consulting-rh.com\/es\/nos-annonces\/candidatura-espontanea\/\"                                    data-job-id=\"5443\"\n                                   class=\"\">\n                                    <img src=\"https:\/\/tc-consulting-rh.com\/wp-content\/uploads\/2022\/07\/logo-tc-consulting-370x265.webp\" alt=\"\">\n                                <\/a>\n                            <\/figure>\n                                                    <div class=\"jobsearch-joblisting-text\">\n                            <div class=\"jobsearch-table-layer\">\n                                <div class=\"jobsearch-table-row\">\n                                    <div class=\"jobsearch-table-cell-description\">\n                                        <div class=\"jobsearch-list-option\">\n                                            <h2 class=\"jobsearch-pst-title \"\n                                                data-job-id=\"5443\">\n                                                <a href=\"https:\/\/tc-consulting-rh.com\/es\/nos-annonces\/candidatura-espontanea\/\"                                                    title=\"CANDIDATURA ESPONT\u00c1NEA\">\n                                                    CANDIDATURA ESPONT\u00c1NEA                                                <\/a>\n                                                                                            <\/h2>\n                                                                                        <ul>\n                                                                                                   <div class=\"jobsearch-list-excerpt\">\n                                                    <p>\u00bfNo ha encontrado su felicidad en nuestros anuncios?<\/p>\n                                                   <\/div>\n                                                                                            <\/ul>\n                                            <ul>\n                                                                                            <\/ul>\n                                                                                    <\/div>\n                                    <\/div>\n                                    <div class=\"jobsearch-table-cell\">\n                                        <div class=\"jobsearch-job-userlist\">\n                                                                <div class=\"like-btn \">\n                        <a href=\"javascript:void(0);\"\n                           class=\"shortlist jobsearch-open-signin-tab jobsearch-job-like\">\n                            <i class=\"fa fa-heart-o\"><\/i>\n                        <\/a>\n                    <\/div>\n                                                                \n                                        <\/div>\n                                                <ul class=\"jobsearch-locations\">\n                                                                                            <\/ul>\n                                    <\/div>\n                                <\/div>\n                            <\/div>\n                        <\/div>\n                    <\/div>\n                <\/li>\n                    <\/ul>\n<\/div>\n                        <\/div>\n                                                                    <\/div>\n                <\/div>\n                <input type=\"hidden\" class=\"job-counter\" value=\"2759\" \/>\n            <\/form>\n            <div class=\"jobs_query\" style=\"display:none;\">{\"posts_per_page\":\"15\",\"paged\":\"\",\"post_type\":\"job\",\"post_status\":\"publish\",\"order\":\"DESC\",\"orderby\":\"meta_value_num\",\"meta_key\":\"jobsearch_field_job_publish_date\",\"fields\":\"ids\",\"meta_query\":[[{\"relation\":\"OR\",\"0\":{\"key\":\"jobsearch_field_job_filled\",\"compare\":\"NOT EXISTS\"},\"1\":[{\"key\":\"jobsearch_field_job_filled\",\"value\":\"on\",\"compare\":\"!=\"}]},{\"key\":\"jobsearch_job_employer_status\",\"value\":\"approved\",\"compare\":\"=\"}]],\"post__in\":[\"5741\",\"5652\",\"5443\",\"5367\"]}<\/div>                    <\/div>\n                <\/div>\n            <\/div>\n\n            \n","protected":false},"excerpt":{"rendered":"","protected":false},"author":1,"featured_media":0,"parent":0,"menu_order":0,"comment_status":"closed","ping_status":"closed","template":"","meta":[],"yoast_head":"<!-- This site is optimized with the Yoast SEO plugin v19.5.1 - https:\/\/yoast.com\/wordpress\/plugins\/seo\/ -->\n<title>NUESTROS ANUNCIOS - TC Consulting<\/title>\n<meta name=\"description\" content=\"Consulte todas nuestras ofertas de empleo por sector de actividad, localidad y tipo de contrato. Encontrar\u00e1 pronto un anuncio para usted.\" \/>\n<meta name=\"robots\" content=\"index, follow, max-snippet:-1, max-image-preview:large, max-video-preview:-1\" \/>\n<link rel=\"canonical\" href=\"https:\/\/tc-consulting-rh.com\/es\/nuestros-anuncios\/\" \/>\n<meta property=\"og:locale\" content=\"es_ES\" \/>\n<meta property=\"og:type\" content=\"article\" \/>\n<meta property=\"og:title\" content=\"NUESTROS ANUNCIOS - TC Consulting\" \/>\n<meta property=\"og:description\" content=\"Consulte todas nuestras ofertas de empleo por sector de actividad, localidad y tipo de contrato. Encontrar\u00e1 pronto un anuncio para usted.\" \/>\n<meta property=\"og:url\" content=\"https:\/\/tc-consulting-rh.com\/es\/nuestros-anuncios\/\" \/>\n<meta property=\"og:site_name\" content=\"TC Consulting\" \/>\n<meta property=\"article:modified_time\" content=\"2024-04-25T12:03:33+00:00\" \/>\n<meta name=\"twitter:card\" content=\"summary_large_image\" \/>\n<meta name=\"twitter:label1\" content=\"Tiempo de lectura\" \/>\n\t<meta name=\"twitter:data1\" content=\"1 minuto\" \/>\n<script type=\"application\/ld+json\" class=\"yoast-schema-graph\">{\"@context\":\"https:\/\/schema.org\",\"@graph\":[{\"@type\":\"WebPage\",\"@id\":\"https:\/\/tc-consulting-rh.com\/es\/nuestros-anuncios\/\",\"url\":\"https:\/\/tc-consulting-rh.com\/es\/nuestros-anuncios\/\",\"name\":\"NUESTROS ANUNCIOS - TC Consulting\",\"isPartOf\":{\"@id\":\"https:\/\/tc-consulting-rh.com\/es\/#website\"},\"datePublished\":\"2022-07-22T05:16:00+00:00\",\"dateModified\":\"2024-04-25T12:03:33+00:00\",\"description\":\"Consulte todas nuestras ofertas de empleo por sector de actividad, localidad y tipo de contrato. Encontrar\u00e1 pronto un anuncio para usted.\",\"breadcrumb\":{\"@id\":\"https:\/\/tc-consulting-rh.com\/es\/nuestros-anuncios\/#breadcrumb\"},\"inLanguage\":\"es\",\"potentialAction\":[{\"@type\":\"ReadAction\",\"target\":[\"https:\/\/tc-consulting-rh.com\/es\/nuestros-anuncios\/\"]}]},{\"@type\":\"BreadcrumbList\",\"@id\":\"https:\/\/tc-consulting-rh.com\/es\/nuestros-anuncios\/#breadcrumb\",\"itemListElement\":[{\"@type\":\"ListItem\",\"position\":1,\"name\":\"Accueil\",\"item\":\"https:\/\/tc-consulting-rh.com\/es\/\"},{\"@type\":\"ListItem\",\"position\":2,\"name\":\"NUESTROS ANUNCIOS\"}]},{\"@type\":\"WebSite\",\"@id\":\"https:\/\/tc-consulting-rh.com\/es\/#website\",\"url\":\"https:\/\/tc-consulting-rh.com\/es\/\",\"name\":\"TC Consulting\",\"description\":\"Cabinet de recrutement en Vend\u00e9e\",\"potentialAction\":[{\"@type\":\"SearchAction\",\"target\":{\"@type\":\"EntryPoint\",\"urlTemplate\":\"https:\/\/tc-consulting-rh.com\/es\/?s={search_term_string}\"},\"query-input\":\"required name=search_term_string\"}],\"inLanguage\":\"es\"}]}<\/script>\n<!-- \/ Yoast SEO plugin. -->","yoast_head_json":{"title":"NUESTROS ANUNCIOS - TC Consulting","description":"Consulte todas nuestras ofertas de empleo por sector de actividad, localidad y tipo de contrato. Encontrar\u00e1 pronto un anuncio para usted.","robots":{"index":"index","follow":"follow","max-snippet":"max-snippet:-1","max-image-preview":"max-image-preview:large","max-video-preview":"max-video-preview:-1"},"canonical":"https:\/\/tc-consulting-rh.com\/es\/nuestros-anuncios\/","og_locale":"es_ES","og_type":"article","og_title":"NUESTROS ANUNCIOS - TC Consulting","og_description":"Consulte todas nuestras ofertas de empleo por sector de actividad, localidad y tipo de contrato. Encontrar\u00e1 pronto un anuncio para usted.","og_url":"https:\/\/tc-consulting-rh.com\/es\/nuestros-anuncios\/","og_site_name":"TC Consulting","article_modified_time":"2024-04-25T12:03:33+00:00","twitter_card":"summary_large_image","twitter_misc":{"Tiempo de lectura":"1 minuto"},"schema":{"@context":"https:\/\/schema.org","@graph":[{"@type":"WebPage","@id":"https:\/\/tc-consulting-rh.com\/es\/nuestros-anuncios\/","url":"https:\/\/tc-consulting-rh.com\/es\/nuestros-anuncios\/","name":"NUESTROS ANUNCIOS - TC Consulting","isPartOf":{"@id":"https:\/\/tc-consulting-rh.com\/es\/#website"},"datePublished":"2022-07-22T05:16:00+00:00","dateModified":"2024-04-25T12:03:33+00:00","description":"Consulte todas nuestras ofertas de empleo por sector de actividad, localidad y tipo de contrato. Encontrar\u00e1 pronto un anuncio para usted.","breadcrumb":{"@id":"https:\/\/tc-consulting-rh.com\/es\/nuestros-anuncios\/#breadcrumb"},"inLanguage":"es","potentialAction":[{"@type":"ReadAction","target":["https:\/\/tc-consulting-rh.com\/es\/nuestros-anuncios\/"]}]},{"@type":"BreadcrumbList","@id":"https:\/\/tc-consulting-rh.com\/es\/nuestros-anuncios\/#breadcrumb","itemListElement":[{"@type":"ListItem","position":1,"name":"Accueil","item":"https:\/\/tc-consulting-rh.com\/es\/"},{"@type":"ListItem","position":2,"name":"NUESTROS ANUNCIOS"}]},{"@type":"WebSite","@id":"https:\/\/tc-consulting-rh.com\/es\/#website","url":"https:\/\/tc-consulting-rh.com\/es\/","name":"TC Consulting","description":"Cabinet de recrutement en Vend\u00e9e","potentialAction":[{"@type":"SearchAction","target":{"@type":"EntryPoint","urlTemplate":"https:\/\/tc-consulting-rh.com\/es\/?s={search_term_string}"},"query-input":"required name=search_term_string"}],"inLanguage":"es"}]}},"_links":{"self":[{"href":"https:\/\/tc-consulting-rh.com\/es\/wp-json\/wp\/v2\/pages\/5201"}],"collection":[{"href":"https:\/\/tc-consulting-rh.com\/es\/wp-json\/wp\/v2\/pages"}],"about":[{"href":"https:\/\/tc-consulting-rh.com\/es\/wp-json\/wp\/v2\/types\/page"}],"author":[{"embeddable":true,"href":"https:\/\/tc-consulting-rh.com\/es\/wp-json\/wp\/v2\/users\/1"}],"replies":[{"embeddable":true,"href":"https:\/\/tc-consulting-rh.com\/es\/wp-json\/wp\/v2\/comments?post=5201"}],"version-history":[{"count":4,"href":"https:\/\/tc-consulting-rh.com\/es\/wp-json\/wp\/v2\/pages\/5201\/revisions"}],"predecessor-version":[{"id":7697,"href":"https:\/\/tc-consulting-rh.com\/es\/wp-json\/wp\/v2\/pages\/5201\/revisions\/7697"}],"wp:attachment":[{"href":"https:\/\/tc-consulting-rh.com\/es\/wp-json\/wp\/v2\/media?parent=5201"}],"curies":[{"name":"wp","href":"https:\/\/api.w.org\/{rel}","templated":true}]}}