{"id":5195,"date":"2022-07-08T09:53:50","date_gmt":"2022-07-08T08:53:50","guid":{"rendered":"https:\/\/tc-consulting-rh.com\/contratacion-internacional\/"},"modified":"2024-04-25T10:08:30","modified_gmt":"2024-04-25T09:08:30","slug":"reclutamiento-internacional","status":"publish","type":"page","link":"https:\/\/tc-consulting-rh.com\/es\/reclutamiento-internacional\/","title":{"rendered":"RECLUTAMIENTO INTERNACIONAL"},"content":{"rendered":"\t\t<div data-elementor-type=\"wp-page\" data-elementor-id=\"5195\" class=\"elementor elementor-5195 elementor-288\">\n\t\t\t\t\t\t\t\t\t<section class=\"elementor-section elementor-top-section elementor-element elementor-element-3346753c elementor-section-boxed elementor-section-height-default elementor-section-height-default\" data-id=\"3346753c\" data-element_type=\"section\" data-settings=\"{&quot;background_background&quot;:&quot;classic&quot;}\">\n\t\t\t\t\t\t<div class=\"elementor-container elementor-column-gap-default\">\n\t\t\t\t\t<div class=\"elementor-column elementor-col-100 elementor-top-column elementor-element elementor-element-2fb2f93f\" data-id=\"2fb2f93f\" data-element_type=\"column\">\n\t\t\t<div class=\"elementor-widget-wrap elementor-element-populated\">\n\t\t\t\t\t\t\t\t<div class=\"elementor-element elementor-element-749a635 elementor-widget elementor-widget-heading\" data-id=\"749a635\" data-element_type=\"widget\" data-widget_type=\"heading.default\">\n\t\t\t\t<div class=\"elementor-widget-container\">\n\t\t\t<style>\/*! elementor - v3.6.6 - 08-06-2022 *\/\n.elementor-heading-title{padding:0;margin:0;line-height:1}.elementor-widget-heading .elementor-heading-title[class*=elementor-size-]>a{color:inherit;font-size:inherit;line-height:inherit}.elementor-widget-heading .elementor-heading-title.elementor-size-small{font-size:15px}.elementor-widget-heading .elementor-heading-title.elementor-size-medium{font-size:19px}.elementor-widget-heading .elementor-heading-title.elementor-size-large{font-size:29px}.elementor-widget-heading .elementor-heading-title.elementor-size-xl{font-size:39px}.elementor-widget-heading .elementor-heading-title.elementor-size-xxl{font-size:59px}<\/style><h1 class=\"elementor-heading-title elementor-size-default\">CONF\u00cdA EN NOSOTROS PARA TU RECLUTAMIENTO INTERNACIONAL<\/h1>\t\t<\/div>\n\t\t\t\t<\/div>\n\t\t\t\t\t<\/div>\n\t\t<\/div>\n\t\t\t\t\t\t\t<\/div>\n\t\t<\/section>\n\t\t\t\t<section class=\"elementor-section elementor-top-section elementor-element elementor-element-57df0702 elementor-section-boxed elementor-section-height-default elementor-section-height-default\" data-id=\"57df0702\" data-element_type=\"section\">\n\t\t\t\t\t\t<div class=\"elementor-container elementor-column-gap-default\">\n\t\t\t\t\t<div class=\"elementor-column elementor-col-100 elementor-top-column elementor-element elementor-element-85bb020\" data-id=\"85bb020\" data-element_type=\"column\">\n\t\t\t<div class=\"elementor-widget-wrap elementor-element-populated\">\n\t\t\t\t\t\t\t\t<section class=\"elementor-section elementor-inner-section elementor-element elementor-element-ec20db1 elementor-section-boxed elementor-section-height-default elementor-section-height-default\" data-id=\"ec20db1\" data-element_type=\"section\">\n\t\t\t\t\t\t<div class=\"elementor-container elementor-column-gap-default\">\n\t\t\t\t\t<div class=\"elementor-column elementor-col-50 elementor-inner-column elementor-element elementor-element-cc1e134\" data-id=\"cc1e134\" data-element_type=\"column\">\n\t\t\t<div class=\"elementor-widget-wrap elementor-element-populated\">\n\t\t\t\t\t\t\t\t<div class=\"elementor-element elementor-element-9a25517 elementor-widget elementor-widget-image\" data-id=\"9a25517\" data-element_type=\"widget\" data-widget_type=\"image.default\">\n\t\t\t\t<div class=\"elementor-widget-container\">\n\t\t\t<style>\/*! elementor - v3.6.6 - 08-06-2022 *\/\n.elementor-widget-image{text-align:center}.elementor-widget-image a{display:inline-block}.elementor-widget-image a img[src$=\".svg\"]{width:48px}.elementor-widget-image img{vertical-align:middle;display:inline-block}<\/style>\t\t\t\t\t\t\t\t\t\t\t\t<img decoding=\"async\" width=\"2560\" height=\"1707\" src=\"https:\/\/tc-consulting-rh.com\/wp-content\/uploads\/2022\/10\/AdobeStock_191855423-scaled.webp\" class=\"attachment-large size-large\" alt=\"\" loading=\"lazy\" srcset=\"https:\/\/tc-consulting-rh.com\/wp-content\/uploads\/2022\/10\/AdobeStock_191855423-scaled.webp 2560w, https:\/\/tc-consulting-rh.com\/wp-content\/uploads\/2022\/10\/AdobeStock_191855423-768x512.webp 768w, https:\/\/tc-consulting-rh.com\/wp-content\/uploads\/2022\/10\/AdobeStock_191855423-1536x1024.webp 1536w, https:\/\/tc-consulting-rh.com\/wp-content\/uploads\/2022\/10\/AdobeStock_191855423-2048x1366.webp 2048w, https:\/\/tc-consulting-rh.com\/wp-content\/uploads\/2022\/10\/AdobeStock_191855423-600x400.webp 600w\" sizes=\"(max-width: 2560px) 100vw, 2560px\" \/>\t\t\t\t\t\t\t\t\t\t\t\t\t\t\t<\/div>\n\t\t\t\t<\/div>\n\t\t\t\t\t<\/div>\n\t\t<\/div>\n\t\t\t\t<div class=\"elementor-column elementor-col-50 elementor-inner-column elementor-element elementor-element-aeb3ad1\" data-id=\"aeb3ad1\" data-element_type=\"column\">\n\t\t\t<div class=\"elementor-widget-wrap elementor-element-populated\">\n\t\t\t\t\t\t\t\t<div class=\"elementor-element elementor-element-5d5a9775 elementor-widget elementor-widget-text-editor\" data-id=\"5d5a9775\" data-element_type=\"widget\" data-widget_type=\"text-editor.default\">\n\t\t\t\t<div class=\"elementor-widget-container\">\n\t\t\t<style>\/*! elementor - v3.6.6 - 08-06-2022 *\/\n.elementor-widget-text-editor.elementor-drop-cap-view-stacked .elementor-drop-cap{background-color:#818a91;color:#fff}.elementor-widget-text-editor.elementor-drop-cap-view-framed .elementor-drop-cap{color:#818a91;border:3px solid;background-color:transparent}.elementor-widget-text-editor:not(.elementor-drop-cap-view-default) .elementor-drop-cap{margin-top:8px}.elementor-widget-text-editor:not(.elementor-drop-cap-view-default) .elementor-drop-cap-letter{width:1em;height:1em}.elementor-widget-text-editor .elementor-drop-cap{float:left;text-align:center;line-height:1;font-size:50px}.elementor-widget-text-editor .elementor-drop-cap-letter{display:inline-block}<\/style>\t\t\t\t<p>\u00bfTienes la ambici\u00f3n de expandirte en el extranjero? Por lo tanto, TC Consulting te apoya en la b\u00fasqueda del candidato adecuado para tus procedimientos de exportaci\u00f3n o en la b\u00fasqueda de la persona adecuada para realizar una segunda estancia en el extranjero.<\/p><p>Este proceso puede ser complicado y requiere tiempo y dedicaci\u00f3n. Por lo tanto, estamos aqu\u00ed para brindarte nuestra experiencia en reclutamiento y \u00abencontrarte\u00bb el candidato internacional ideal.<\/p><p>M\u00e1s all\u00e1 de buscar y evaluar perfiles, TC Consulting tambi\u00e9n est\u00e1 a tu lado para acompa\u00f1arte en tus elecciones, orientar tus necesidades de reclutamiento y asesorarte en funci\u00f3n de tus objetivos de recursos humanos.<\/p>\t\t\t\t\t\t<\/div>\n\t\t\t\t<\/div>\n\t\t\t\t\t<\/div>\n\t\t<\/div>\n\t\t\t\t\t\t\t<\/div>\n\t\t<\/section>\n\t\t\t\t<div class=\"elementor-element elementor-element-71e7499c elementor-widget elementor-widget-heading\" data-id=\"71e7499c\" data-element_type=\"widget\" data-widget_type=\"heading.default\">\n\t\t\t\t<div class=\"elementor-widget-container\">\n\t\t\t<h2 class=\"elementor-heading-title elementor-size-default\">Encontrar los candidatos adecuados para el reclutamiento internacional<\/h2>\t\t<\/div>\n\t\t\t\t<\/div>\n\t\t\t\t<div class=\"elementor-element elementor-element-ff59511 elementor-widget elementor-widget-text-editor\" data-id=\"ff59511\" data-element_type=\"widget\" data-widget_type=\"text-editor.default\">\n\t\t\t\t<div class=\"elementor-widget-container\">\n\t\t\t\t\t\t\t<p>Te gustar\u00eda poner en marcha una acci\u00f3n de reclutamiento local en una de tus filiales de exportaci\u00f3n. Pero te gustar\u00eda iniciar este proceso con una empresa tama\u00f1o humano con el que sea m\u00e1s f\u00e1cil entenderse, TC Consulting est\u00e1 aqu\u00ed para ayudarte en tu b\u00fasqueda de perfiles internacionales que se adapten a tus necesidades.<\/p>\n<p>Nuestro equipo est\u00e1 a tu disposici\u00f3n para apoyarte durante todo el proceso de reclutamiento. Nuestros expertos te asesoran y gu\u00edan en tu b\u00fasqueda para reclutar al candidato ideal.<\/p>\t\t\t\t\t\t<\/div>\n\t\t\t\t<\/div>\n\t\t\t\t<div class=\"elementor-element elementor-element-57a2b096 elementor-align-center elementor-widget elementor-widget-button\" data-id=\"57a2b096\" data-element_type=\"widget\" data-widget_type=\"button.default\">\n\t\t\t\t<div class=\"elementor-widget-container\">\n\t\t\t\t\t<div class=\"elementor-button-wrapper\">\n\t\t\t<a href=\"https:\/\/tc-consulting-rh.com\/es\/contacto\/\" class=\"elementor-button-link elementor-button elementor-size-lg\" role=\"button\">\n\t\t\t\t\t\t<span class=\"elementor-button-content-wrapper\">\n\t\t\t\t\t\t<span class=\"elementor-button-text\">CONT\u00c1CTANOS<\/span>\n\t\t<\/span>\n\t\t\t\t\t<\/a>\n\t\t<\/div>\n\t\t\t\t<\/div>\n\t\t\t\t<\/div>\n\t\t\t\t\t<\/div>\n\t\t<\/div>\n\t\t\t\t\t\t\t<\/div>\n\t\t<\/section>\n\t\t\t\t<section class=\"elementor-section elementor-top-section elementor-element elementor-element-1b86dfc8 elementor-section-boxed elementor-section-height-default elementor-section-height-default\" data-id=\"1b86dfc8\" data-element_type=\"section\">\n\t\t\t\t\t\t<div class=\"elementor-container elementor-column-gap-default\">\n\t\t\t\t\t<div class=\"elementor-column elementor-col-100 elementor-top-column elementor-element elementor-element-34630ff2\" data-id=\"34630ff2\" data-element_type=\"column\">\n\t\t\t<div class=\"elementor-widget-wrap elementor-element-populated\">\n\t\t\t\t\t\t\t\t<div class=\"elementor-element elementor-element-32349df5 elementor-widget elementor-widget-heading\" data-id=\"32349df5\" data-element_type=\"widget\" data-widget_type=\"heading.default\">\n\t\t\t\t<div class=\"elementor-widget-container\">\n\t\t\t<h2 class=\"elementor-heading-title elementor-size-default\">Un proceso de selecci\u00f3n adaptado a tus ambiciones<\/h2>\t\t<\/div>\n\t\t\t\t<\/div>\n\t\t\t\t<div class=\"elementor-element elementor-element-64467385 elementor-widget elementor-widget-text-editor\" data-id=\"64467385\" data-element_type=\"widget\" data-widget_type=\"text-editor.default\">\n\t\t\t\t<div class=\"elementor-widget-container\">\n\t\t\t\t\t\t\t<p>Ya sea que est\u00e9s buscando un empleado en la sede central o que resida en un pa\u00eds extranjero, tambi\u00e9n podemos ayudarte en tus esfuerzos de reclutamiento.<\/p><p>M\u00e1s que una misi\u00f3n de contrataci\u00f3n, es una verdadera misi\u00f3n de asesoramiento que estamos organizando juntos, durante la cual te ayudaremos en el reclutamiento pero tambi\u00e9n en la integraci\u00f3n del empleado en su enfoque internacional.<\/p><p>Podemos probar directamente ingl\u00e9s, espa\u00f1ol o italiano y otros idiomas gracias a nuestros socios y\/o herramientas de prueba. Pero m\u00e1s all\u00e1 del aspecto ling\u00fc\u00edstico, validaremos sobre todo la capacidad del solicitante para integrarse en este entorno internacional, ciertamente apasionante, pero tambi\u00e9n muy exigente en el aspecto profesional y personal.<\/p><p>\u00bfTienes una necesidad de contrataci\u00f3n? \u00bfTe gustar\u00eda saber m\u00e1s sobre el proceso de reclutamiento internacional? Tom\u00e9monos un tiempo para charlar. Nuestros consultores de reclutamiento \u00a0te asesorar\u00e1n de forma personalizada y adaptada a tu actividad.<\/p><p>No dudes en contactar con nosotros, estudiaremos juntos tu proyecto para garantizarte un resultado \u00f3ptimo.<\/p>\t\t\t\t\t\t<\/div>\n\t\t\t\t<\/div>\n\t\t\t\t\t<\/div>\n\t\t<\/div>\n\t\t\t\t\t\t\t<\/div>\n\t\t<\/section>\n\t\t\t\t\t\t\t<\/div>\n\t\t","protected":false},"excerpt":{"rendered":"<p>CONF\u00cdA EN NOSOTROS PARA TU RECLUTAMIENTO INTERNACIONAL \u00bfTienes la ambici\u00f3n de expandirte en el extranjero? Por lo tanto, TC Consulting te apoya en la b\u00fasqueda del candidato adecuado para tus procedimientos de exportaci\u00f3n o en la b\u00fasqueda de la persona adecuada para realizar una segunda estancia en el extranjero. Este proceso puede ser complicado y [&hellip;]<\/p>\n","protected":false},"author":1,"featured_media":0,"parent":0,"menu_order":0,"comment_status":"closed","ping_status":"closed","template":"elementor_header_footer","meta":[],"yoast_head":"<!-- This site is optimized with the Yoast SEO plugin v19.5.1 - https:\/\/yoast.com\/wordpress\/plugins\/seo\/ -->\n<title>RECLUTAMIENTO INTERNACIONAL - TC Consulting<\/title>\n<meta name=\"description\" content=\"Conf\u00ede en TC Consulting para sus necesidades de contrataci\u00f3n internacional. Nuestro equipo est\u00e1 a su disposici\u00f3n.\" \/>\n<meta name=\"robots\" content=\"index, follow, max-snippet:-1, max-image-preview:large, max-video-preview:-1\" \/>\n<link rel=\"canonical\" href=\"https:\/\/tc-consulting-rh.com\/es\/reclutamiento-internacional\/\" \/>\n<meta property=\"og:locale\" content=\"es_ES\" \/>\n<meta property=\"og:type\" content=\"article\" \/>\n<meta property=\"og:title\" content=\"RECLUTAMIENTO INTERNACIONAL - TC Consulting\" \/>\n<meta property=\"og:description\" content=\"Conf\u00ede en TC Consulting para sus necesidades de contrataci\u00f3n internacional. Nuestro equipo est\u00e1 a su disposici\u00f3n.\" \/>\n<meta property=\"og:url\" content=\"https:\/\/tc-consulting-rh.com\/es\/reclutamiento-internacional\/\" \/>\n<meta property=\"og:site_name\" content=\"TC Consulting\" \/>\n<meta property=\"article:modified_time\" content=\"2024-04-25T09:08:30+00:00\" \/>\n<meta property=\"og:image\" content=\"https:\/\/tc-consulting-rh.com\/wp-content\/uploads\/2022\/10\/AdobeStock_191855423-scaled.webp\" \/>\n<meta name=\"twitter:card\" content=\"summary_large_image\" \/>\n<meta name=\"twitter:label1\" content=\"Tiempo de lectura\" \/>\n\t<meta name=\"twitter:data1\" content=\"2 minutos\" \/>\n<script type=\"application\/ld+json\" class=\"yoast-schema-graph\">{\"@context\":\"https:\/\/schema.org\",\"@graph\":[{\"@type\":\"WebPage\",\"@id\":\"https:\/\/tc-consulting-rh.com\/es\/reclutamiento-internacional\/\",\"url\":\"https:\/\/tc-consulting-rh.com\/es\/reclutamiento-internacional\/\",\"name\":\"RECLUTAMIENTO INTERNACIONAL - TC Consulting\",\"isPartOf\":{\"@id\":\"https:\/\/tc-consulting-rh.com\/es\/#website\"},\"datePublished\":\"2022-07-08T08:53:50+00:00\",\"dateModified\":\"2024-04-25T09:08:30+00:00\",\"description\":\"Conf\u00ede en TC Consulting para sus necesidades de contrataci\u00f3n internacional. Nuestro equipo est\u00e1 a su disposici\u00f3n.\",\"breadcrumb\":{\"@id\":\"https:\/\/tc-consulting-rh.com\/es\/reclutamiento-internacional\/#breadcrumb\"},\"inLanguage\":\"es\",\"potentialAction\":[{\"@type\":\"ReadAction\",\"target\":[\"https:\/\/tc-consulting-rh.com\/es\/reclutamiento-internacional\/\"]}]},{\"@type\":\"BreadcrumbList\",\"@id\":\"https:\/\/tc-consulting-rh.com\/es\/reclutamiento-internacional\/#breadcrumb\",\"itemListElement\":[{\"@type\":\"ListItem\",\"position\":1,\"name\":\"Accueil\",\"item\":\"https:\/\/tc-consulting-rh.com\/es\/\"},{\"@type\":\"ListItem\",\"position\":2,\"name\":\"RECLUTAMIENTO INTERNACIONAL\"}]},{\"@type\":\"WebSite\",\"@id\":\"https:\/\/tc-consulting-rh.com\/es\/#website\",\"url\":\"https:\/\/tc-consulting-rh.com\/es\/\",\"name\":\"TC Consulting\",\"description\":\"Cabinet de recrutement en Vend\u00e9e\",\"potentialAction\":[{\"@type\":\"SearchAction\",\"target\":{\"@type\":\"EntryPoint\",\"urlTemplate\":\"https:\/\/tc-consulting-rh.com\/es\/?s={search_term_string}\"},\"query-input\":\"required name=search_term_string\"}],\"inLanguage\":\"es\"}]}<\/script>\n<!-- \/ Yoast SEO plugin. -->","yoast_head_json":{"title":"RECLUTAMIENTO INTERNACIONAL - TC Consulting","description":"Conf\u00ede en TC Consulting para sus necesidades de contrataci\u00f3n internacional. Nuestro equipo est\u00e1 a su disposici\u00f3n.","robots":{"index":"index","follow":"follow","max-snippet":"max-snippet:-1","max-image-preview":"max-image-preview:large","max-video-preview":"max-video-preview:-1"},"canonical":"https:\/\/tc-consulting-rh.com\/es\/reclutamiento-internacional\/","og_locale":"es_ES","og_type":"article","og_title":"RECLUTAMIENTO INTERNACIONAL - TC Consulting","og_description":"Conf\u00ede en TC Consulting para sus necesidades de contrataci\u00f3n internacional. Nuestro equipo est\u00e1 a su disposici\u00f3n.","og_url":"https:\/\/tc-consulting-rh.com\/es\/reclutamiento-internacional\/","og_site_name":"TC Consulting","article_modified_time":"2024-04-25T09:08:30+00:00","og_image":[{"url":"https:\/\/tc-consulting-rh.com\/wp-content\/uploads\/2022\/10\/AdobeStock_191855423-scaled.webp"}],"twitter_card":"summary_large_image","twitter_misc":{"Tiempo de lectura":"2 minutos"},"schema":{"@context":"https:\/\/schema.org","@graph":[{"@type":"WebPage","@id":"https:\/\/tc-consulting-rh.com\/es\/reclutamiento-internacional\/","url":"https:\/\/tc-consulting-rh.com\/es\/reclutamiento-internacional\/","name":"RECLUTAMIENTO INTERNACIONAL - TC Consulting","isPartOf":{"@id":"https:\/\/tc-consulting-rh.com\/es\/#website"},"datePublished":"2022-07-08T08:53:50+00:00","dateModified":"2024-04-25T09:08:30+00:00","description":"Conf\u00ede en TC Consulting para sus necesidades de contrataci\u00f3n internacional. Nuestro equipo est\u00e1 a su disposici\u00f3n.","breadcrumb":{"@id":"https:\/\/tc-consulting-rh.com\/es\/reclutamiento-internacional\/#breadcrumb"},"inLanguage":"es","potentialAction":[{"@type":"ReadAction","target":["https:\/\/tc-consulting-rh.com\/es\/reclutamiento-internacional\/"]}]},{"@type":"BreadcrumbList","@id":"https:\/\/tc-consulting-rh.com\/es\/reclutamiento-internacional\/#breadcrumb","itemListElement":[{"@type":"ListItem","position":1,"name":"Accueil","item":"https:\/\/tc-consulting-rh.com\/es\/"},{"@type":"ListItem","position":2,"name":"RECLUTAMIENTO INTERNACIONAL"}]},{"@type":"WebSite","@id":"https:\/\/tc-consulting-rh.com\/es\/#website","url":"https:\/\/tc-consulting-rh.com\/es\/","name":"TC Consulting","description":"Cabinet de recrutement en Vend\u00e9e","potentialAction":[{"@type":"SearchAction","target":{"@type":"EntryPoint","urlTemplate":"https:\/\/tc-consulting-rh.com\/es\/?s={search_term_string}"},"query-input":"required name=search_term_string"}],"inLanguage":"es"}]}},"_links":{"self":[{"href":"https:\/\/tc-consulting-rh.com\/es\/wp-json\/wp\/v2\/pages\/5195"}],"collection":[{"href":"https:\/\/tc-consulting-rh.com\/es\/wp-json\/wp\/v2\/pages"}],"about":[{"href":"https:\/\/tc-consulting-rh.com\/es\/wp-json\/wp\/v2\/types\/page"}],"author":[{"embeddable":true,"href":"https:\/\/tc-consulting-rh.com\/es\/wp-json\/wp\/v2\/users\/1"}],"replies":[{"embeddable":true,"href":"https:\/\/tc-consulting-rh.com\/es\/wp-json\/wp\/v2\/comments?post=5195"}],"version-history":[{"count":16,"href":"https:\/\/tc-consulting-rh.com\/es\/wp-json\/wp\/v2\/pages\/5195\/revisions"}],"predecessor-version":[{"id":7634,"href":"https:\/\/tc-consulting-rh.com\/es\/wp-json\/wp\/v2\/pages\/5195\/revisions\/7634"}],"wp:attachment":[{"href":"https:\/\/tc-consulting-rh.com\/es\/wp-json\/wp\/v2\/media?parent=5195"}],"curies":[{"name":"wp","href":"https:\/\/api.w.org\/{rel}","templated":true}]}}